{"id":713366,"date":"2025-08-27T17:06:45","date_gmt":"2025-08-27T14:06:45","guid":{"rendered":"https:\/\/roveyayinevi.com.tr\/index.php\/urun\/incinmis-ruhlara-sifa\/"},"modified":"2026-04-16T02:21:48","modified_gmt":"2026-04-15T23:21:48","slug":"incinmis-ruhlara-sifa","status":"publish","type":"product","link":"https:\/\/roveyayinevi.com.tr\/index.php\/urun\/incinmis-ruhlara-sifa\/","title":{"rendered":"\u0130ncinmi\u015f Ruhlara \u015eifa"},"content":{"rendered":"<p>D\u00fcnya, anne babalar\u0131m\u0131z\u0131n bizim ya\u015flar\u0131m\u0131zdayken ya\u015fad\u0131\u011f\u0131 d\u00fcnya de\u011fil, 10-15 y\u0131l \u00f6nceki d\u00fcnya bile de\u011fil. Her \u015fey h\u0131zla de\u011fi\u015fiyor ve biz en \u00e7ok bedenimizin maruz kald\u0131\u011f\u0131 sorunlar\u0131 biliyoruz \u00e7\u00fcnk\u00fc en g\u00f6r\u00fcn\u00fcr olanlar onlar. Oysa art\u0131k dijital \u00e7a\u011fday\u0131z, bilgisayarlar, cep telefonlar\u0131 adeta v\u00fccudumuzun bir par\u00e7as\u0131. Sosyal medyan\u0131n ve medyan\u0131n hem kendimiz hem de uzak yak\u0131n ili\u015fkilerimiz \u00fczerinde muazzam bir etkisi var. D\u00fcnya de\u011fi\u015fti. Ruhumuz bu de\u011fi\u015fimden en \u00e7ok etkilenen en hassas yan\u0131m\u0131z fakat ayn\u0131 zamanda en az fark etti\u011fimiz, en \u00f6rt\u00fck olan, kolayca ihmal ediverdi\u011fimiz par\u00e7am\u0131z. Di\u015fimizdeki bir k\u00fc\u00e7\u00fck \u00e7\u00fcr\u00fck ba\u015flang\u0131c\u0131 bile bizi her \u015feyi b\u0131rak\u0131p doktora ko\u015facak hale getirirken, ruhumuz i\u00e7in ayn\u0131 \u00e7abay\u0131 harcam\u0131yoruz. Oysa ruhumuz bizim insanl\u0131\u011f\u0131m\u0131z. \u00d6fkemiz, sevgimiz, d\u00fcrt\u00fclerimiz, mant\u0131\u011f\u0131m\u0131z, i\u00e7g\u00fcd\u00fclerimiz onlara kulak vermemizi, anlamam\u0131z\u0131 ve ona g\u00f6re ya\u015famam\u0131z\u0131 istiyor. Bu kitapta, ruh sa\u011fl\u0131\u011f\u0131yla ilgili merak etti\u011finiz her \u015feyi bulacaks\u0131n\u0131z. \u0130\u00e7inizdeki incinmi\u015f ruhu ke\u015ffedin ve ona yard\u0131m edin! <\/p>\n","protected":false},"excerpt":{"rendered":"<p>D\u00fcnya, anne babalar\u0131m\u0131z\u0131n bizim ya\u015flar\u0131m\u0131zdayken ya\u015fad\u0131\u011f\u0131 d\u00fcnya de\u011fil, 10-15 y\u0131l \u00f6nceki d\u00fcnya bile de\u011fil. Her \u015fey h\u0131zla de\u011fi\u015fiyor ve biz en \u00e7ok bedenimizin maruz kald\u0131\u011f\u0131 sorunlar\u0131<span class=\"excerpt-hellip\"> [\u2026]<\/span><\/p>\n","protected":false},"featured_media":0,"template":"","meta":{"_monsterinsights_skip_tracking":false,"_monsterinsights_sitenote_active":false,"_monsterinsights_sitenote_note":"","_monsterinsights_sitenote_category":0},"product_brand":[],"product_cat":[12358,12357],"product_tag":[],"class_list":{"0":"post-713366","1":"product","2":"type-product","3":"status-publish","5":"product_cat-genel-psikoloji","6":"product_cat-psikoloji","7":"pa_cilt-ciltsiz","8":"pa_tur-kitap","9":"pa_yayinevi-hayykitap","10":"pa_yazar-zeynep-akinci-pinar","12":"first","13":"instock","14":"sale","15":"shipping-taxable","16":"purchasable","17":"product-type-simple"},"_links":{"self":[{"href":"https:\/\/roveyayinevi.com.tr\/index.php\/wp-json\/wp\/v2\/product\/713366","targetHints":{"allow":["GET"]}}],"collection":[{"href":"https:\/\/roveyayinevi.com.tr\/index.php\/wp-json\/wp\/v2\/product"}],"about":[{"href":"https:\/\/roveyayinevi.com.tr\/index.php\/wp-json\/wp\/v2\/types\/product"}],"wp:attachment":[{"href":"https:\/\/roveyayinevi.com.tr\/index.php\/wp-json\/wp\/v2\/media?parent=713366"}],"wp:term":[{"taxonomy":"product_brand","embeddable":true,"href":"https:\/\/roveyayinevi.com.tr\/index.php\/wp-json\/wp\/v2\/product_brand?post=713366"},{"taxonomy":"product_cat","embeddable":true,"href":"https:\/\/roveyayinevi.com.tr\/index.php\/wp-json\/wp\/v2\/product_cat?post=713366"},{"taxonomy":"product_tag","embeddable":true,"href":"https:\/\/roveyayinevi.com.tr\/index.php\/wp-json\/wp\/v2\/product_tag?post=713366"}],"curies":[{"name":"wp","href":"https:\/\/api.w.org\/{rel}","templated":true}]}}