{"id":713365,"date":"2025-08-27T17:06:45","date_gmt":"2025-08-27T14:06:45","guid":{"rendered":"https:\/\/roveyayinevi.com.tr\/index.php\/urun\/kadin-sonsuz-cografya\/"},"modified":"2026-04-16T02:21:48","modified_gmt":"2026-04-15T23:21:48","slug":"kadin-sonsuz-cografya","status":"publish","type":"product","link":"https:\/\/roveyayinevi.com.tr\/index.php\/urun\/kadin-sonsuz-cografya\/","title":{"rendered":"Kad\u0131n: Sonsuz Co\u011frafya"},"content":{"rendered":"<p>&#8220;Bu kitap kad\u0131n bedenine; onun anatomisine, kimyas\u0131na, evrimine ve kahkahas\u0131na bir \u00f6vgu\u0308du\u0308r. Biyolojik determinizmin bata\u011f\u0131na du\u0308\u015fmeden di\u015fi olman\u0131n biyolojisi hakk\u0131nda du\u0308\u015fu\u0308nmenin bir yolunu bulmaya u\u011fra\u015ft\u0131\u011f\u0131m \u015fahsi bir kitapt\u0131r. Geleneksel olarak kad\u0131n imgesiyle ba\u011fda\u015ft\u0131rd\u0131\u011f\u0131m\u0131z \u015feyler; rahim, yumurta, g\u00f6\u011fu\u0308s, kan, her \u015feye kadir klitoris ve ba\u011fda\u015ft\u0131rmad\u0131\u011f\u0131m\u0131z \u015feyler; hareket, gu\u0308\u00e7, sald\u0131rganl\u0131k ve \u00f6fke hakk\u0131nda bir kitapt\u0131r.&#8221; Gazetecilik alan\u0131nda Pulitzer \u00f6d\u00fcll\u00fc pop\u00fcler bilim yazar\u0131 Natalie Angier, biyolojinin birikimini kullanarak hurafeler ve muammalarla dolu kad\u0131n bedeninin haritas\u0131n\u0131 \u00e7\u0131karmak i\u00e7in yola \u00e7\u0131k\u0131yor. Kad\u0131n anatomisinin ve fizyolojisinin her detay\u0131 \u00fczerinde durarak organlardan orgazma, hormonlardan anne s\u00fct\u00fcne, menstr\u00fcasyondan menopoza kad\u0131nlar\u0131 ilgilendiren her konuyu ayd\u0131nlatmaya \u00e7al\u0131\u015f\u0131yor. Kad\u0131nl\u0131\u011f\u0131n halleri konusunda yayg\u0131n kli\u015feleri \u00e7\u00fcr\u00fctt\u00fc\u011f\u00fc bir bak\u0131\u015f a\u00e7\u0131s\u0131 ortaya koyuyor Angier: Kad\u0131n\u0131n ne oldu\u011fu ve ne olmad\u0131\u011f\u0131yla ilgili bilinenleri test ettik\u00e7e, d\u00fc\u015f\u00fcncelerimizin kal\u0131plar\u0131 s\u00f6k\u00fcl\u00fcyor. Sadece toplumsal yarg\u0131lar\u0131 de\u011fil, evrimsel psikoloji alan\u0131nda olu\u015fturulmu\u015f kabulleri de elekten ge\u00e7iriyor. Bug\u00fcne kadar kad\u0131n do\u011fas\u0131 olarak g\u00f6sterilenlerin asl\u0131nda ne olabilece\u011fini tart\u0131\u015fmaya a\u00e7\u0131yor. Biyolojinin kim oldu\u011fumuzu nas\u0131l belirledi\u011fini, kad\u0131n olsun erkek olsun bizi nas\u0131l \u015fekillendirdi\u011fini merak eden herkes i\u00e7in. <\/p>\n","protected":false},"excerpt":{"rendered":"<p>&#8220;Bu kitap kad\u0131n bedenine; onun anatomisine, kimyas\u0131na, evrimine ve kahkahas\u0131na bir \u00f6vgu\u0308du\u0308r. Biyolojik determinizmin bata\u011f\u0131na du\u0308\u015fmeden di\u015fi olman\u0131n biyolojisi hakk\u0131nda du\u0308\u015fu\u0308nmenin bir yolunu bulmaya u\u011fra\u015ft\u0131\u011f\u0131m \u015fahsi<span class=\"excerpt-hellip\"> [\u2026]<\/span><\/p>\n","protected":false},"featured_media":0,"template":"","meta":{"_monsterinsights_skip_tracking":false,"_monsterinsights_sitenote_active":false,"_monsterinsights_sitenote_note":"","_monsterinsights_sitenote_category":0},"product_brand":[],"product_cat":[14741,13488],"product_tag":[],"class_list":{"0":"post-713365","1":"product","2":"type-product","3":"status-publish","5":"product_cat-kadin-sorunlari-feminizm","6":"product_cat-toplum-ve-insan","7":"pa_cilt-ciltsiz","8":"pa_tur-kitap","9":"pa_yayinevi-kolektif-kitap","10":"pa_yazar-natalie-angier","12":"first","13":"instock","14":"sale","15":"shipping-taxable","16":"purchasable","17":"product-type-simple"},"_links":{"self":[{"href":"https:\/\/roveyayinevi.com.tr\/index.php\/wp-json\/wp\/v2\/product\/713365","targetHints":{"allow":["GET"]}}],"collection":[{"href":"https:\/\/roveyayinevi.com.tr\/index.php\/wp-json\/wp\/v2\/product"}],"about":[{"href":"https:\/\/roveyayinevi.com.tr\/index.php\/wp-json\/wp\/v2\/types\/product"}],"wp:attachment":[{"href":"https:\/\/roveyayinevi.com.tr\/index.php\/wp-json\/wp\/v2\/media?parent=713365"}],"wp:term":[{"taxonomy":"product_brand","embeddable":true,"href":"https:\/\/roveyayinevi.com.tr\/index.php\/wp-json\/wp\/v2\/product_brand?post=713365"},{"taxonomy":"product_cat","embeddable":true,"href":"https:\/\/roveyayinevi.com.tr\/index.php\/wp-json\/wp\/v2\/product_cat?post=713365"},{"taxonomy":"product_tag","embeddable":true,"href":"https:\/\/roveyayinevi.com.tr\/index.php\/wp-json\/wp\/v2\/product_tag?post=713365"}],"curies":[{"name":"wp","href":"https:\/\/api.w.org\/{rel}","templated":true}]}}