{"id":713362,"date":"2025-08-27T17:06:43","date_gmt":"2025-08-27T14:06:43","guid":{"rendered":"https:\/\/roveyayinevi.com.tr\/index.php\/urun\/endiseli-alis-benzemez-kimse-sana\/"},"modified":"2026-04-16T02:21:48","modified_gmt":"2026-04-15T23:21:48","slug":"endiseli-alis-benzemez-kimse-sana","status":"publish","type":"product","link":"https:\/\/roveyayinevi.com.tr\/index.php\/urun\/endiseli-alis-benzemez-kimse-sana\/","title":{"rendered":"Endi\u015feli Ali\u015f &#8211; Benzemez Kimse Sana"},"content":{"rendered":"<p>Ali\u015f her zaman biraz endi\u015feli. Hatta biraz de\u011fil, \u00e7ok endi\u015feli. Okula ge\u00e7 kalmamak i\u00e7in \u00e7antas\u0131n\u0131 geceden haz\u0131rlar. A\u011fz\u0131 yanmas\u0131n diye \u00e7orbay\u0131 en az iki kez \u00fcfler, \u00e7\u00fcr\u00fcmemesi i\u00e7in di\u015flerini mutlaka iki dakika f\u0131r\u00e7alar.  Ali\u015f\u2019in kalbi bug\u00fcn daha bir h\u0131zl\u0131 at\u0131yor sanki. \u00c7\u00fcnk\u00fc yar\u0131n do\u011fum g\u00fcn\u00fc. Ya ailesi pastay\u0131 almay\u0131 unutursa? Ya yar\u0131n hasta olursa?Ya kimse partiye gelmezse? Benzemez Kimse Bana serisinin bu kitab\u0131n\u0131 sadece endi\u015feliler de\u011fil herkes sevecek. <\/p>\n","protected":false},"excerpt":{"rendered":"<p>Ali\u015f her zaman biraz endi\u015feli. Hatta biraz de\u011fil, \u00e7ok endi\u015feli. Okula ge\u00e7 kalmamak i\u00e7in \u00e7antas\u0131n\u0131 geceden haz\u0131rlar. A\u011fz\u0131 yanmas\u0131n diye \u00e7orbay\u0131 en az iki kez \u00fcfler,<span class=\"excerpt-hellip\"> [\u2026]<\/span><\/p>\n","protected":false},"featured_media":0,"template":"","meta":{"_monsterinsights_skip_tracking":false,"_monsterinsights_sitenote_active":false,"_monsterinsights_sitenote_note":"","_monsterinsights_sitenote_category":0},"product_brand":[],"product_cat":[12274,12284],"product_tag":[],"class_list":{"0":"post-713362","1":"product","2":"type-product","3":"status-publish","5":"product_cat-cocuk-ve-genclik-kitaplari","6":"product_cat-hikayeler","7":"pa_cilt-ciltsiz","8":"pa_tur-kitap","9":"pa_yayinevi-cinar-yayinlari","10":"pa_yazar-alkim-ozalp","12":"first","13":"instock","14":"sale","15":"shipping-taxable","16":"purchasable","17":"product-type-simple"},"_links":{"self":[{"href":"https:\/\/roveyayinevi.com.tr\/index.php\/wp-json\/wp\/v2\/product\/713362","targetHints":{"allow":["GET"]}}],"collection":[{"href":"https:\/\/roveyayinevi.com.tr\/index.php\/wp-json\/wp\/v2\/product"}],"about":[{"href":"https:\/\/roveyayinevi.com.tr\/index.php\/wp-json\/wp\/v2\/types\/product"}],"wp:attachment":[{"href":"https:\/\/roveyayinevi.com.tr\/index.php\/wp-json\/wp\/v2\/media?parent=713362"}],"wp:term":[{"taxonomy":"product_brand","embeddable":true,"href":"https:\/\/roveyayinevi.com.tr\/index.php\/wp-json\/wp\/v2\/product_brand?post=713362"},{"taxonomy":"product_cat","embeddable":true,"href":"https:\/\/roveyayinevi.com.tr\/index.php\/wp-json\/wp\/v2\/product_cat?post=713362"},{"taxonomy":"product_tag","embeddable":true,"href":"https:\/\/roveyayinevi.com.tr\/index.php\/wp-json\/wp\/v2\/product_tag?post=713362"}],"curies":[{"name":"wp","href":"https:\/\/api.w.org\/{rel}","templated":true}]}}