{"id":713358,"date":"2025-08-27T17:06:41","date_gmt":"2025-08-27T14:06:41","guid":{"rendered":"https:\/\/roveyayinevi.com.tr\/index.php\/urun\/sonradan-gorme\/"},"modified":"2026-04-16T02:21:48","modified_gmt":"2026-04-15T23:21:48","slug":"sonradan-gorme","status":"publish","type":"product","link":"https:\/\/roveyayinevi.com.tr\/index.php\/urun\/sonradan-gorme\/","title":{"rendered":"Sonradan G\u00f6rme"},"content":{"rendered":"<p>\u201cSinemaya gittim, eski bir dostun kap\u0131s\u0131n\u0131 \u00e7alar gibi. Onlar\u0131 g\u00f6rd\u00fcm, onlarla birlikte ya\u015fland\u0131m ve buna nedense \u00fcz\u00fclmedim. \u0130nsan ya\u015fland\u0131\u011f\u0131na sevinir mi? Belki yaln\u0131zca onlarda \u015fiddeti g\u00f6rmedi\u011fim, ya\u015famad\u0131\u011f\u0131m i\u00e7in sevindim. (\u2026) Film, hayattan daha g\u00fczel diyemem, ama zaman zaman hayat\u0131n yerine, hatta \u00f6n\u00fcne ge\u00e7ebiliyor. Yine de ben belirsizlik yerine klasik de olsa duygular\u0131n eskisi gibi ya\u015fand\u0131\u011f\u0131 hayatlar\u0131 s\u00fcrmeyi, filmleri g\u00f6rmeyi arzuluyorum, sonu mutlu da bitse, mutsuz da!\u201dHaydar Erg\u00fclen \u201cSonradan G\u00f6rd\u00fc\u011f\u00fc\u201d sinemaya y\u00f6nelik yaz\u0131lar\u0131nda Yusuf At\u0131lgan\u2019\u0131n \u201cSinemadan \u00e7\u0131km\u0131\u015f insan\u201d\u0131n\u0131 hat\u0131rlat\u0131yor. \u201cG\u00f6rd\u00fc\u011f\u00fc film ona bir\u015feyler yapm\u0131\u015f\u201d, sineman\u0131n \u015fiirine, \u015fiirsel y\u00f6netmenlerine kap\u0131l\u0131p kalemi eline alm\u0131\u015f\u2026 <\/p>\n","protected":false},"excerpt":{"rendered":"<p>\u201cSinemaya gittim, eski bir dostun kap\u0131s\u0131n\u0131 \u00e7alar gibi. Onlar\u0131 g\u00f6rd\u00fcm, onlarla birlikte ya\u015fland\u0131m ve buna nedense \u00fcz\u00fclmedim. \u0130nsan ya\u015fland\u0131\u011f\u0131na sevinir mi? Belki yaln\u0131zca onlarda \u015fiddeti g\u00f6rmedi\u011fim,<span class=\"excerpt-hellip\"> [\u2026]<\/span><\/p>\n","protected":false},"featured_media":0,"template":"","meta":{"_monsterinsights_skip_tracking":false,"_monsterinsights_sitenote_active":false,"_monsterinsights_sitenote_note":"","_monsterinsights_sitenote_category":0},"product_brand":[],"product_cat":[12291,12509],"product_tag":[],"class_list":{"0":"post-713358","1":"product","2":"type-product","3":"status-publish","5":"product_cat-edebiyat","6":"product_cat-siir","7":"pa_cilt-ciltsiz","8":"pa_tur-kitap","9":"pa_yayinevi-kirmizi-kedi-yayinevi","10":"pa_yazar-haydar-ergulen","12":"first","13":"instock","14":"sale","15":"shipping-taxable","16":"purchasable","17":"product-type-simple"},"_links":{"self":[{"href":"https:\/\/roveyayinevi.com.tr\/index.php\/wp-json\/wp\/v2\/product\/713358","targetHints":{"allow":["GET"]}}],"collection":[{"href":"https:\/\/roveyayinevi.com.tr\/index.php\/wp-json\/wp\/v2\/product"}],"about":[{"href":"https:\/\/roveyayinevi.com.tr\/index.php\/wp-json\/wp\/v2\/types\/product"}],"wp:attachment":[{"href":"https:\/\/roveyayinevi.com.tr\/index.php\/wp-json\/wp\/v2\/media?parent=713358"}],"wp:term":[{"taxonomy":"product_brand","embeddable":true,"href":"https:\/\/roveyayinevi.com.tr\/index.php\/wp-json\/wp\/v2\/product_brand?post=713358"},{"taxonomy":"product_cat","embeddable":true,"href":"https:\/\/roveyayinevi.com.tr\/index.php\/wp-json\/wp\/v2\/product_cat?post=713358"},{"taxonomy":"product_tag","embeddable":true,"href":"https:\/\/roveyayinevi.com.tr\/index.php\/wp-json\/wp\/v2\/product_tag?post=713358"}],"curies":[{"name":"wp","href":"https:\/\/api.w.org\/{rel}","templated":true}]}}