{"id":713357,"date":"2025-08-27T17:06:40","date_gmt":"2025-08-27T14:06:40","guid":{"rendered":"https:\/\/roveyayinevi.com.tr\/index.php\/urun\/cizgilerle-mesneviden-hikayeler-denizden-korkan-adam\/"},"modified":"2026-04-16T02:21:48","modified_gmt":"2026-04-15T23:21:48","slug":"cizgilerle-mesneviden-hikayeler-denizden-korkan-adam","status":"publish","type":"product","link":"https:\/\/roveyayinevi.com.tr\/index.php\/urun\/cizgilerle-mesneviden-hikayeler-denizden-korkan-adam\/","title":{"rendered":"\u00c7izgilerle Mesneviden Hikayeler &#8211; Denizden Korkan Adam"},"content":{"rendered":"<p>Sevgili \u00c7ocuklar; Bu kitap, en tan\u0131nm\u0131\u015f eseri Mesnevi&#8217;den se\u00e7ilen d\u00fc\u015f\u00fcnd\u00fcr\u00fcc\u00fc, e\u011fitici ve yol g\u00f6sterici hik\u00e2yeleriyle Mevlana&#8217;y\u0131 size tan\u0131tmak ve sevdirmek amac\u0131yla haz\u0131rlanm\u0131\u015ft\u0131r Mesnevi hik\u00e2yelerini sevimli \u00e7izgileriyle Erdo\u011fan O\u011fultekin sizler i\u00e7in yeniden yorumlad\u0131.. \ufffcTan\u0131t\u0131m Metni<\/p>\n","protected":false},"excerpt":{"rendered":"<p>Sevgili \u00c7ocuklar; Bu kitap, en tan\u0131nm\u0131\u015f eseri Mesnevi&#8217;den se\u00e7ilen d\u00fc\u015f\u00fcnd\u00fcr\u00fcc\u00fc, e\u011fitici ve yol g\u00f6sterici hik\u00e2yeleriyle Mevlana&#8217;y\u0131 size tan\u0131tmak ve sevdirmek amac\u0131yla haz\u0131rlanm\u0131\u015ft\u0131r Mesnevi hik\u00e2yelerini sevimli \u00e7izgileriyle<span class=\"excerpt-hellip\"> [\u2026]<\/span><\/p>\n","protected":false},"featured_media":0,"template":"","meta":{"_monsterinsights_skip_tracking":false,"_monsterinsights_sitenote_active":false,"_monsterinsights_sitenote_note":"","_monsterinsights_sitenote_category":0},"product_brand":[],"product_cat":[12689,12274],"product_tag":[],"class_list":{"0":"post-713357","1":"product","2":"type-product","3":"status-publish","5":"product_cat-cizgi-roman-cocuk-ve-genclik-kitaplari","6":"product_cat-cocuk-ve-genclik-kitaplari","7":"pa_cilt-ciltsiz","8":"pa_tur-kitap","9":"pa_yayinevi-genc-hayat","10":"pa_yazar-erdogan-ogultekin","12":"first","13":"instock","14":"sale","15":"shipping-taxable","16":"purchasable","17":"product-type-simple"},"_links":{"self":[{"href":"https:\/\/roveyayinevi.com.tr\/index.php\/wp-json\/wp\/v2\/product\/713357","targetHints":{"allow":["GET"]}}],"collection":[{"href":"https:\/\/roveyayinevi.com.tr\/index.php\/wp-json\/wp\/v2\/product"}],"about":[{"href":"https:\/\/roveyayinevi.com.tr\/index.php\/wp-json\/wp\/v2\/types\/product"}],"wp:attachment":[{"href":"https:\/\/roveyayinevi.com.tr\/index.php\/wp-json\/wp\/v2\/media?parent=713357"}],"wp:term":[{"taxonomy":"product_brand","embeddable":true,"href":"https:\/\/roveyayinevi.com.tr\/index.php\/wp-json\/wp\/v2\/product_brand?post=713357"},{"taxonomy":"product_cat","embeddable":true,"href":"https:\/\/roveyayinevi.com.tr\/index.php\/wp-json\/wp\/v2\/product_cat?post=713357"},{"taxonomy":"product_tag","embeddable":true,"href":"https:\/\/roveyayinevi.com.tr\/index.php\/wp-json\/wp\/v2\/product_tag?post=713357"}],"curies":[{"name":"wp","href":"https:\/\/api.w.org\/{rel}","templated":true}]}}