{"id":713356,"date":"2025-08-27T17:06:40","date_gmt":"2025-08-27T14:06:40","guid":{"rendered":"https:\/\/roveyayinevi.com.tr\/index.php\/urun\/once-butun-kurallari-yikin\/"},"modified":"2026-04-16T02:21:48","modified_gmt":"2026-04-15T23:21:48","slug":"once-butun-kurallari-yikin","status":"publish","type":"product","link":"https:\/\/roveyayinevi.com.tr\/index.php\/urun\/once-butun-kurallari-yikin\/","title":{"rendered":"\u00d6nce B\u00fct\u00fcn Kurallar\u0131 Y\u0131k\u0131n"},"content":{"rendered":"<p>Y\u00f6neticiler hakk\u0131nda \u015fimdiye kadar en kapsaml\u0131 ara\u015ft\u0131rma! Gallup 400 farkl\u0131 80 bin ki\u015fiyle g\u00f6r\u00fc\u015ft\u00fc! Altm\u0131\u015f y\u0131l\u0131 a\u015fk\u0131n s\u00fcredir d\u00fcnyan\u0131n en b\u00fcy\u00fck \u015firketlerine ara\u015ft\u0131rma, dani\u015fmanl\u0131k ve hizmetleri veren Gallup\u00b4tan d\u00fcnyan\u0131n en iyi y\u00f6neticileri \u00fczerine dev bir \u00e7al\u0131\u015fma&#8230; Bu kitap, y\u00f6neticilerin belle\u011fine girip geleneksel anlay\u0131\u015f\u0131 neden y\u0131kt\u0131klar\u0131n\u0131 ve onlar\u0131n yerine ne koyduklar\u0131n\u0131 g\u00f6rme f\u0131rsat\u0131 veriyor. \ufffcTan\u0131t\u0131m Metni<\/p>\n","protected":false},"excerpt":{"rendered":"<p>Y\u00f6neticiler hakk\u0131nda \u015fimdiye kadar en kapsaml\u0131 ara\u015ft\u0131rma! Gallup 400 farkl\u0131 80 bin ki\u015fiyle g\u00f6r\u00fc\u015ft\u00fc! Altm\u0131\u015f y\u0131l\u0131 a\u015fk\u0131n s\u00fcredir d\u00fcnyan\u0131n en b\u00fcy\u00fck \u015firketlerine ara\u015ft\u0131rma, dani\u015fmanl\u0131k ve hizmetleri<span class=\"excerpt-hellip\"> [\u2026]<\/span><\/p>\n","protected":false},"featured_media":0,"template":"","meta":{"_monsterinsights_skip_tracking":false,"_monsterinsights_sitenote_active":false,"_monsterinsights_sitenote_note":"","_monsterinsights_sitenote_category":0},"product_brand":[],"product_cat":[13043,14754],"product_tag":[],"class_list":{"0":"post-713356","1":"product","2":"type-product","3":"status-publish","5":"product_cat-ekonomi","6":"product_cat-halkla-iliskiler-insan-kaynaklari","7":"pa_cilt-ciltsiz","8":"pa_tur-kitap","9":"pa_yayinevi-remzi-kitabevi","10":"pa_yazar-curt-coffman-marcus-buckingham","12":"first","13":"instock","14":"sale","15":"shipping-taxable","16":"purchasable","17":"product-type-simple"},"_links":{"self":[{"href":"https:\/\/roveyayinevi.com.tr\/index.php\/wp-json\/wp\/v2\/product\/713356","targetHints":{"allow":["GET"]}}],"collection":[{"href":"https:\/\/roveyayinevi.com.tr\/index.php\/wp-json\/wp\/v2\/product"}],"about":[{"href":"https:\/\/roveyayinevi.com.tr\/index.php\/wp-json\/wp\/v2\/types\/product"}],"wp:attachment":[{"href":"https:\/\/roveyayinevi.com.tr\/index.php\/wp-json\/wp\/v2\/media?parent=713356"}],"wp:term":[{"taxonomy":"product_brand","embeddable":true,"href":"https:\/\/roveyayinevi.com.tr\/index.php\/wp-json\/wp\/v2\/product_brand?post=713356"},{"taxonomy":"product_cat","embeddable":true,"href":"https:\/\/roveyayinevi.com.tr\/index.php\/wp-json\/wp\/v2\/product_cat?post=713356"},{"taxonomy":"product_tag","embeddable":true,"href":"https:\/\/roveyayinevi.com.tr\/index.php\/wp-json\/wp\/v2\/product_tag?post=713356"}],"curies":[{"name":"wp","href":"https:\/\/api.w.org\/{rel}","templated":true}]}}