{"id":713355,"date":"2025-08-27T17:06:39","date_gmt":"2025-08-27T14:06:39","guid":{"rendered":"https:\/\/roveyayinevi.com.tr\/index.php\/urun\/bizdeki-ben-taninma-teorisi-uzerine-incelemeler\/"},"modified":"2026-04-16T02:21:47","modified_gmt":"2026-04-15T23:21:47","slug":"bizdeki-ben-taninma-teorisi-uzerine-incelemeler","status":"publish","type":"product","link":"https:\/\/roveyayinevi.com.tr\/index.php\/urun\/bizdeki-ben-taninma-teorisi-uzerine-incelemeler\/","title":{"rendered":"Bizdeki Ben: Tan\u0131nma Teorisi \u00dczerine \u0130ncelemeler"},"content":{"rendered":"<p>Bizdeki Ben\u2019de Axel Honneth, daha \u00f6nce yay\u0131mlad\u0131\u011f\u0131m\u0131z ba\u015fyap\u0131t\u0131 Tan\u0131nma U\u011fruna M\u00fccadele\u2019de geli\u015ftirdi\u011fi teorik \u00e7er\u00e7evesinin izinden gidiyor. Bizzat geli\u015ftirdi\u011fi ve felsefe \u00e7evrelerinde b\u00fcy\u00fck etki yaratan tan\u0131nma teorisini bu kitapta yeri geldi\u011finde \u00e7e\u015fitli itirazlar kar\u015f\u0131s\u0131nda d\u00fczeltmek ya da netle\u015ftirmek i\u00e7in belli de\u011fi\u015fikliklerle yeniliyor, yeri geldi\u011findeyse farkl\u0131 alanlar\u0131 kapsayacak \u015fekilde geni\u015fletiyor. Alman felsefesi, \u0130ngiliz psikanalizi ve Frans\u0131z sosyolojisinden faydalanarak disiplinleraras\u0131 bir yakla\u015f\u0131m olu\u015fturan Honneth burada, Hegel\u2019in felsefesine dair incelikli okumalardan belirli psikanaliz teorilerinin s\u0131k\u0131 ele\u015ftirilerine, kapitalizmin geli\u015fimi hakk\u0131nda i\u00e7g\u00f6r\u00fc dolu izahlardan sosyal adalet teorilerinin g\u00fc\u00e7l\u00fc analizlerine uzanan d\u00fc\u015f\u00fcnsel verimini yeniden g\u00f6zler \u00f6n\u00fcne seriyor. Honneth\u2019in felsefi g\u00fcc\u00fcn\u00fc ve ilgi alanlar\u0131n\u0131n geni\u015fli\u011fini ortaya koyan bu \u00e7al\u0131\u015fma, felsefe, siyaset bilimi, sosyoloji ve genel olarak sosyal bilimlerde derinlikli bir okuma ser\u00fcveni i\u00e7in referans kitab\u0131 olabilecek nitelikte. \u201cBu kitap Honneth\u2019in bug\u00fcn ele\u015ftirel teorinin \u00f6nde gelen savunucusu olarak tan\u0131nmay\u0131 hak etti\u011fini g\u00f6steriyor.\u201d Simon Thompson (West of England \u00dcniversitesi \u00f6\u011fretim \u00fcyesi) <\/p>\n","protected":false},"excerpt":{"rendered":"<p>Bizdeki Ben\u2019de Axel Honneth, daha \u00f6nce yay\u0131mlad\u0131\u011f\u0131m\u0131z ba\u015fyap\u0131t\u0131 Tan\u0131nma U\u011fruna M\u00fccadele\u2019de geli\u015ftirdi\u011fi teorik \u00e7er\u00e7evesinin izinden gidiyor. Bizzat geli\u015ftirdi\u011fi ve felsefe \u00e7evrelerinde b\u00fcy\u00fck etki yaratan tan\u0131nma teorisini<span class=\"excerpt-hellip\"> [\u2026]<\/span><\/p>\n","protected":false},"featured_media":0,"template":"","meta":{"_monsterinsights_skip_tracking":false,"_monsterinsights_sitenote_active":false,"_monsterinsights_sitenote_note":"","_monsterinsights_sitenote_category":0},"product_brand":[],"product_cat":[12567,12566],"product_tag":[],"class_list":{"0":"post-713355","1":"product","2":"type-product","3":"status-publish","5":"product_cat-diger-egitim","6":"product_cat-egitim","7":"pa_cilt-ciltsiz","8":"pa_tur-kitap","9":"pa_yayinevi-ithaki-yayinlari","10":"pa_yazar-axel-honneth","12":"first","13":"instock","14":"sale","15":"shipping-taxable","16":"purchasable","17":"product-type-simple"},"_links":{"self":[{"href":"https:\/\/roveyayinevi.com.tr\/index.php\/wp-json\/wp\/v2\/product\/713355","targetHints":{"allow":["GET"]}}],"collection":[{"href":"https:\/\/roveyayinevi.com.tr\/index.php\/wp-json\/wp\/v2\/product"}],"about":[{"href":"https:\/\/roveyayinevi.com.tr\/index.php\/wp-json\/wp\/v2\/types\/product"}],"wp:attachment":[{"href":"https:\/\/roveyayinevi.com.tr\/index.php\/wp-json\/wp\/v2\/media?parent=713355"}],"wp:term":[{"taxonomy":"product_brand","embeddable":true,"href":"https:\/\/roveyayinevi.com.tr\/index.php\/wp-json\/wp\/v2\/product_brand?post=713355"},{"taxonomy":"product_cat","embeddable":true,"href":"https:\/\/roveyayinevi.com.tr\/index.php\/wp-json\/wp\/v2\/product_cat?post=713355"},{"taxonomy":"product_tag","embeddable":true,"href":"https:\/\/roveyayinevi.com.tr\/index.php\/wp-json\/wp\/v2\/product_tag?post=713355"}],"curies":[{"name":"wp","href":"https:\/\/api.w.org\/{rel}","templated":true}]}}