{"id":713354,"date":"2025-08-27T17:06:38","date_gmt":"2025-08-27T14:06:38","guid":{"rendered":"https:\/\/roveyayinevi.com.tr\/index.php\/urun\/yazdiklariyla-yasayanlar\/"},"modified":"2025-12-30T10:13:54","modified_gmt":"2025-12-30T07:13:54","slug":"yazdiklariyla-yasayanlar","status":"publish","type":"product","link":"https:\/\/roveyayinevi.com.tr\/index.php\/urun\/yazdiklariyla-yasayanlar\/","title":{"rendered":"Yazd\u0131klar\u0131yla Ya\u015fayanlar"},"content":{"rendered":"<p>\u00d6ld\u00fckten sonra t\u00fcm yazd\u0131klar\u0131n\u0131n yak\u0131lmas\u0131n\u0131 isteyen Kafka, en b\u00fcy\u00fck zaaf\u0131 kumardan ka\u00e7\u0131p Kumarbaz&#8217;\u0131 yazan Dostoyevski, varl\u0131\u011f\u0131na delil ararken elinde kalem bulan Camus, bir sava\u015f\u0131n ortas\u0131nda t\u00fcm co\u015fkusuyla yurtsuz kalan Stefan Zweig ve daha bir\u00e7ok yazar\u0131n o bilmek istedi\u011fimiz hik\u00e2yeleri&#8230;Yazd\u0131klar\u0131yla Ya\u015fayanlar ruhunuza dokunan b\u00fcy\u00fck yazarlar\u0131n eserleriyle i\u00e7 i\u00e7e ge\u00e7mi\u015f hayatlar\u0131n\u0131 anlat\u0131yor. Hasan Sara\u00e7, okuma ser\u00fcveninde yazarlarla kurdu\u011fu dostlu\u011fa okurlar\u0131n\u0131 da dahil ediyor.Alt\u0131n\u0131 \u00e7izdi\u011finiz c\u00fcmlelerin sahiplerini yak\u0131ndan tan\u0131mak, hik\u00e2yelerinin hik\u00e2yelerini dinlemek ve yazarlar\u0131n hayatlar\u0131na \u015fahit olmak i\u00e7in Yazd\u0131klar\u0131yla Ya\u015fayanlar do\u011fru bir kitap. <\/p>\n","protected":false},"excerpt":{"rendered":"<p>\u00d6ld\u00fckten sonra t\u00fcm yazd\u0131klar\u0131n\u0131n yak\u0131lmas\u0131n\u0131 isteyen Kafka, en b\u00fcy\u00fck zaaf\u0131 kumardan ka\u00e7\u0131p Kumarbaz&#8217;\u0131 yazan Dostoyevski, varl\u0131\u011f\u0131na delil ararken elinde kalem bulan Camus, bir sava\u015f\u0131n ortas\u0131nda t\u00fcm<span class=\"excerpt-hellip\"> [\u2026]<\/span><\/p>\n","protected":false},"featured_media":0,"template":"","meta":{"_monsterinsights_skip_tracking":false,"_monsterinsights_sitenote_active":false,"_monsterinsights_sitenote_note":"","_monsterinsights_sitenote_category":0},"product_brand":[],"product_cat":[14009,12291],"product_tag":[],"class_list":{"0":"post-713354","1":"product","2":"type-product","3":"status-publish","5":"product_cat-biyografi-otobiyografi-edebiyat","6":"product_cat-edebiyat","7":"pa_cilt-ciltsiz","8":"pa_tur-kitap","9":"pa_yayinevi-portakal-kitap","10":"pa_yazar-hasan-sarac","12":"first","13":"instock","14":"sale","15":"shipping-taxable","16":"purchasable","17":"product-type-simple"},"_links":{"self":[{"href":"https:\/\/roveyayinevi.com.tr\/index.php\/wp-json\/wp\/v2\/product\/713354","targetHints":{"allow":["GET"]}}],"collection":[{"href":"https:\/\/roveyayinevi.com.tr\/index.php\/wp-json\/wp\/v2\/product"}],"about":[{"href":"https:\/\/roveyayinevi.com.tr\/index.php\/wp-json\/wp\/v2\/types\/product"}],"wp:attachment":[{"href":"https:\/\/roveyayinevi.com.tr\/index.php\/wp-json\/wp\/v2\/media?parent=713354"}],"wp:term":[{"taxonomy":"product_brand","embeddable":true,"href":"https:\/\/roveyayinevi.com.tr\/index.php\/wp-json\/wp\/v2\/product_brand?post=713354"},{"taxonomy":"product_cat","embeddable":true,"href":"https:\/\/roveyayinevi.com.tr\/index.php\/wp-json\/wp\/v2\/product_cat?post=713354"},{"taxonomy":"product_tag","embeddable":true,"href":"https:\/\/roveyayinevi.com.tr\/index.php\/wp-json\/wp\/v2\/product_tag?post=713354"}],"curies":[{"name":"wp","href":"https:\/\/api.w.org\/{rel}","templated":true}]}}