{"id":713353,"date":"2025-08-27T17:06:38","date_gmt":"2025-08-27T14:06:38","guid":{"rendered":"https:\/\/roveyayinevi.com.tr\/index.php\/urun\/musluman-aile-okulu\/"},"modified":"2025-09-22T11:09:22","modified_gmt":"2025-09-22T08:09:22","slug":"musluman-aile-okulu","status":"publish","type":"product","link":"https:\/\/roveyayinevi.com.tr\/index.php\/urun\/musluman-aile-okulu\/","title":{"rendered":"M\u00fcsl\u00fcman Aile Okulu"},"content":{"rendered":"<p>Evlilik, hayatta insan\u0131n alabilece\u011fi en \u00f6nemli ve en kritik karard\u0131r. Do\u011fru insan\u0131 bulmak, iyi insanla mutlu bir evlilik yapmak her gencin kendisi, her anne baban\u0131n evlatlar\u0131 i\u00e7in en b\u00fcy\u00fck hayalidir. Fakat g\u00fcn\u00fcm\u00fczde birbiri ile iyi ileti\u015fim kuramayan aile bireyleri de\u011ferlerde birle\u015femiyor, ortak kararlar alam\u0131yor, farkl\u0131 dillerde konu\u015fuyorlar. Bu y\u00fczden huzurlu bir aile ortam\u0131 elde edilemiyor. Oysa aile, i\u00e7 huzurunu yakalam\u0131\u015f bireylerin birbirlerinden her konuda destek almas\u0131, birbirlerinin \u00f6rt\u00fcs\u00fc olmas\u0131, hay\u0131rda birbirleriyle yar\u0131\u015f\u0131p birbirlerine dayanmas\u0131, biri gidince di\u011ferinin ayakta duramamas\u0131, biri olmay\u0131nca \u00f6b\u00fcr\u00fcn\u00fcn de yar\u0131m kalmas\u0131d\u0131r. Elinizdeki kitap, ailenin hangi de\u011ferler \u00fczerine oturaca\u011f\u0131n\u0131, e\u015f se\u00e7iminin nas\u0131l, hangi kriterlerle yap\u0131laca\u011f\u0131n\u0131 Kurani bak\u0131\u015f a\u00e7\u0131s\u0131yla ele almaya \u00e7al\u0131\u015fm\u0131\u015ft\u0131r. Evlenecek \u00e7iftlere, evlilik \u00f6ncesi olabilecek kazalara kar\u015f\u0131 tedbir almalar\u0131 i\u00e7in \u201cprofesyonel evlilik ehliyeti\u201d vermeyi ama\u00e7lamaktad\u0131r. Herkesin M\u00fcsl\u00fcman AileOkulu&#8217;ndan \u00fcst\u00fcn ba\u015far\u0131yla mezun olmas\u0131 en b\u00fcy\u00fck hayalimizdir! <\/p>\n","protected":false},"excerpt":{"rendered":"<p>Evlilik, hayatta insan\u0131n alabilece\u011fi en \u00f6nemli ve en kritik karard\u0131r. Do\u011fru insan\u0131 bulmak, iyi insanla mutlu bir evlilik yapmak her gencin kendisi, her anne baban\u0131n evlatlar\u0131<span class=\"excerpt-hellip\"> [\u2026]<\/span><\/p>\n","protected":false},"featured_media":0,"template":"","meta":{"_monsterinsights_skip_tracking":false,"_monsterinsights_sitenote_active":false,"_monsterinsights_sitenote_note":"","_monsterinsights_sitenote_category":0},"product_brand":[],"product_cat":[17996,12364],"product_tag":[],"class_list":{"0":"post-713353","1":"product","2":"type-product","3":"status-publish","5":"product_cat-ebeveyn-kitaplari","6":"product_cat-genel-konular","7":"pa_cilt-ciltsiz","8":"pa_tur-kitap","9":"pa_yayinevi-hayykitap","10":"pa_yazar-asiye-turkan","12":"first","13":"instock","14":"sale","15":"shipping-taxable","16":"purchasable","17":"product-type-simple"},"_links":{"self":[{"href":"https:\/\/roveyayinevi.com.tr\/index.php\/wp-json\/wp\/v2\/product\/713353","targetHints":{"allow":["GET"]}}],"collection":[{"href":"https:\/\/roveyayinevi.com.tr\/index.php\/wp-json\/wp\/v2\/product"}],"about":[{"href":"https:\/\/roveyayinevi.com.tr\/index.php\/wp-json\/wp\/v2\/types\/product"}],"wp:attachment":[{"href":"https:\/\/roveyayinevi.com.tr\/index.php\/wp-json\/wp\/v2\/media?parent=713353"}],"wp:term":[{"taxonomy":"product_brand","embeddable":true,"href":"https:\/\/roveyayinevi.com.tr\/index.php\/wp-json\/wp\/v2\/product_brand?post=713353"},{"taxonomy":"product_cat","embeddable":true,"href":"https:\/\/roveyayinevi.com.tr\/index.php\/wp-json\/wp\/v2\/product_cat?post=713353"},{"taxonomy":"product_tag","embeddable":true,"href":"https:\/\/roveyayinevi.com.tr\/index.php\/wp-json\/wp\/v2\/product_tag?post=713353"}],"curies":[{"name":"wp","href":"https:\/\/api.w.org\/{rel}","templated":true}]}}