{"id":713347,"date":"2025-08-27T17:06:34","date_gmt":"2025-08-27T14:06:34","guid":{"rendered":"https:\/\/roveyayinevi.com.tr\/index.php\/urun\/uc-vatan-bir-hayat-bir-turkologun-anilari\/"},"modified":"2026-04-16T02:21:47","modified_gmt":"2026-04-15T23:21:47","slug":"uc-vatan-bir-hayat-bir-turkologun-anilari","status":"publish","type":"product","link":"https:\/\/roveyayinevi.com.tr\/index.php\/urun\/uc-vatan-bir-hayat-bir-turkologun-anilari\/","title":{"rendered":"\u00dc\u00e7 Vatan Bir Hayat (Bir T\u00fcrkologun An\u0131lar\u0131)"},"content":{"rendered":"<p>Svoboda Petrova Bulgar as\u0131ll\u0131 bir T\u00fcrkolog. \u00c7ocuklu\u011funu 1935&#8242; de do\u011fdu\u011fu \u0130stanbul\u2019da b\u0131rakm\u0131\u015f. Sofya\u2019da \u00fcniversite e\u011fitimini tamamlay\u0131p, Do\u011fu Almanya\u2019ya yerle\u015fmi\u015f.Y\u0131llarca Berlin Humboldt \u00dcniversitesi&#8217; nde akademisyen olarak \u00e7al\u0131\u015fm\u0131\u015f. Svoboda \u2018n\u0131n babas\u0131 \u0130stanbul\u2019a hangi m\u00fccadele i\u00e7in gelmi\u015f? Ni\u00e7in vatan\u0131 bildi\u011fi T\u00fcrkiye\u2019den ayr\u0131lm\u0131\u015f? Neden Do\u011fu Almanya? Aziz Nesin, Fahri Erdin\u00e7, Kemal Otyam, G\u00fcltekin Gazio\u011flu,Ziya Yama\u00e7 ve onlarca T\u00fcrk ayd\u0131n\u0131yla kar\u015f\u0131l\u0131kl\u0131 mektuplar\u0131n\u0131n ve foto\u011fraflar\u0131n\u0131n da yer ald\u0131\u011f\u0131; T\u00fcrkiye, Bulgaristan ve Demokratik Almanya \u00fc\u00e7genine s\u0131\u011fan bir ya\u015fam \u00f6yk\u00fcs\u00fc&#8230; <\/p>\n","protected":false},"excerpt":{"rendered":"<p>Svoboda Petrova Bulgar as\u0131ll\u0131 bir T\u00fcrkolog. \u00c7ocuklu\u011funu 1935&#8242; de do\u011fdu\u011fu \u0130stanbul\u2019da b\u0131rakm\u0131\u015f. Sofya\u2019da \u00fcniversite e\u011fitimini tamamlay\u0131p, Do\u011fu Almanya\u2019ya yerle\u015fmi\u015f.Y\u0131llarca Berlin Humboldt \u00dcniversitesi&#8217; nde akademisyen olarak \u00e7al\u0131\u015fm\u0131\u015f.<span class=\"excerpt-hellip\"> [\u2026]<\/span><\/p>\n","protected":false},"featured_media":0,"template":"","meta":{"_monsterinsights_skip_tracking":false,"_monsterinsights_sitenote_active":false,"_monsterinsights_sitenote_note":"","_monsterinsights_sitenote_category":0},"product_brand":[],"product_cat":[14009,12291],"product_tag":[],"class_list":{"0":"post-713347","1":"product","2":"type-product","3":"status-publish","5":"product_cat-biyografi-otobiyografi-edebiyat","6":"product_cat-edebiyat","7":"pa_cilt-ciltsiz","8":"pa_tur-kitap","9":"pa_yayinevi-alibri-yayinlari","10":"pa_yazar-svoboda-petrova","12":"first","13":"instock","14":"sale","15":"shipping-taxable","16":"purchasable","17":"product-type-simple"},"_links":{"self":[{"href":"https:\/\/roveyayinevi.com.tr\/index.php\/wp-json\/wp\/v2\/product\/713347","targetHints":{"allow":["GET"]}}],"collection":[{"href":"https:\/\/roveyayinevi.com.tr\/index.php\/wp-json\/wp\/v2\/product"}],"about":[{"href":"https:\/\/roveyayinevi.com.tr\/index.php\/wp-json\/wp\/v2\/types\/product"}],"wp:attachment":[{"href":"https:\/\/roveyayinevi.com.tr\/index.php\/wp-json\/wp\/v2\/media?parent=713347"}],"wp:term":[{"taxonomy":"product_brand","embeddable":true,"href":"https:\/\/roveyayinevi.com.tr\/index.php\/wp-json\/wp\/v2\/product_brand?post=713347"},{"taxonomy":"product_cat","embeddable":true,"href":"https:\/\/roveyayinevi.com.tr\/index.php\/wp-json\/wp\/v2\/product_cat?post=713347"},{"taxonomy":"product_tag","embeddable":true,"href":"https:\/\/roveyayinevi.com.tr\/index.php\/wp-json\/wp\/v2\/product_tag?post=713347"}],"curies":[{"name":"wp","href":"https:\/\/api.w.org\/{rel}","templated":true}]}}