{"id":713346,"date":"2025-08-27T17:06:34","date_gmt":"2025-08-27T14:06:34","guid":{"rendered":"https:\/\/roveyayinevi.com.tr\/index.php\/urun\/serdar-baskan-ile-bilim-makinesi-99-soruda-hayat-ve-bilim\/"},"modified":"2026-04-16T02:21:47","modified_gmt":"2026-04-15T23:21:47","slug":"serdar-baskan-ile-bilim-makinesi-99-soruda-hayat-ve-bilim","status":"publish","type":"product","link":"https:\/\/roveyayinevi.com.tr\/index.php\/urun\/serdar-baskan-ile-bilim-makinesi-99-soruda-hayat-ve-bilim\/","title":{"rendered":"Serdar Ba\u015fkan ile Bilim Makinesi: 99 Soruda Hayat ve Bilim"},"content":{"rendered":"<p>G\u00fcn i\u00e7inde s\u00fcrekli g\u00f6z k\u0131rp\u0131yoruz ama nedenini biliyor muyuz bu istemsiz hareketimizin? Ya da so\u011fan do\u011frarken neden g\u00f6zya\u015flar\u0131-m\u0131za engel olamad\u0131\u011f\u0131m\u0131z\u0131\u2026 G\u00f6z\u00fcm\u00fcz gibi sevdi\u011fimiz kedilerimizin girdikleri kutularda \u00e7ekil-mi\u015f y\u00fczlerce foto\u011fraf\u0131 var. Neden o kadar \u00e7ok seviyorlar kutular\u0131? Peki, bu sevimli yarat\u0131klar\u0131 nas\u0131l evcille\u015ftirmi\u015f olabiliriz? Uzay konusuysa alabildi\u011fine soru dolu. Her g\u00fcn yeni a\u00e7\u0131klamalar, yeni ke\u015fifler yap\u0131l\u0131yor. Tamam belki hepsine yeti\u015femiyoruz ama nas\u0131l koktu\u011funu bilsek fena olmaz m\u0131? Ya da onca y\u0131ld\u0131za ra\u011fmen neden h\u00e2l\u00e2 karanl\u0131k oldu\u011funu\u2026 Sorular\u0131n sonu yok ama bir yerden ba\u015flamak laz\u0131m. \u0130\u015fte OHA di-yorum ve YAPYAP YouTube kanallar\u0131nda tan\u0131y\u0131p sevdi\u011fimiz Serdar Aksu, yani bizim Serdar Ba\u015fkan bize tam da bu f\u0131rsat\u0131 veriyor. Ser-dar Ba\u015fkan ile Bilim Makinesi, se\u00e7ilen 99 soru ve ilgin\u00e7 cevaplarla bize sayfalar\u0131n aras\u0131nda m\u00fcthi\u015f bir bilim ser\u00fcveni ya\u015fat\u0131yor! Evren \u00e7ok geni\u015f, sorular say\u0131s\u0131z, cevaplarsa her zaman ilgi \u00e7ekici! Eh, o zaman \u00e7al\u0131\u015fs\u0131n bakal\u0131m Bilim Makinesi\u2026 <\/p>\n","protected":false},"excerpt":{"rendered":"<p>G\u00fcn i\u00e7inde s\u00fcrekli g\u00f6z k\u0131rp\u0131yoruz ama nedenini biliyor muyuz bu istemsiz hareketimizin? Ya da so\u011fan do\u011frarken neden g\u00f6zya\u015flar\u0131-m\u0131za engel olamad\u0131\u011f\u0131m\u0131z\u0131\u2026 G\u00f6z\u00fcm\u00fcz gibi sevdi\u011fimiz kedilerimizin girdikleri kutularda<span class=\"excerpt-hellip\"> [\u2026]<\/span><\/p>\n","protected":false},"featured_media":0,"template":"","meta":{"_monsterinsights_skip_tracking":false,"_monsterinsights_sitenote_active":false,"_monsterinsights_sitenote_note":"","_monsterinsights_sitenote_category":0},"product_brand":[],"product_cat":[13005,13006],"product_tag":[],"class_list":{"0":"post-713346","1":"product","2":"type-product","3":"status-publish","5":"product_cat-bilim-muhendislik","6":"product_cat-populer-bilim","7":"pa_cilt-ciltsiz","8":"pa_tur-kitap","9":"pa_yayinevi-hep-kitap","10":"pa_yazar-serdar-aksu","12":"first","13":"instock","14":"sale","15":"shipping-taxable","16":"purchasable","17":"product-type-simple"},"_links":{"self":[{"href":"https:\/\/roveyayinevi.com.tr\/index.php\/wp-json\/wp\/v2\/product\/713346","targetHints":{"allow":["GET"]}}],"collection":[{"href":"https:\/\/roveyayinevi.com.tr\/index.php\/wp-json\/wp\/v2\/product"}],"about":[{"href":"https:\/\/roveyayinevi.com.tr\/index.php\/wp-json\/wp\/v2\/types\/product"}],"wp:attachment":[{"href":"https:\/\/roveyayinevi.com.tr\/index.php\/wp-json\/wp\/v2\/media?parent=713346"}],"wp:term":[{"taxonomy":"product_brand","embeddable":true,"href":"https:\/\/roveyayinevi.com.tr\/index.php\/wp-json\/wp\/v2\/product_brand?post=713346"},{"taxonomy":"product_cat","embeddable":true,"href":"https:\/\/roveyayinevi.com.tr\/index.php\/wp-json\/wp\/v2\/product_cat?post=713346"},{"taxonomy":"product_tag","embeddable":true,"href":"https:\/\/roveyayinevi.com.tr\/index.php\/wp-json\/wp\/v2\/product_tag?post=713346"}],"curies":[{"name":"wp","href":"https:\/\/api.w.org\/{rel}","templated":true}]}}