{"id":713345,"date":"2025-08-27T17:06:33","date_gmt":"2025-08-27T14:06:33","guid":{"rendered":"https:\/\/roveyayinevi.com.tr\/index.php\/urun\/hanimlar-ve-beyler-disk-dunya-14\/"},"modified":"2026-04-16T02:21:47","modified_gmt":"2026-04-15T23:21:47","slug":"hanimlar-ve-beyler-disk-dunya-14","status":"publish","type":"product","link":"https:\/\/roveyayinevi.com.tr\/index.php\/urun\/hanimlar-ve-beyler-disk-dunya-14\/","title":{"rendered":"Han\u0131mlar ve Beyler &#8211; Disk D\u00fcnya 14"},"content":{"rendered":"<p>Lancre Krall\u0131\u011f\u0131\u2019nda \u00fc\u00e7 cad\u0131 ya\u015far: Biri uzun boylu, aksi ve koca burunludur; di\u011feri tek di\u015fi kalm\u0131\u015f yuvarlak ve rahat bir yast\u0131k gibidir; sonuncusuysa gen\u00e7, duygusal ve olduk\u00e7a&#8230; eh, duygusald\u0131r. Ve \u015fimdi, bu duygusal cad\u0131n\u0131n d\u00fc\u011f\u00fcn\u00fcn\u00fcn arifesinde, fazlas\u0131yla ha\u015fin olaylar ger\u00e7ekle\u015fmek \u00fczere; zira d\u00fc\u011f\u00fcn listesinde, davetsiz misafirler var: elfler. Fakat bu elfler, ger\u00e7ek elfler. Uzun kulakl\u0131, g\u00fczel g\u00fczel g\u00f6z s\u00fczen, \u00e7ekici varl\u0131klar de\u011fil; k\u00f6t\u00fcc\u00fcl, manip\u00fclatif, tahakk\u00fcmsever&#8230; Ve onlarla m\u00fccadele etmek i\u00e7in, zihninizin a\u00e7\u0131k olmas\u0131 \u015fart! Ba\u015fta Bir Yaz Gecesi R\u00fcyas\u0131 olmak \u00fczere Shakespeare\u2019in \u00f6l\u00fcms\u00fcz eserlerine bolca at\u0131fta bulunarak teatral ve epik bir macera sunan Han\u0131mlar ve Beyler, Terry Pratchett\u2019\u0131n mizahtan beslenen komik anlat\u0131m\u0131yla yoluna kald\u0131\u011f\u0131 yerden devam ediyor. Niran El\u00e7i\u2019nin p\u00fcr\u00fczs\u00fcz T\u00fcrk\u00e7esi ve Delidolu\u2019nun \u00f6zenli bask\u0131s\u0131yla T\u00fcrkiye\u2019deki okurlar\u0131n\u0131n kar\u015f\u0131s\u0131na ilk kez \u00e7\u0131kan Han\u0131mlar ve Beyler, bu amans\u0131z ser\u00fcvende yepyeni bir perde a\u00e7\u0131yor.   \u201c\u00d6lmeyen \u015fey ya\u015fayamaz. Ya\u015famayan \u015fey de\u011fi\u015femez. Ve de\u011fi\u015femeyen \u015fey, \u00f6\u011frenemez&#8230;\u201d <\/p>\n","protected":false},"excerpt":{"rendered":"<p>Lancre Krall\u0131\u011f\u0131\u2019nda \u00fc\u00e7 cad\u0131 ya\u015far: Biri uzun boylu, aksi ve koca burunludur; di\u011feri tek di\u015fi kalm\u0131\u015f yuvarlak ve rahat bir yast\u0131k gibidir; sonuncusuysa gen\u00e7, duygusal ve<span class=\"excerpt-hellip\"> [\u2026]<\/span><\/p>\n","protected":false},"featured_media":0,"template":"","meta":{"_monsterinsights_skip_tracking":false,"_monsterinsights_sitenote_active":false,"_monsterinsights_sitenote_note":"","_monsterinsights_sitenote_category":0},"product_brand":[],"product_cat":[12291,14777],"product_tag":[],"class_list":{"0":"post-713345","1":"product","2":"type-product","3":"status-publish","5":"product_cat-edebiyat","6":"product_cat-fantastik","7":"pa_cilt-ciltsiz","8":"pa_tur-kitap","9":"pa_yayinevi-delidolu","10":"pa_yazar-terry-pratchett","12":"first","13":"instock","14":"sale","15":"shipping-taxable","16":"purchasable","17":"product-type-simple"},"_links":{"self":[{"href":"https:\/\/roveyayinevi.com.tr\/index.php\/wp-json\/wp\/v2\/product\/713345","targetHints":{"allow":["GET"]}}],"collection":[{"href":"https:\/\/roveyayinevi.com.tr\/index.php\/wp-json\/wp\/v2\/product"}],"about":[{"href":"https:\/\/roveyayinevi.com.tr\/index.php\/wp-json\/wp\/v2\/types\/product"}],"wp:attachment":[{"href":"https:\/\/roveyayinevi.com.tr\/index.php\/wp-json\/wp\/v2\/media?parent=713345"}],"wp:term":[{"taxonomy":"product_brand","embeddable":true,"href":"https:\/\/roveyayinevi.com.tr\/index.php\/wp-json\/wp\/v2\/product_brand?post=713345"},{"taxonomy":"product_cat","embeddable":true,"href":"https:\/\/roveyayinevi.com.tr\/index.php\/wp-json\/wp\/v2\/product_cat?post=713345"},{"taxonomy":"product_tag","embeddable":true,"href":"https:\/\/roveyayinevi.com.tr\/index.php\/wp-json\/wp\/v2\/product_tag?post=713345"}],"curies":[{"name":"wp","href":"https:\/\/api.w.org\/{rel}","templated":true}]}}