{"id":713340,"date":"2025-08-27T17:06:31","date_gmt":"2025-08-27T14:06:31","guid":{"rendered":"https:\/\/roveyayinevi.com.tr\/index.php\/urun\/felsefe-konusmalari-felsefeye-giris\/"},"modified":"2026-04-16T02:21:47","modified_gmt":"2026-04-15T23:21:47","slug":"felsefe-konusmalari-felsefeye-giris","status":"publish","type":"product","link":"https:\/\/roveyayinevi.com.tr\/index.php\/urun\/felsefe-konusmalari-felsefeye-giris\/","title":{"rendered":"Felsefe Konu\u015fmalar\u0131 &#8211; Felsefeye Giri\u015f"},"content":{"rendered":"<p>20. y\u00fczy\u0131l\u0131n en \u00f6nemli filozoflar\u0131ndan Karl Jaspers psikiyatri ve teoloji alanlar\u0131ndaki ufuk a\u00e7\u0131c\u0131 fikirlerinin de deste\u011fiyle \u00e7a\u011fda\u015f felsefeye yeni bir y\u00f6n vermi\u015ftir. Jaspers bu eserinde uzmanlara y\u00f6nelik zorlu bir metin ortaya koymak yerine felsefenin genel sorunlar\u0131n\u0131 halka anlat\u0131yor. 1950\/51 y\u0131l\u0131nda sunulan bu 12 radyo konu\u015fmas\u0131 \u201cfelsefeye giri\u015f\u201d i\u00e7in bir rehber niteli\u011fi ta\u015f\u0131yor. \ufffcTan\u0131t\u0131m Metni<\/p>\n","protected":false},"excerpt":{"rendered":"<p>20. y\u00fczy\u0131l\u0131n en \u00f6nemli filozoflar\u0131ndan Karl Jaspers psikiyatri ve teoloji alanlar\u0131ndaki ufuk a\u00e7\u0131c\u0131 fikirlerinin de deste\u011fiyle \u00e7a\u011fda\u015f felsefeye yeni bir y\u00f6n vermi\u015ftir. Jaspers bu eserinde uzmanlara<span class=\"excerpt-hellip\"> [\u2026]<\/span><\/p>\n","protected":false},"featured_media":0,"template":"","meta":{"_monsterinsights_skip_tracking":false,"_monsterinsights_sitenote_active":false,"_monsterinsights_sitenote_note":"","_monsterinsights_sitenote_category":0},"product_brand":[],"product_cat":[12388,14717],"product_tag":[],"class_list":{"0":"post-713340","1":"product","2":"type-product","3":"status-publish","5":"product_cat-felsefe","6":"product_cat-felsefe-tarihi","7":"pa_cilt-ciltsiz","8":"pa_tur-kitap","9":"pa_yayinevi-pinhan-yayincilik","10":"pa_yazar-karl-jaspers","12":"first","13":"instock","14":"sale","15":"shipping-taxable","16":"purchasable","17":"product-type-simple"},"_links":{"self":[{"href":"https:\/\/roveyayinevi.com.tr\/index.php\/wp-json\/wp\/v2\/product\/713340","targetHints":{"allow":["GET"]}}],"collection":[{"href":"https:\/\/roveyayinevi.com.tr\/index.php\/wp-json\/wp\/v2\/product"}],"about":[{"href":"https:\/\/roveyayinevi.com.tr\/index.php\/wp-json\/wp\/v2\/types\/product"}],"wp:attachment":[{"href":"https:\/\/roveyayinevi.com.tr\/index.php\/wp-json\/wp\/v2\/media?parent=713340"}],"wp:term":[{"taxonomy":"product_brand","embeddable":true,"href":"https:\/\/roveyayinevi.com.tr\/index.php\/wp-json\/wp\/v2\/product_brand?post=713340"},{"taxonomy":"product_cat","embeddable":true,"href":"https:\/\/roveyayinevi.com.tr\/index.php\/wp-json\/wp\/v2\/product_cat?post=713340"},{"taxonomy":"product_tag","embeddable":true,"href":"https:\/\/roveyayinevi.com.tr\/index.php\/wp-json\/wp\/v2\/product_tag?post=713340"}],"curies":[{"name":"wp","href":"https:\/\/api.w.org\/{rel}","templated":true}]}}