{"id":713338,"date":"2025-08-27T17:06:29","date_gmt":"2025-08-27T14:06:29","guid":{"rendered":"https:\/\/roveyayinevi.com.tr\/index.php\/urun\/dunya-alimi-biruni\/"},"modified":"2026-04-16T02:21:47","modified_gmt":"2026-04-15T23:21:47","slug":"dunya-alimi-biruni","status":"publish","type":"product","link":"https:\/\/roveyayinevi.com.tr\/index.php\/urun\/dunya-alimi-biruni\/","title":{"rendered":"D\u00fcnya Alimi Biruni"},"content":{"rendered":"<p>Siz hi\u00e7, g\u00f6ky\u00fcz\u00fcne ellerinizi uzat\u0131p y\u0131ld\u0131zlar\u0131 yakalamak istediniz mi? Siz hi\u00e7, \u00e7i\u00e7eklerin b\u00fcy\u00fcl\u00fc kokular\u0131 ve renkleri aras\u0131nda dola\u015f\u0131rken hayretten ve heyecandan kalp at\u0131\u015flar\u0131n\u0131z\u0131n h\u0131zland\u0131\u011f\u0131 anlar\u0131 ya\u015fad\u0131n\u0131z m\u0131? Siz hi\u00e7, d\u00fcnyan\u0131n \u00e7evresini \u00f6l\u00e7me merak\u0131 ile yal\u0131n ayak, heybenizde bir kuru ekmek, elinizde asan\u0131z ile seyyah misali \u015fu yery\u00fcz\u00fcnde y\u00fcr\u00fcy\u00fc\u015fe \u00e7\u0131kt\u0131n\u0131z m\u0131? Ya siz?..  \u015e\u00f6yle bir an hakikaten ve hakikatle d\u00fc\u015f\u00fcn\u00fcp Allah\u2019\u0131n bizlere ilk emri olan \u201cYaratan Rabbinin ad\u0131yla oku!1\u201d ayetinin ak\u0131llara ferahl\u0131k veren o g\u00fc\u00e7l\u00fc nidas\u0131n\u0131 y\u00fcrekten duydunuz mu? Duydunuz da, kitaplar\u0131 -\u201cKitap\u201d\u0131 deyince yaln\u0131z \u015fu bas\u0131l\u0131 kitab\u0131 de\u011fil; insan, y\u00fcrek, insanl\u0131k, ak\u0131l, d\u00fcnya, k\u00e2inat denen kitaplar\u0131- okumak, anlamak i\u00e7in s\u0131rt\u0131n\u0131zdan ter damlayarak saadet dolu ama bir o kadar da kararl\u0131 ve bilin\u00e7li bir yar\u0131\u015fa girdiniz mi? \u201cBilgi\u201d ba\u015fta insan\u0131n y\u00fcre\u011fi olmak \u00fczere \u201cinsan kitab\u0131\u201dna ve sonra di\u011fer t\u00fcm kitaplara yaz\u0131lm\u0131\u015ft\u0131r. Biz insanlara d\u00fc\u015fen g\u00f6rev bu var olan bilgiyi azim, gayret ve fark\u0131ndal\u0131k i\u00e7inde ara\u015ft\u0131rma, g\u00f6zlemleme, okuma, yazma yollar\u0131yla \u201cbulmak\u201d; ak\u0131l-y\u00fcrek ilmi ile bildiklerimizi, bulduklar\u0131m\u0131z\u0131 b\u00fct\u00fcn insanl\u0131kla payla\u015fmakt\u0131r. \u0130lmin sebebi \u201creyhan\u201d\u0131n kokusunu yak\u0131ndan tan\u0131mal\u0131y\u0131z ki onu bulan \u201cReyhan\u201d gibi biz de kokal\u0131m\/ilim \u00f6\u011frenip ilim yayal\u0131m, \u201ceser\u201d b\u0131rakal\u0131m\u2026 Bu kitap size sizi \/ bizi (biz \u201cinsan\u201d\u0131) bildirecek ve \u201cEb\u00fb Reyh\u00e2n\u2019\u0131n hayat\u0131ndan ilhamla\u201d, \u201cinsan olman\u0131n, bilmenin, bulman\u0131n\u201d o muazzam ve sonsuz kokusunu (rayihas\u0131n\u0131), bilim d\u00fcnyas\u0131nda ko\u015fusunu bulduracak! \u201cD\u00fcnyada\u201d bir yolculu\u011fa haz\u0131r m\u0131s\u0131n\u0131z? <\/p>\n","protected":false},"excerpt":{"rendered":"<p>Siz hi\u00e7, g\u00f6ky\u00fcz\u00fcne ellerinizi uzat\u0131p y\u0131ld\u0131zlar\u0131 yakalamak istediniz mi? Siz hi\u00e7, \u00e7i\u00e7eklerin b\u00fcy\u00fcl\u00fc kokular\u0131 ve renkleri aras\u0131nda dola\u015f\u0131rken hayretten ve heyecandan kalp at\u0131\u015flar\u0131n\u0131z\u0131n h\u0131zland\u0131\u011f\u0131 anlar\u0131 ya\u015fad\u0131n\u0131z<span class=\"excerpt-hellip\"> [\u2026]<\/span><\/p>\n","protected":false},"featured_media":0,"template":"","meta":{"_monsterinsights_skip_tracking":false,"_monsterinsights_sitenote_active":false,"_monsterinsights_sitenote_note":"","_monsterinsights_sitenote_category":0},"product_brand":[],"product_cat":[13946,12304],"product_tag":[],"class_list":{"0":"post-713338","1":"product","2":"type-product","3":"status-publish","5":"product_cat-biyografi-otobiyografi","6":"product_cat-tarih","7":"pa_cilt-ciltsiz","8":"pa_tur-kitap","9":"pa_yayinevi-mana-kitap","10":"pa_yazar-osman-usta","12":"first","13":"instock","14":"sale","15":"shipping-taxable","16":"purchasable","17":"product-type-simple"},"_links":{"self":[{"href":"https:\/\/roveyayinevi.com.tr\/index.php\/wp-json\/wp\/v2\/product\/713338","targetHints":{"allow":["GET"]}}],"collection":[{"href":"https:\/\/roveyayinevi.com.tr\/index.php\/wp-json\/wp\/v2\/product"}],"about":[{"href":"https:\/\/roveyayinevi.com.tr\/index.php\/wp-json\/wp\/v2\/types\/product"}],"wp:attachment":[{"href":"https:\/\/roveyayinevi.com.tr\/index.php\/wp-json\/wp\/v2\/media?parent=713338"}],"wp:term":[{"taxonomy":"product_brand","embeddable":true,"href":"https:\/\/roveyayinevi.com.tr\/index.php\/wp-json\/wp\/v2\/product_brand?post=713338"},{"taxonomy":"product_cat","embeddable":true,"href":"https:\/\/roveyayinevi.com.tr\/index.php\/wp-json\/wp\/v2\/product_cat?post=713338"},{"taxonomy":"product_tag","embeddable":true,"href":"https:\/\/roveyayinevi.com.tr\/index.php\/wp-json\/wp\/v2\/product_tag?post=713338"}],"curies":[{"name":"wp","href":"https:\/\/api.w.org\/{rel}","templated":true}]}}