{"id":713336,"date":"2025-08-27T17:06:28","date_gmt":"2025-08-27T14:06:28","guid":{"rendered":"https:\/\/roveyayinevi.com.tr\/index.php\/urun\/ic-mimarlikta-teknik-resim-tanimlar-tasari-geometri-teknik-resim-perspektif\/"},"modified":"2026-04-16T02:21:47","modified_gmt":"2026-04-15T23:21:47","slug":"ic-mimarlikta-teknik-resim-tanimlar-tasari-geometri-teknik-resim-perspektif","status":"publish","type":"product","link":"https:\/\/roveyayinevi.com.tr\/index.php\/urun\/ic-mimarlikta-teknik-resim-tanimlar-tasari-geometri-teknik-resim-perspektif\/","title":{"rendered":"\u0130\u00e7 Mimarl\u0131kta Teknik Resim &#8211; Tan\u0131mlar-Tasar\u0131 Geometri Teknik Resim-Perspektif"},"content":{"rendered":"<p>Bu kitap, i\u00e7 mimarlar\u0131n e\u011fitimleri ve profesyonel \u00e7al\u0131\u015fmalar\u0131 s\u0131ras\u0131nda kullanabilecekleri teknik resim bilgilerini i\u00e7eriyor. \u00d6\u011fretim \u00fcyesi olsun \u00f6\u011frenci olsun t\u00fcm ilgililer i\u00e7in temel \u00e7izim kurallar\u0131n\u0131n yan\u0131 s\u0131ra, \u00e7izim s\u0131ras\u0131nda yararl\u0131 olabilecek temel geometri bilgisi ve perspektif \u00e7izim y\u00f6ntemleri de bu kapsaml\u0131 \u00e7al\u0131\u015fman\u0131n i\u00e7inde yer al\u0131yor. \ufffcTan\u0131t\u0131m Metni<\/p>\n","protected":false},"excerpt":{"rendered":"<p>Bu kitap, i\u00e7 mimarlar\u0131n e\u011fitimleri ve profesyonel \u00e7al\u0131\u015fmalar\u0131 s\u0131ras\u0131nda kullanabilecekleri teknik resim bilgilerini i\u00e7eriyor. \u00d6\u011fretim \u00fcyesi olsun \u00f6\u011frenci olsun t\u00fcm ilgililer i\u00e7in temel \u00e7izim kurallar\u0131n\u0131n yan\u0131<span class=\"excerpt-hellip\"> [\u2026]<\/span><\/p>\n","protected":false},"featured_media":0,"template":"","meta":{"_monsterinsights_skip_tracking":false,"_monsterinsights_sitenote_active":false,"_monsterinsights_sitenote_note":"","_monsterinsights_sitenote_category":0},"product_brand":[],"product_cat":[13512,12408],"product_tag":[],"class_list":{"0":"post-713336","1":"product","2":"type-product","3":"status-publish","5":"product_cat-mimarlik","6":"product_cat-sanat","7":"pa_cilt-ciltsiz","8":"pa_tur-kitap","9":"pa_yayinevi-remzi-kitabevi","10":"pa_yazar-tahsin-canbulat","12":"first","13":"instock","14":"sale","15":"shipping-taxable","16":"purchasable","17":"product-type-simple"},"_links":{"self":[{"href":"https:\/\/roveyayinevi.com.tr\/index.php\/wp-json\/wp\/v2\/product\/713336","targetHints":{"allow":["GET"]}}],"collection":[{"href":"https:\/\/roveyayinevi.com.tr\/index.php\/wp-json\/wp\/v2\/product"}],"about":[{"href":"https:\/\/roveyayinevi.com.tr\/index.php\/wp-json\/wp\/v2\/types\/product"}],"wp:attachment":[{"href":"https:\/\/roveyayinevi.com.tr\/index.php\/wp-json\/wp\/v2\/media?parent=713336"}],"wp:term":[{"taxonomy":"product_brand","embeddable":true,"href":"https:\/\/roveyayinevi.com.tr\/index.php\/wp-json\/wp\/v2\/product_brand?post=713336"},{"taxonomy":"product_cat","embeddable":true,"href":"https:\/\/roveyayinevi.com.tr\/index.php\/wp-json\/wp\/v2\/product_cat?post=713336"},{"taxonomy":"product_tag","embeddable":true,"href":"https:\/\/roveyayinevi.com.tr\/index.php\/wp-json\/wp\/v2\/product_tag?post=713336"}],"curies":[{"name":"wp","href":"https:\/\/api.w.org\/{rel}","templated":true}]}}