{"id":713335,"date":"2025-08-27T17:06:28","date_gmt":"2025-08-27T14:06:28","guid":{"rendered":"https:\/\/roveyayinevi.com.tr\/index.php\/urun\/degisim-surecinde-turkiye\/"},"modified":"2026-04-13T02:27:09","modified_gmt":"2026-04-12T23:27:09","slug":"degisim-surecinde-turkiye","status":"publish","type":"product","link":"https:\/\/roveyayinevi.com.tr\/index.php\/urun\/degisim-surecinde-turkiye\/","title":{"rendered":"De\u011fi\u015fim S\u00fcrecinde T\u00fcrkiye"},"content":{"rendered":"<p>Avrupa, imparatorluklar\u0131n da\u011f\u0131lmas\u0131yla ulus devletlere d\u00f6n\u00fc\u015f\u00fcr ve ayd\u0131nlanman\u0131n ard\u0131ndan sanayi kapitalizmine ge\u00e7erken Osmanl\u0131 \u0130mparatorlu\u011fu hep bir \u00fcmmet devleti olarak kald\u0131. Ne tam olarak ayd\u0131nlanmaya girebildi ne de sanayi kapitalizminin getirdi\u011fi r\u00fczg\u00e2r\u0131 yakalayabildi. T\u00fcrkiye Cumhuriyeti\u2019nin kurulmas\u0131yla ayd\u0131nlanma ve sanayile\u015fme at\u0131l\u0131m\u0131 gibi kazan\u0131mlar \u00e7\u0131kt\u0131 ortaya. Ne var ki bunlar, toplumca bir \u00e7aba kar\u015f\u0131l\u0131\u011f\u0131 elde edilmi\u015f kazan\u0131mlardan \u00e7ok, ilerici bir kadronun getirdi\u011fi d\u00fczenlemelerdi. O nedenle de toplum taraf\u0131ndan tam olarak sahiplenilmediler. Son y\u00fcz y\u0131lda \u00fclkemizde ya\u015fanan sosyo-ekonomik evrim ba\u015flang\u0131\u00e7ta ileriye do\u011fru olsa da sonradan \u00e7ok daha kar\u0131\u015f\u0131k bir g\u00f6r\u00fcn\u00fcm i\u00e7ine girdi. Bizde hi\u00e7bir zaman geni\u015f bir sanayi burjuvazisi olu\u015famad\u0131. Daha \u00e7ok bir esnaf burjuvazisi olu\u015ftu. Hi\u00e7bir zaman kapitalizm, ahbap-\u00e7avu\u015f kapitalizmini a\u015famad\u0131. T\u00fcrkiye bazen Bat\u0131\u2019ya bazen Do\u011fu\u2019ya, bazen ileriye bazen geriye do\u011fru karars\u0131z bir denge i\u00e7inde savrulup durdu. Bu kitap T\u00fcrkiye\u2019nin Osmanl\u0131\u2019dan bu yana ya\u015fad\u0131\u011f\u0131 bu kar\u0131\u015f\u0131k ve karars\u0131z de\u011fi\u015fimi de\u011ferlendirmeyi ama\u00e7l\u0131yor. \ufffcTan\u0131t\u0131m Metni<\/p>\n","protected":false},"excerpt":{"rendered":"<p>Avrupa, imparatorluklar\u0131n da\u011f\u0131lmas\u0131yla ulus devletlere d\u00f6n\u00fc\u015f\u00fcr ve ayd\u0131nlanman\u0131n ard\u0131ndan sanayi kapitalizmine ge\u00e7erken Osmanl\u0131 \u0130mparatorlu\u011fu hep bir \u00fcmmet devleti olarak kald\u0131. Ne tam olarak ayd\u0131nlanmaya girebildi ne<span class=\"excerpt-hellip\"> [\u2026]<\/span><\/p>\n","protected":false},"featured_media":0,"template":"","meta":{"_monsterinsights_skip_tracking":false,"_monsterinsights_sitenote_active":false,"_monsterinsights_sitenote_note":"","_monsterinsights_sitenote_category":0},"product_brand":[],"product_cat":[13043,14144],"product_tag":[],"class_list":{"0":"post-713335","1":"product","2":"type-product","3":"status-publish","5":"product_cat-ekonomi","6":"product_cat-turkiye-ekonomisi","7":"pa_cilt-ciltsiz","8":"pa_tur-kitap","9":"pa_yayinevi-remzi-kitabevi","10":"pa_yazar-mahfi-egilmez","12":"first","13":"instock","14":"sale","15":"shipping-taxable","16":"purchasable","17":"product-type-simple"},"_links":{"self":[{"href":"https:\/\/roveyayinevi.com.tr\/index.php\/wp-json\/wp\/v2\/product\/713335","targetHints":{"allow":["GET"]}}],"collection":[{"href":"https:\/\/roveyayinevi.com.tr\/index.php\/wp-json\/wp\/v2\/product"}],"about":[{"href":"https:\/\/roveyayinevi.com.tr\/index.php\/wp-json\/wp\/v2\/types\/product"}],"wp:attachment":[{"href":"https:\/\/roveyayinevi.com.tr\/index.php\/wp-json\/wp\/v2\/media?parent=713335"}],"wp:term":[{"taxonomy":"product_brand","embeddable":true,"href":"https:\/\/roveyayinevi.com.tr\/index.php\/wp-json\/wp\/v2\/product_brand?post=713335"},{"taxonomy":"product_cat","embeddable":true,"href":"https:\/\/roveyayinevi.com.tr\/index.php\/wp-json\/wp\/v2\/product_cat?post=713335"},{"taxonomy":"product_tag","embeddable":true,"href":"https:\/\/roveyayinevi.com.tr\/index.php\/wp-json\/wp\/v2\/product_tag?post=713335"}],"curies":[{"name":"wp","href":"https:\/\/api.w.org\/{rel}","templated":true}]}}