{"id":713334,"date":"2025-08-27T17:06:27","date_gmt":"2025-08-27T14:06:27","guid":{"rendered":"https:\/\/roveyayinevi.com.tr\/index.php\/urun\/cilgin-projeler\/"},"modified":"2026-04-16T02:21:47","modified_gmt":"2026-04-15T23:21:47","slug":"cilgin-projeler","status":"publish","type":"product","link":"https:\/\/roveyayinevi.com.tr\/index.php\/urun\/cilgin-projeler\/","title":{"rendered":"\u00c7\u0131lg\u0131n Projeler"},"content":{"rendered":"<p>Bu kitap \u00c7\u0131lg\u0131n Projeleri anlat\u0131r.   \u00c7ok say\u0131da yerli ve yabanc\u0131 uzman, akademisyen, gazeteci ve aktivist g\u00fcn\u00fcm\u00fcz\u00fcn \u00f6nemli sorunlar\u0131ndan biri olan kalk\u0131nma-do\u011fa ili\u015fkisine dair \u00e7ok \u00f6nemli \u00e7\u0131kar\u0131mlar\u0131 dile getirdiler. Bu delili\u011fin sosyal ve ekolojik dengeye verdi\u011fi zararlar\u0131n en a\u00e7\u0131k bi\u00e7imde kendini g\u00f6r\u00fcn\u00fcr k\u0131ld\u0131\u011f\u0131 alanlardan biri, PaoloPrieri\u2019nin tan\u0131mlad\u0131\u011f\u0131 \u015fekliyle \u201cL\u00fczumsuz ve Empoze edilmi\u015f Projelerdir\u201d.  L\u00fczumsuz, zira hayali talep tahminlerine dayal\u0131 projelerin gerisinde insanlar\u0131n ger\u00e7ek ihtiya\u00e7lar\u0131n\u0131 kar\u015f\u0131lamaktan \u00e7ok, birtak\u0131m \u00e7\u0131kar \u00e7evrelerine rant aktarma vard\u0131r. Empoze edilmi\u015f, zira halk\u0131n paras\u0131yla, t\u00fcm canl\u0131lar\u0131n m\u00fc\u015fterekleri \u00fczerinde yap\u0131lmas\u0131 planlanan bu projelerde halk\u0131n ve do\u011fan\u0131n haklar\u0131n\u0131n esamesi okunmuyor, halk\u0131n karar alma mekanizmalar\u0131na kat\u0131l\u0131m\u0131 sa\u011flanm\u0131yor. Bu l\u00fczumsuz projelerin kabul g\u00f6rmek i\u00e7in, bir de halka \u201cpazarlanmas\u0131\u201d gerekiyor. Romen aktivistCodrutaNedelcu, bu pazarlama faaliyetini a\u015fama a\u015fama \u00e7ok veciz olarak \u015f\u00f6yle \u00f6zetliyor: 1.  Herkesi heyecanland\u0131ran b\u00fcy\u00fck rakamlar verin, 2. S\u00f6zde ulusal \u00e7\u0131kar kart\u0131n\u0131 oynay\u0131n, 3. Oyunu teknik konularla s\u0131n\u0131rland\u0131r\u0131n, sosyal ekolojik boyutunu gizleyin, 4. Bol bol teknik ifade kullanarak de\u011ferlendirmeyi insanlara yabanc\u0131la\u015ft\u0131r\u0131n, herkesin gururunu ok\u015fay\u0131n, 5. B\u00f6lgede ya\u015fayanlara istihdam s\u00f6z\u00fc verin. Son d\u00f6nemde T\u00fcrkiye\u2019de dayat\u0131lm\u0131\u015f projeler etraf\u0131nda h\u00fck\u00fcmet ve kontrol\u00fcndeki medya arac\u0131l\u0131\u011f\u0131yla y\u00fcr\u00fct\u00fclen kampanyalarda bu a\u015famalar\u0131n nas\u0131l titizlikle ele al\u0131nd\u0131\u011f\u0131n\u0131 \u00e7ok a\u00e7\u0131k. \u0130nsanlar\u0131n ger\u00e7ek ihtiya\u00e7lar\u0131n\u0131 kar\u015f\u0131lamayan, do\u011fan\u0131n haklar\u0131n\u0131 hi\u00e7e sayan projeler s\u00fcrd\u00fcr\u00fclemez. Bunlar, maliyeti insanlar\u0131n, do\u011fan\u0131n ve gelecek ku\u015faklar\u0131n \u00fcst\u00fcne y\u0131k\u0131lan, siyasi k\u00e2r\u0131n iktidara, ekonomik k\u00e2r\u0131n iktidara yak\u0131n i\u015f \u00e7evrelerine aktar\u0131ld\u0131\u011f\u0131 projelerdir. T\u00fcrkiye\u2019de ya da herhangi bir \u00fclkede, ekonomik kalk\u0131nma ad\u0131na tutulan mevcut yol ne toplumsal, ne ekolojik dahas\u0131 ne de ekonomik olarak s\u00fcrd\u00fcr\u00fclebilir de\u011fildir. Yol, k\u00f6pr\u00fc ya da kanal i\u00e7in ormanlar\u0131 talan eden, kentsel d\u00f6n\u00fc\u015f\u00fcm ad\u0131na insanlar\u0131 yerinden yurdundan eden bu projelere \u201cama ekonomik kalk\u0131nma i\u00e7in bunlar\u0131, bir s\u00fcre  g\u00f6zard\u0131 edebiliriz\u201d arg\u00fcman\u0131 arkas\u0131na s\u0131\u011f\u0131narak ekonomik bir gerek\u00e7e bile bulmak m\u00fcmk\u00fcn de\u011fildir. Zira bu projeler ekonomik olarak da s\u00fcrd\u00fcr\u00fclebilirli\u011fe hizmet etmemektedir. Bu projeleri besleyen demir-\u00e7elik, \u00e7imento, in\u015faat gibi sekt\u00f6rler, \u00fclkenin cari a\u00e7\u0131\u011f\u0131n\u0131 en fazla art\u0131ran sekt\u00f6rlerdir. K\u0131sa ve orta vadede \u00e7are, ekonomik yap\u0131n\u0131n ye\u015fil bir d\u00f6n\u00fc\u015f\u00fcme tabi tutulmas\u0131d\u0131r. Delili\u011fe ve delilere de\u011fil, o projeden etkilenecek insanlar\u0131n kat\u0131l\u0131m\u0131na, fikrine ve sa\u011fduyusuna ihtiyac\u0131m\u0131z var. Be\u015f on senelik yat\u0131r\u0131mlara de\u011fil, uzun \u00f6m\u00fcrl\u00fc ve \u00e7a\u011f\u0131n gerektirdi\u011fi giri\u015fimlere ihtiyac\u0131m\u0131z var. T\u00fcm bunlar kendili\u011finden olmayacak. \u0130\u015fte o noktada da halk\u0131n kat\u0131l\u0131m\u0131na ve sahiplenmesine ihtiyac\u0131m\u0131z var.   Okuduk\u00e7a hayrete d\u00fc\u015fece\u011finiz ve alternatiflerinin nas\u0131l m\u00fcmk\u00fcn oldu\u011funu g\u00f6rece\u011finiz bu kitap, size umut verecek. Unutulmas\u0131n hi\u00e7 bir \u015fey yapmayan\u0131n umudu da olmaz. Umudu olmayan insan\u0131n, gelece\u011fi de olmaz. <\/p>\n","protected":false},"excerpt":{"rendered":"<p>Bu kitap \u00c7\u0131lg\u0131n Projeleri anlat\u0131r. \u00c7ok say\u0131da yerli ve yabanc\u0131 uzman, akademisyen, gazeteci ve aktivist g\u00fcn\u00fcm\u00fcz\u00fcn \u00f6nemli sorunlar\u0131ndan biri olan kalk\u0131nma-do\u011fa ili\u015fkisine dair \u00e7ok \u00f6nemli \u00e7\u0131kar\u0131mlar\u0131<span class=\"excerpt-hellip\"> [\u2026]<\/span><\/p>\n","protected":false},"featured_media":0,"template":"","meta":{"_monsterinsights_skip_tracking":false,"_monsterinsights_sitenote_active":false,"_monsterinsights_sitenote_note":"","_monsterinsights_sitenote_category":0},"product_brand":[],"product_cat":[23323,12364],"product_tag":[],"class_list":{"0":"post-713334","1":"product","2":"type-product","3":"status-publish","5":"product_cat-ekoloji","6":"product_cat-genel-konular","7":"pa_cilt-ciltsiz","8":"pa_tur-kitap","9":"pa_yayinevi-yeni-insan-yayinlari","10":"pa_yazar-kollektif","12":"first","13":"instock","14":"sale","15":"shipping-taxable","16":"purchasable","17":"product-type-simple"},"_links":{"self":[{"href":"https:\/\/roveyayinevi.com.tr\/index.php\/wp-json\/wp\/v2\/product\/713334","targetHints":{"allow":["GET"]}}],"collection":[{"href":"https:\/\/roveyayinevi.com.tr\/index.php\/wp-json\/wp\/v2\/product"}],"about":[{"href":"https:\/\/roveyayinevi.com.tr\/index.php\/wp-json\/wp\/v2\/types\/product"}],"wp:attachment":[{"href":"https:\/\/roveyayinevi.com.tr\/index.php\/wp-json\/wp\/v2\/media?parent=713334"}],"wp:term":[{"taxonomy":"product_brand","embeddable":true,"href":"https:\/\/roveyayinevi.com.tr\/index.php\/wp-json\/wp\/v2\/product_brand?post=713334"},{"taxonomy":"product_cat","embeddable":true,"href":"https:\/\/roveyayinevi.com.tr\/index.php\/wp-json\/wp\/v2\/product_cat?post=713334"},{"taxonomy":"product_tag","embeddable":true,"href":"https:\/\/roveyayinevi.com.tr\/index.php\/wp-json\/wp\/v2\/product_tag?post=713334"}],"curies":[{"name":"wp","href":"https:\/\/api.w.org\/{rel}","templated":true}]}}