{"id":713333,"date":"2025-08-27T17:06:27","date_gmt":"2025-08-27T14:06:27","guid":{"rendered":"https:\/\/roveyayinevi.com.tr\/index.php\/urun\/basibozuk-gunceler\/"},"modified":"2026-04-16T02:21:47","modified_gmt":"2026-04-15T23:21:47","slug":"basibozuk-gunceler","status":"publish","type":"product","link":"https:\/\/roveyayinevi.com.tr\/index.php\/urun\/basibozuk-gunceler\/","title":{"rendered":"Ba\u015f\u0131bozuk G\u00fcnceler"},"content":{"rendered":"<p>Ece Ayhan&#8217;\u0131n g\u00fcncelle\u015ftirilmi\u015f g\u00fcncesi, yaln\u0131zca \u015fairin i\u00e7 ve d\u0131\u015f yolculu\u011funun d\u00f6k\u00fcm\u00fcn\u00fc i\u00e7ermekle kalm\u0131yor: Bir o kadar da, yak\u0131n d\u00f6nem k\u00fclt\u00fcr hayat\u0131m\u0131z\u0131n dinamik ve doruk b\u00f6lgelerinde sa\u011f\u0131r edici bir nab\u0131z gibi y\u00fcksek sesle \u00e7al\u0131\u015f\u0131yor. Ece Ayhan, T\u00fcrk edebiyat\u0131n\u0131n asi \u0130sa&#8217;s\u0131. <\/p>\n","protected":false},"excerpt":{"rendered":"<p>Ece Ayhan&#8217;\u0131n g\u00fcncelle\u015ftirilmi\u015f g\u00fcncesi, yaln\u0131zca \u015fairin i\u00e7 ve d\u0131\u015f yolculu\u011funun d\u00f6k\u00fcm\u00fcn\u00fc i\u00e7ermekle kalm\u0131yor: Bir o kadar da, yak\u0131n d\u00f6nem k\u00fclt\u00fcr hayat\u0131m\u0131z\u0131n dinamik ve doruk b\u00f6lgelerinde sa\u011f\u0131r<span class=\"excerpt-hellip\"> [\u2026]<\/span><\/p>\n","protected":false},"featured_media":0,"template":"","meta":{"_monsterinsights_skip_tracking":false,"_monsterinsights_sitenote_active":false,"_monsterinsights_sitenote_note":"","_monsterinsights_sitenote_category":0},"product_brand":[],"product_cat":[13701,12291],"product_tag":[],"class_list":{"0":"post-713333","1":"product","2":"type-product","3":"status-publish","5":"product_cat-ani-mektup-gunluk","6":"product_cat-edebiyat","7":"pa_cilt-ciltsiz","8":"pa_tur-kitap","9":"pa_yayinevi-yapi-kredi-yayinlari","10":"pa_yazar-ece-ayhan","12":"first","13":"instock","14":"sale","15":"shipping-taxable","16":"purchasable","17":"product-type-simple"},"_links":{"self":[{"href":"https:\/\/roveyayinevi.com.tr\/index.php\/wp-json\/wp\/v2\/product\/713333","targetHints":{"allow":["GET"]}}],"collection":[{"href":"https:\/\/roveyayinevi.com.tr\/index.php\/wp-json\/wp\/v2\/product"}],"about":[{"href":"https:\/\/roveyayinevi.com.tr\/index.php\/wp-json\/wp\/v2\/types\/product"}],"wp:attachment":[{"href":"https:\/\/roveyayinevi.com.tr\/index.php\/wp-json\/wp\/v2\/media?parent=713333"}],"wp:term":[{"taxonomy":"product_brand","embeddable":true,"href":"https:\/\/roveyayinevi.com.tr\/index.php\/wp-json\/wp\/v2\/product_brand?post=713333"},{"taxonomy":"product_cat","embeddable":true,"href":"https:\/\/roveyayinevi.com.tr\/index.php\/wp-json\/wp\/v2\/product_cat?post=713333"},{"taxonomy":"product_tag","embeddable":true,"href":"https:\/\/roveyayinevi.com.tr\/index.php\/wp-json\/wp\/v2\/product_tag?post=713333"}],"curies":[{"name":"wp","href":"https:\/\/api.w.org\/{rel}","templated":true}]}}