{"id":713332,"date":"2025-08-27T17:06:26","date_gmt":"2025-08-27T14:06:26","guid":{"rendered":"https:\/\/roveyayinevi.com.tr\/index.php\/urun\/vatan-yahut-silistre-8\/"},"modified":"2026-04-16T02:21:47","modified_gmt":"2026-04-15T23:21:47","slug":"vatan-yahut-silistre-8","status":"publish","type":"product","link":"https:\/\/roveyayinevi.com.tr\/index.php\/urun\/vatan-yahut-silistre-8\/","title":{"rendered":"Vatan Yahut Silistre"},"content":{"rendered":"<p>Vatan ve \u00f6zg\u00fcrl\u00fck \u015fairi Nam\u0131k Kemal, \u00f6mr\u00fc boyunca yurt sevgisini ve \u00f6zg\u00fcrl\u00fck a\u015fk\u0131n\u0131 a\u015f\u0131lamak i\u00e7in \u00e7al\u0131\u015fm\u0131\u015f bir edebiyat insan\u0131, gazeteci ve ayd\u0131nd\u0131r. T\u00fcrkiye\u2019de ayd\u0131nlanman\u0131n \u00f6nc\u00fc isimlerindendir. Onun zulme ve esarete kar\u015f\u0131 m\u00fccadeleyi anlatan eserleri, Kurtulu\u015f Sava\u015f\u0131\u2019na giden yolda halk\u0131n bilincinde b\u00fcy\u00fck yer tutmu\u015f, kendinden sonraki ku\u015faklar\u0131 da etkilemi\u015ftir. Tiyatronun modernle\u015fmesi i\u00e7in b\u00fcy\u00fck \u00e7aba harcayan Nam\u0131k Kemal, izleyicilere belli d\u00fc\u015f\u00fcnceleri aktarmak i\u00e7in en yararl\u0131 ve e\u011flenceli yolun tiyatro oldu\u011funu d\u00fc\u015f\u00fcnerek piyesler yazm\u0131\u015ft\u0131r. \u201cVatan\u201d, \u201ch\u00fcrriyet\u201d, \u201cmillet\u201d gibi kavramlar\u0131 tiyatro eserlerinde de s\u0131k\u00e7a kullanarak d\u00fc\u015f\u00fcncelerini halka bu yolla iletmi\u015ftir. Bat\u0131l\u0131 anlamda ilk tiyatro eseri olarak kabul edilen Vatan Yahut Silistre, ku\u015fatma alt\u0131ndaki bir kalenin \u00f6zveriyle kurtulu\u015funun \u00f6yk\u00fcs\u00fcd\u00fcr. \u0130\u00e7inde tutkulu bir a\u015fk hik\u00e2yesini de bar\u0131nd\u0131r\u0131r. Oyunun sahnelenmesinin ard\u0131ndan izleyiciler \u00e7ok etkilenmi\u015f, Nam\u0131k Kemal ve arkada\u015flar\u0131n\u0131n s\u00fcrg\u00fcne g\u00f6nderilmesine neden olacak kadar b\u00fcy\u00fck g\u00f6steriler yap\u0131lm\u0131\u015ft\u0131r. <\/p>\n","protected":false},"excerpt":{"rendered":"<p>Vatan ve \u00f6zg\u00fcrl\u00fck \u015fairi Nam\u0131k Kemal, \u00f6mr\u00fc boyunca yurt sevgisini ve \u00f6zg\u00fcrl\u00fck a\u015fk\u0131n\u0131 a\u015f\u0131lamak i\u00e7in \u00e7al\u0131\u015fm\u0131\u015f bir edebiyat insan\u0131, gazeteci ve ayd\u0131nd\u0131r. T\u00fcrkiye\u2019de ayd\u0131nlanman\u0131n \u00f6nc\u00fc isimlerindendir.<span class=\"excerpt-hellip\"> [\u2026]<\/span><\/p>\n","protected":false},"featured_media":0,"template":"","meta":{"_monsterinsights_skip_tracking":false,"_monsterinsights_sitenote_active":false,"_monsterinsights_sitenote_note":"","_monsterinsights_sitenote_category":0},"product_brand":[],"product_cat":[12291,15566],"product_tag":[],"class_list":{"0":"post-713332","1":"product","2":"type-product","3":"status-publish","5":"product_cat-edebiyat","6":"product_cat-oyun","7":"pa_cilt-ciltsiz","8":"pa_tur-kitap","9":"pa_yayinevi-bilgi-yayinevi","10":"pa_yazar-namik-kemal","12":"first","13":"instock","14":"sale","15":"shipping-taxable","16":"purchasable","17":"product-type-simple"},"_links":{"self":[{"href":"https:\/\/roveyayinevi.com.tr\/index.php\/wp-json\/wp\/v2\/product\/713332","targetHints":{"allow":["GET"]}}],"collection":[{"href":"https:\/\/roveyayinevi.com.tr\/index.php\/wp-json\/wp\/v2\/product"}],"about":[{"href":"https:\/\/roveyayinevi.com.tr\/index.php\/wp-json\/wp\/v2\/types\/product"}],"wp:attachment":[{"href":"https:\/\/roveyayinevi.com.tr\/index.php\/wp-json\/wp\/v2\/media?parent=713332"}],"wp:term":[{"taxonomy":"product_brand","embeddable":true,"href":"https:\/\/roveyayinevi.com.tr\/index.php\/wp-json\/wp\/v2\/product_brand?post=713332"},{"taxonomy":"product_cat","embeddable":true,"href":"https:\/\/roveyayinevi.com.tr\/index.php\/wp-json\/wp\/v2\/product_cat?post=713332"},{"taxonomy":"product_tag","embeddable":true,"href":"https:\/\/roveyayinevi.com.tr\/index.php\/wp-json\/wp\/v2\/product_tag?post=713332"}],"curies":[{"name":"wp","href":"https:\/\/api.w.org\/{rel}","templated":true}]}}