{"id":713331,"date":"2025-08-27T17:06:26","date_gmt":"2025-08-27T14:06:26","guid":{"rendered":"https:\/\/roveyayinevi.com.tr\/index.php\/urun\/altin-isik-7\/"},"modified":"2026-04-16T02:21:47","modified_gmt":"2026-04-15T23:21:47","slug":"altin-isik-7","status":"publish","type":"product","link":"https:\/\/roveyayinevi.com.tr\/index.php\/urun\/altin-isik-7\/","title":{"rendered":"Alt\u0131n I\u015f\u0131k"},"content":{"rendered":"<p>Osmanl\u0131\u2019n\u0131n son d\u00f6nemlerinde fikirleriyle dikkat \u00e7eken, sosyoloji alan\u0131n\u0131n ilk temsilcilerinden olan Ziya G\u00f6kalp, toplumsal ve siyasal g\u00f6r\u00fc\u015flerini anlatt\u0131\u011f\u0131 say\u0131s\u0131z makale yazm\u0131\u015ft\u0131r. Yazd\u0131\u011f\u0131 makalelerle hem d\u00f6neminin ayd\u0131nlar\u0131n\u0131 hem de kendinden sonra gelen ku\u015faklar\u0131 etkilemi\u015ftir. Makalelerinin yan\u0131 s\u0131ra didaktik \u015fiirler de yazan G\u00f6kalp, ulus ve tarih bilincini yerle\u015ftirmek, ulusal de\u011ferleri halka benimsetmek amac\u0131yla eserlerini kaleme alm\u0131\u015ft\u0131r. T\u00fcrklerin Orta Asya\u2019dan beri s\u00fcregelen k\u00fclt\u00fcr\u00fcn\u00fc ya\u015fatmak isteyen G\u00f6kalp\u2019in 1922\u2019de yay\u0131mlad\u0131\u011f\u0131 Alt\u0131n I\u015f\u0131k, manzum ve mensur masallardan, Dede Korkut\u2019tan manzumla\u015ft\u0131rd\u0131\u011f\u0131 par\u00e7alardan ve iki perdelik tiyatro oyunundan olu\u015fmaktad\u0131r. <\/p>\n","protected":false},"excerpt":{"rendered":"<p>Osmanl\u0131\u2019n\u0131n son d\u00f6nemlerinde fikirleriyle dikkat \u00e7eken, sosyoloji alan\u0131n\u0131n ilk temsilcilerinden olan Ziya G\u00f6kalp, toplumsal ve siyasal g\u00f6r\u00fc\u015flerini anlatt\u0131\u011f\u0131 say\u0131s\u0131z makale yazm\u0131\u015ft\u0131r. Yazd\u0131\u011f\u0131 makalelerle hem d\u00f6neminin ayd\u0131nlar\u0131n\u0131<span class=\"excerpt-hellip\"> [\u2026]<\/span><\/p>\n","protected":false},"featured_media":0,"template":"","meta":{"_monsterinsights_skip_tracking":false,"_monsterinsights_sitenote_active":false,"_monsterinsights_sitenote_note":"","_monsterinsights_sitenote_category":0},"product_brand":[],"product_cat":[12274,20117],"product_tag":[],"class_list":{"0":"post-713331","1":"product","2":"type-product","3":"status-publish","5":"product_cat-cocuk-ve-genclik-kitaplari","6":"product_cat-turk-klasikleri","7":"pa_cilt-ciltsiz","8":"pa_tur-kitap","9":"pa_yayinevi-bilgi-yayinevi","10":"pa_yazar-ziya-gokalp","12":"first","13":"instock","14":"sale","15":"shipping-taxable","16":"purchasable","17":"product-type-simple"},"_links":{"self":[{"href":"https:\/\/roveyayinevi.com.tr\/index.php\/wp-json\/wp\/v2\/product\/713331","targetHints":{"allow":["GET"]}}],"collection":[{"href":"https:\/\/roveyayinevi.com.tr\/index.php\/wp-json\/wp\/v2\/product"}],"about":[{"href":"https:\/\/roveyayinevi.com.tr\/index.php\/wp-json\/wp\/v2\/types\/product"}],"wp:attachment":[{"href":"https:\/\/roveyayinevi.com.tr\/index.php\/wp-json\/wp\/v2\/media?parent=713331"}],"wp:term":[{"taxonomy":"product_brand","embeddable":true,"href":"https:\/\/roveyayinevi.com.tr\/index.php\/wp-json\/wp\/v2\/product_brand?post=713331"},{"taxonomy":"product_cat","embeddable":true,"href":"https:\/\/roveyayinevi.com.tr\/index.php\/wp-json\/wp\/v2\/product_cat?post=713331"},{"taxonomy":"product_tag","embeddable":true,"href":"https:\/\/roveyayinevi.com.tr\/index.php\/wp-json\/wp\/v2\/product_tag?post=713331"}],"curies":[{"name":"wp","href":"https:\/\/api.w.org\/{rel}","templated":true}]}}