{"id":713330,"date":"2025-08-27T17:06:25","date_gmt":"2025-08-27T14:06:25","guid":{"rendered":"https:\/\/roveyayinevi.com.tr\/index.php\/urun\/5-5\/"},"modified":"2026-04-16T02:21:47","modified_gmt":"2026-04-15T23:21:47","slug":"5-5","status":"publish","type":"product","link":"https:\/\/roveyayinevi.com.tr\/index.php\/urun\/5-5\/","title":{"rendered":"5.5"},"content":{"rendered":"<p>Ac\u0131 Kahve, Zifir-i Mavi, Sihr-i Ye\u015fil, Kan K\u0131rm\u0131z\u0131 ve Kahr-\u0131 Sar\u0131.Birbirinden farkl\u0131 be\u015f hayat ve birbirinden ac\u0131 be\u015f hik\u00e2ye. Bir noktada kesi\u015fen fakat sonras\u0131nda kendi yoluna devam eden insanlar.Ya\u015fam\u0131n\u0131zda dibe vurdu\u011funuz ve daha da batamayaca\u011f\u0131n\u0131z\u0131 d\u00fc\u015f\u00fcnd\u00fc\u011f\u00fcn\u00fcz i\u00e7in vazge\u00e7ti\u011finiz oldu mu hi\u00e7? \u00c7\u0131kmaya \u00e7al\u0131\u015ft\u0131k\u00e7a daha a\u015fa\u011f\u0131ya \u00e7ekildi\u011finiz, \u00fczerinizde sanki hi\u00e7 y\u00fck yokmu\u015f gibi daha \u00e7ok y\u00fck ta\u015f\u0131mak zorunda b\u0131rak\u0131ld\u0131\u011f\u0131n\u0131z\u2026   Her \u015feye ra\u011fmen \u00e7are aramay\u0131, bir \u00e7\u0131k\u0131\u015f yolu bulmay\u0131 hedeflemeli insan. G\u00f6k\u00e7e Atabek,anlat\u0131m\u0131n\u0131n ak\u0131c\u0131l\u0131\u011f\u0131 sayesinde okuyucuyu sayfalar\u0131n aras\u0131na \u00e7ekti\u011fi bu roman\u0131nda, umuttan hi\u00e7 vazge\u00e7memeniz gerekti\u011fini anlat\u0131yor. Adalete inan\u0131yor musunuz? <\/p>\n","protected":false},"excerpt":{"rendered":"<p>Ac\u0131 Kahve, Zifir-i Mavi, Sihr-i Ye\u015fil, Kan K\u0131rm\u0131z\u0131 ve Kahr-\u0131 Sar\u0131.Birbirinden farkl\u0131 be\u015f hayat ve birbirinden ac\u0131 be\u015f hik\u00e2ye. Bir noktada kesi\u015fen fakat sonras\u0131nda kendi yoluna<span class=\"excerpt-hellip\"> [\u2026]<\/span><\/p>\n","protected":false},"featured_media":0,"template":"","meta":{"_monsterinsights_skip_tracking":false,"_monsterinsights_sitenote_active":false,"_monsterinsights_sitenote_note":"","_monsterinsights_sitenote_category":0},"product_brand":[],"product_cat":[12291,12711],"product_tag":[],"class_list":{"0":"post-713330","1":"product","2":"type-product","3":"status-publish","5":"product_cat-edebiyat","6":"product_cat-roman-oyku","7":"pa_cilt-ciltsiz","8":"pa_tur-kitap","9":"pa_yayinevi-kitap-saati-yayinevi","10":"pa_yazar-gokce-atabek","12":"first","13":"instock","14":"sale","15":"shipping-taxable","16":"purchasable","17":"product-type-simple"},"_links":{"self":[{"href":"https:\/\/roveyayinevi.com.tr\/index.php\/wp-json\/wp\/v2\/product\/713330","targetHints":{"allow":["GET"]}}],"collection":[{"href":"https:\/\/roveyayinevi.com.tr\/index.php\/wp-json\/wp\/v2\/product"}],"about":[{"href":"https:\/\/roveyayinevi.com.tr\/index.php\/wp-json\/wp\/v2\/types\/product"}],"wp:attachment":[{"href":"https:\/\/roveyayinevi.com.tr\/index.php\/wp-json\/wp\/v2\/media?parent=713330"}],"wp:term":[{"taxonomy":"product_brand","embeddable":true,"href":"https:\/\/roveyayinevi.com.tr\/index.php\/wp-json\/wp\/v2\/product_brand?post=713330"},{"taxonomy":"product_cat","embeddable":true,"href":"https:\/\/roveyayinevi.com.tr\/index.php\/wp-json\/wp\/v2\/product_cat?post=713330"},{"taxonomy":"product_tag","embeddable":true,"href":"https:\/\/roveyayinevi.com.tr\/index.php\/wp-json\/wp\/v2\/product_tag?post=713330"}],"curies":[{"name":"wp","href":"https:\/\/api.w.org\/{rel}","templated":true}]}}