{"id":713329,"date":"2025-08-27T17:06:24","date_gmt":"2025-08-27T14:06:24","guid":{"rendered":"https:\/\/roveyayinevi.com.tr\/index.php\/urun\/ahlaksiz-buyume\/"},"modified":"2026-04-16T02:21:47","modified_gmt":"2026-04-15T23:21:47","slug":"ahlaksiz-buyume","status":"publish","type":"product","link":"https:\/\/roveyayinevi.com.tr\/index.php\/urun\/ahlaksiz-buyume\/","title":{"rendered":"Ahlaks\u0131z B\u00fcy\u00fcme"},"content":{"rendered":"<p>Murathan Mungan \u201cBu \u00fclkenin resm\u00ee dini ikiy\u00fczl\u00fcl\u00fckt\u00fcr.\u201d derken; \u015eevket Pamuk yolsuzlu\u011fun, d\u00fczenin kendisi oldu\u011funu s\u00f6ylerken; Ayfer Tun\u00e7, bir ahlak buhran\u0131nda ya\u015fad\u0131\u011f\u0131m\u0131zdan bahsederken; G\u00fclse Birsel, Yalan D\u00fcnya\u2019daki kurgunun ve karakterlerin, \u00fclkede olanlardan daha ciddi ve ahlakl\u0131 oldu\u011fundan dert yanarken; Hakan G\u00fcnday, Zargana\u2019da \u201cMatemati\u011fi kuvvetli de\u011fildi fakat \u00e7\u0131karlar\u0131n\u0131 hesaplamas\u0131n\u0131 iyi bilirdi.\u201d c\u00fcmlesini sarf ederken fark\u0131nda olmadan T\u00fcrkiye\u2019yi y\u0131llard\u0131r yiyip bitiren ancak, ad\u0131 konulamayan bir kavram\u0131 tasvir ediyor asl\u0131nda. T\u00fcrkiye\u2019nin uzun d\u00f6nem ekonomik b\u00fcy\u00fcme hik\u00e2yesine farkl\u0131 bir bak\u0131\u015f a\u00e7\u0131s\u0131 getiren bu kitap, bu kavram\u0131n ad\u0131n\u0131 koyuyor: Ahlaks\u0131z B\u00fcy\u00fcme.<\/p>\n","protected":false},"excerpt":{"rendered":"<p>Murathan Mungan \u201cBu \u00fclkenin resm\u00ee dini ikiy\u00fczl\u00fcl\u00fckt\u00fcr.\u201d derken; \u015eevket Pamuk yolsuzlu\u011fun, d\u00fczenin kendisi oldu\u011funu s\u00f6ylerken; Ayfer Tun\u00e7, bir ahlak buhran\u0131nda ya\u015fad\u0131\u011f\u0131m\u0131zdan bahsederken; G\u00fclse Birsel, Yalan D\u00fcnya\u2019daki<span class=\"excerpt-hellip\"> [\u2026]<\/span><\/p>\n","protected":false},"featured_media":0,"template":"","meta":{"_monsterinsights_skip_tracking":false,"_monsterinsights_sitenote_active":false,"_monsterinsights_sitenote_note":"","_monsterinsights_sitenote_category":0},"product_brand":[],"product_cat":[12567,12566],"product_tag":[],"class_list":{"0":"post-713329","1":"product","2":"type-product","3":"status-publish","5":"product_cat-diger-egitim","6":"product_cat-egitim","7":"pa_cilt-ciltsiz","8":"pa_tur-kitap","9":"pa_yayinevi-efil-yayinevi","10":"pa_yazar-erkan-erdil","11":"pa_yazar-ibrahim-semih-akcomak","12":"pa_yazar-mehmet-teoman-pamukcu","13":"pa_yazar-murad-tiryakioglu-der","15":"first","16":"instock","17":"sale","18":"shipping-taxable","19":"purchasable","20":"product-type-simple"},"_links":{"self":[{"href":"https:\/\/roveyayinevi.com.tr\/index.php\/wp-json\/wp\/v2\/product\/713329","targetHints":{"allow":["GET"]}}],"collection":[{"href":"https:\/\/roveyayinevi.com.tr\/index.php\/wp-json\/wp\/v2\/product"}],"about":[{"href":"https:\/\/roveyayinevi.com.tr\/index.php\/wp-json\/wp\/v2\/types\/product"}],"wp:attachment":[{"href":"https:\/\/roveyayinevi.com.tr\/index.php\/wp-json\/wp\/v2\/media?parent=713329"}],"wp:term":[{"taxonomy":"product_brand","embeddable":true,"href":"https:\/\/roveyayinevi.com.tr\/index.php\/wp-json\/wp\/v2\/product_brand?post=713329"},{"taxonomy":"product_cat","embeddable":true,"href":"https:\/\/roveyayinevi.com.tr\/index.php\/wp-json\/wp\/v2\/product_cat?post=713329"},{"taxonomy":"product_tag","embeddable":true,"href":"https:\/\/roveyayinevi.com.tr\/index.php\/wp-json\/wp\/v2\/product_tag?post=713329"}],"curies":[{"name":"wp","href":"https:\/\/api.w.org\/{rel}","templated":true}]}}