{"id":713325,"date":"2025-08-27T17:06:22","date_gmt":"2025-08-27T14:06:22","guid":{"rendered":"https:\/\/roveyayinevi.com.tr\/index.php\/urun\/mavi-bisiklet-atilin-maceralari-2\/"},"modified":"2026-04-16T02:21:47","modified_gmt":"2026-04-15T23:21:47","slug":"mavi-bisiklet-atilin-maceralari-2","status":"publish","type":"product","link":"https:\/\/roveyayinevi.com.tr\/index.php\/urun\/mavi-bisiklet-atilin-maceralari-2\/","title":{"rendered":"Mavi Bisiklet &#8211; At\u0131l&#8217;\u0131n Maceralar\u0131 2"},"content":{"rendered":"<p>Zeki ve arkada\u015f canl\u0131s\u0131 olmas\u0131na kar\u015f\u0131n haylaz bir \u00e7ocuk At\u0131l. Hem de son derece!.. Bu bazen, onu seven ve ona g\u00fcvenen arkada\u015flar\u0131 ve \u00f6\u011fretmeniyle aras\u0131nda sorunlar yaratsa da s\u0131navlara haz\u0131rlan\u0131rken bir yandan da \u00e7ocuklu\u011funu ya\u015famak istiyor. K\u00fc\u00e7\u00fck haylazl\u0131klar\u0131 s\u0131n\u0131rlar\u0131 zorlarken, hatalar\u0131ndan ders \u00e7\u0131karmay\u0131 da ihmal etmiyor. At\u0131l y\u0131l sonu m\u00fcsameresindeki ba\u015frol\u00fc kapmak i\u00e7in t\u00fcrl\u00fc numaralar deniyor. Bir de\u2026 Bir de dedesinin hediye olarak getirdi\u011fi mavi bisikleti var ki hi\u00e7 sormay\u0131n. Bisikletle dola\u015fma izni koparmak i\u00e7in atmad\u0131\u011f\u0131 takla kalm\u0131yor. <\/p>\n","protected":false},"excerpt":{"rendered":"<p>Zeki ve arkada\u015f canl\u0131s\u0131 olmas\u0131na kar\u015f\u0131n haylaz bir \u00e7ocuk At\u0131l. Hem de son derece!.. Bu bazen, onu seven ve ona g\u00fcvenen arkada\u015flar\u0131 ve \u00f6\u011fretmeniyle aras\u0131nda sorunlar<span class=\"excerpt-hellip\"> [\u2026]<\/span><\/p>\n","protected":false},"featured_media":0,"template":"","meta":{"_monsterinsights_skip_tracking":false,"_monsterinsights_sitenote_active":false,"_monsterinsights_sitenote_note":"","_monsterinsights_sitenote_category":0},"product_brand":[],"product_cat":[12275,12274],"product_tag":[],"class_list":{"0":"post-713325","1":"product","2":"type-product","3":"status-publish","5":"product_cat-6-12-yas-kitaplari","6":"product_cat-cocuk-ve-genclik-kitaplari","7":"pa_cilt-ciltsiz","8":"pa_tur-kitap","9":"pa_yayinevi-masalperest-ozel-urun","10":"pa_yazar-ibrahim-ors","12":"first","13":"instock","14":"sale","15":"shipping-taxable","16":"purchasable","17":"product-type-simple"},"_links":{"self":[{"href":"https:\/\/roveyayinevi.com.tr\/index.php\/wp-json\/wp\/v2\/product\/713325","targetHints":{"allow":["GET"]}}],"collection":[{"href":"https:\/\/roveyayinevi.com.tr\/index.php\/wp-json\/wp\/v2\/product"}],"about":[{"href":"https:\/\/roveyayinevi.com.tr\/index.php\/wp-json\/wp\/v2\/types\/product"}],"wp:attachment":[{"href":"https:\/\/roveyayinevi.com.tr\/index.php\/wp-json\/wp\/v2\/media?parent=713325"}],"wp:term":[{"taxonomy":"product_brand","embeddable":true,"href":"https:\/\/roveyayinevi.com.tr\/index.php\/wp-json\/wp\/v2\/product_brand?post=713325"},{"taxonomy":"product_cat","embeddable":true,"href":"https:\/\/roveyayinevi.com.tr\/index.php\/wp-json\/wp\/v2\/product_cat?post=713325"},{"taxonomy":"product_tag","embeddable":true,"href":"https:\/\/roveyayinevi.com.tr\/index.php\/wp-json\/wp\/v2\/product_tag?post=713325"}],"curies":[{"name":"wp","href":"https:\/\/api.w.org\/{rel}","templated":true}]}}