{"id":713324,"date":"2025-08-27T17:06:22","date_gmt":"2025-08-27T14:06:22","guid":{"rendered":"https:\/\/roveyayinevi.com.tr\/index.php\/urun\/leonardo-olmak\/"},"modified":"2026-04-16T02:21:47","modified_gmt":"2026-04-15T23:21:47","slug":"leonardo-olmak","status":"publish","type":"product","link":"https:\/\/roveyayinevi.com.tr\/index.php\/urun\/leonardo-olmak\/","title":{"rendered":"Leonardo Olmak"},"content":{"rendered":"<p>R\u00f6nesans\u2019\u0131n y\u0131ld\u0131z\u0131, resim ve m\u00fchendisli\u011fin dehas\u0131, \u015fifrelerin ustas\u0131\u2026 500 y\u0131l sonras\u0131nda \u00fczerine boca edilen methiyeler aras\u0131nda kaybolan bir Leonardo\u2019dan bahsediyor bu kitap. Gayrime\u015fru o\u011ful, istenmeyen evlat; ald\u0131\u011f\u0131 i\u015flerin \u00e7o\u011funu yar\u0131m b\u0131rakm\u0131\u015f, veba salg\u0131nlar\u0131, komplolar ve sava\u015flar aras\u0131nda \u015fehirden \u015fehre gezmek, \u00e7ok defa en ba\u015f\u0131ndan ba\u015flamak zorunda kalm\u0131\u015f, ters yaz\u0131s\u0131 ve garip hareketleriyle toplumuna uyumsuz bir bireyden bahsediyor. D\u00fcnyay\u0131 resmederek g\u00f6r\u00fcyor, inat m\u0131 inat, merak\u0131 hi\u00e7 dinmiyor lakin kendini bir t\u00fcrl\u00fc anlatam\u0131yordu. Onu, evrensel bir d\u00e2hi olarak d\u00fc\u015f\u00fcn\u00fcyoruz ama Leonardo s\u0131n\u0131rlanm\u0131\u015f hissediyor, bilgisiz oldu\u011funu d\u00fc\u015f\u00fcn\u00fcyordu. Bug\u00fcn ba\u015fka bi\u00e7imde g\u00f6r\u00fcyoruz \u00e7\u00fcnk\u00fc genel \u015fartlar\u0131 bilmiyoruz ve Leonardo\u2019nun tam g\u00fcn \u00e7al\u0131\u015fan bir d\u00e2hi oldu\u011fu fikrine kendimizi kapt\u0131rma e\u011filimindeyiz. Yani, ne oldu? Bu kadar az i\u015f yapt\u0131ktan sonra ve bu denli nevi \u015fahs\u0131na m\u00fcnhas\u0131r bir ki\u015filikle Leonardo, nas\u0131l oldu da tarihin en \u00fcnl\u00fc d\u00e2hilerinden birisi olarak son noktay\u0131 koydu? Bunu ve nas\u0131l bakt\u0131\u011f\u0131n\u0131, nas\u0131l g\u00f6rd\u00fc\u011f\u00fcn\u00fc, etraf\u0131nda neler olup bitti\u011fini merak ediyorsan\u0131z i\u015fte, kar\u015f\u0131n\u0131zda Leonardo da Vinci! <\/p>\n","protected":false},"excerpt":{"rendered":"<p>R\u00f6nesans\u2019\u0131n y\u0131ld\u0131z\u0131, resim ve m\u00fchendisli\u011fin dehas\u0131, \u015fifrelerin ustas\u0131\u2026 500 y\u0131l sonras\u0131nda \u00fczerine boca edilen methiyeler aras\u0131nda kaybolan bir Leonardo\u2019dan bahsediyor bu kitap. Gayrime\u015fru o\u011ful, istenmeyen evlat;<span class=\"excerpt-hellip\"> [\u2026]<\/span><\/p>\n","protected":false},"featured_media":0,"template":"","meta":{"_monsterinsights_skip_tracking":false,"_monsterinsights_sitenote_active":false,"_monsterinsights_sitenote_note":"","_monsterinsights_sitenote_category":0},"product_brand":[],"product_cat":[12291,12711],"product_tag":[],"class_list":{"0":"post-713324","1":"product","2":"type-product","3":"status-publish","5":"product_cat-edebiyat","6":"product_cat-roman-oyku","7":"pa_cilt-ciltsiz","8":"pa_tur-kitap","9":"pa_yayinevi-nemesis-kitap","10":"pa_yazar-mike-lankford","12":"first","13":"instock","14":"sale","15":"shipping-taxable","16":"purchasable","17":"product-type-simple"},"_links":{"self":[{"href":"https:\/\/roveyayinevi.com.tr\/index.php\/wp-json\/wp\/v2\/product\/713324","targetHints":{"allow":["GET"]}}],"collection":[{"href":"https:\/\/roveyayinevi.com.tr\/index.php\/wp-json\/wp\/v2\/product"}],"about":[{"href":"https:\/\/roveyayinevi.com.tr\/index.php\/wp-json\/wp\/v2\/types\/product"}],"wp:attachment":[{"href":"https:\/\/roveyayinevi.com.tr\/index.php\/wp-json\/wp\/v2\/media?parent=713324"}],"wp:term":[{"taxonomy":"product_brand","embeddable":true,"href":"https:\/\/roveyayinevi.com.tr\/index.php\/wp-json\/wp\/v2\/product_brand?post=713324"},{"taxonomy":"product_cat","embeddable":true,"href":"https:\/\/roveyayinevi.com.tr\/index.php\/wp-json\/wp\/v2\/product_cat?post=713324"},{"taxonomy":"product_tag","embeddable":true,"href":"https:\/\/roveyayinevi.com.tr\/index.php\/wp-json\/wp\/v2\/product_tag?post=713324"}],"curies":[{"name":"wp","href":"https:\/\/api.w.org\/{rel}","templated":true}]}}