{"id":713323,"date":"2025-08-27T17:06:21","date_gmt":"2025-08-27T14:06:21","guid":{"rendered":"https:\/\/roveyayinevi.com.tr\/index.php\/urun\/butun-oykuler\/"},"modified":"2026-04-08T02:28:14","modified_gmt":"2026-04-07T23:28:14","slug":"butun-oykuler","status":"publish","type":"product","link":"https:\/\/roveyayinevi.com.tr\/index.php\/urun\/butun-oykuler\/","title":{"rendered":"B\u00fct\u00fcn \u00d6yk\u00fcler"},"content":{"rendered":"<p>\u00c7ocuklar b\u00fcy\u00fcr ancak \u00e7ocukluk hep s\u00fcrer. \u00c7ocuk yaz\u0131n\u0131n\u0131n usta ismi \u0130brahim \u00d6rs\u2019\u00fcn bu kitapta toplanan \u00f6yk\u00fcleri do\u011fa ve hayvan sevgisine, arkada\u015fl\u0131\u011fa, empatiye, sevgiye ve b\u00fcy\u00fcklerin d\u00fcnyas\u0131n\u0131 anlamaya dair t\u00fcrl\u00fc \u00f6rneklere yer veriyor. * Say\u0131n Ba\u015fkan\u0131m\u0131z, dedi Melekler, buyru\u011funuz \u00fczere T\u00fcrkiye\u2019ye gittik. Atat\u00fcrk\u2019\u00fc arad\u0131k, arad\u0131k, sonunda bulduk. Ama kendisi i\u00e7in yap\u0131lm\u0131\u015f olan An\u0131tkabir\u2019de de\u011fildi. Ulusunun kalbindeydi. Orada yat\u0131yordu. Bizi ba\u011f\u0131\u015flay\u0131n\u0131z. O\u2019nu oradan s\u00f6k\u00fcp alamad\u0131k. Ne denli u\u011fra\u015ft\u0131ysak, didindiysek olmad\u0131. Bu, bizim de g\u00fcc\u00fcm\u00fcz d\u0131\u015f\u0131nda bir \u015fey. Olanaks\u0131z.\u201d <\/p>\n","protected":false},"excerpt":{"rendered":"<p>\u00c7ocuklar b\u00fcy\u00fcr ancak \u00e7ocukluk hep s\u00fcrer. \u00c7ocuk yaz\u0131n\u0131n\u0131n usta ismi \u0130brahim \u00d6rs\u2019\u00fcn bu kitapta toplanan \u00f6yk\u00fcleri do\u011fa ve hayvan sevgisine, arkada\u015fl\u0131\u011fa, empatiye, sevgiye ve b\u00fcy\u00fcklerin d\u00fcnyas\u0131n\u0131<span class=\"excerpt-hellip\"> [\u2026]<\/span><\/p>\n","protected":false},"featured_media":0,"template":"","meta":{"_monsterinsights_skip_tracking":false,"_monsterinsights_sitenote_active":false,"_monsterinsights_sitenote_note":"","_monsterinsights_sitenote_category":0},"product_brand":[],"product_cat":[12275,12274],"product_tag":[],"class_list":{"0":"post-713323","1":"product","2":"type-product","3":"status-publish","5":"product_cat-6-12-yas-kitaplari","6":"product_cat-cocuk-ve-genclik-kitaplari","7":"pa_cilt-ciltsiz","8":"pa_tur-kitap","9":"pa_yayinevi-masalperest-ozel-urun","10":"pa_yazar-ibrahim-ors","12":"first","13":"instock","14":"sale","15":"shipping-taxable","16":"purchasable","17":"product-type-simple"},"_links":{"self":[{"href":"https:\/\/roveyayinevi.com.tr\/index.php\/wp-json\/wp\/v2\/product\/713323","targetHints":{"allow":["GET"]}}],"collection":[{"href":"https:\/\/roveyayinevi.com.tr\/index.php\/wp-json\/wp\/v2\/product"}],"about":[{"href":"https:\/\/roveyayinevi.com.tr\/index.php\/wp-json\/wp\/v2\/types\/product"}],"wp:attachment":[{"href":"https:\/\/roveyayinevi.com.tr\/index.php\/wp-json\/wp\/v2\/media?parent=713323"}],"wp:term":[{"taxonomy":"product_brand","embeddable":true,"href":"https:\/\/roveyayinevi.com.tr\/index.php\/wp-json\/wp\/v2\/product_brand?post=713323"},{"taxonomy":"product_cat","embeddable":true,"href":"https:\/\/roveyayinevi.com.tr\/index.php\/wp-json\/wp\/v2\/product_cat?post=713323"},{"taxonomy":"product_tag","embeddable":true,"href":"https:\/\/roveyayinevi.com.tr\/index.php\/wp-json\/wp\/v2\/product_tag?post=713323"}],"curies":[{"name":"wp","href":"https:\/\/api.w.org\/{rel}","templated":true}]}}