{"id":713322,"date":"2025-08-27T17:06:20","date_gmt":"2025-08-27T14:06:20","guid":{"rendered":"https:\/\/roveyayinevi.com.tr\/index.php\/urun\/araba-sevdasi-5\/"},"modified":"2026-04-16T02:21:47","modified_gmt":"2026-04-15T23:21:47","slug":"araba-sevdasi-5","status":"publish","type":"product","link":"https:\/\/roveyayinevi.com.tr\/index.php\/urun\/araba-sevdasi-5\/","title":{"rendered":"Araba Sevdas\u0131"},"content":{"rendered":"<p>1898 y\u0131l\u0131nda yay\u0131nlanan bu eser edebiyat\u0131m\u0131z\u0131n ilk \u201crealist roman\u0131\u201d olma \u00f6zelli\u011fi ta\u015f\u0131r. Recaiz\u00e2de Mahmut Ekrem; Bihruz Bey ve onun \u00e2\u015f\u0131k oldu\u011fu kad\u0131n olan Perive\u015f Han\u0131m karakterini, d\u00f6nemin en \u00e7ok tart\u0131\u015f\u0131lan yanl\u0131\u015f bat\u0131l\u0131la\u015fma meselesinin, komik gibi duran ama asl\u0131nda h\u00fcz\u00fcnl\u00fc olan hik\u00e2yesini anlatmak i\u00e7in yaratm\u0131\u015ft\u0131r. Bihruz Bey\u2019e hem g\u00fclecek hem de haline ac\u0131yacaks\u0131n\u0131z. <\/p>\n","protected":false},"excerpt":{"rendered":"<p>1898 y\u0131l\u0131nda yay\u0131nlanan bu eser edebiyat\u0131m\u0131z\u0131n ilk \u201crealist roman\u0131\u201d olma \u00f6zelli\u011fi ta\u015f\u0131r. Recaiz\u00e2de Mahmut Ekrem; Bihruz Bey ve onun \u00e2\u015f\u0131k oldu\u011fu kad\u0131n olan Perive\u015f Han\u0131m karakterini,<span class=\"excerpt-hellip\"> [\u2026]<\/span><\/p>\n","protected":false},"featured_media":0,"template":"","meta":{"_monsterinsights_skip_tracking":false,"_monsterinsights_sitenote_active":false,"_monsterinsights_sitenote_note":"","_monsterinsights_sitenote_category":0},"product_brand":[],"product_cat":[12274,20117],"product_tag":[],"class_list":{"0":"post-713322","1":"product","2":"type-product","3":"status-publish","5":"product_cat-cocuk-ve-genclik-kitaplari","6":"product_cat-turk-klasikleri","7":"pa_cilt-ciltsiz","8":"pa_tur-kitap","9":"pa_yayinevi-fark-yayinlari","10":"pa_yazar-recaizade-mahmut-ekrem","12":"first","13":"instock","14":"sale","15":"shipping-taxable","16":"purchasable","17":"product-type-simple"},"_links":{"self":[{"href":"https:\/\/roveyayinevi.com.tr\/index.php\/wp-json\/wp\/v2\/product\/713322","targetHints":{"allow":["GET"]}}],"collection":[{"href":"https:\/\/roveyayinevi.com.tr\/index.php\/wp-json\/wp\/v2\/product"}],"about":[{"href":"https:\/\/roveyayinevi.com.tr\/index.php\/wp-json\/wp\/v2\/types\/product"}],"wp:attachment":[{"href":"https:\/\/roveyayinevi.com.tr\/index.php\/wp-json\/wp\/v2\/media?parent=713322"}],"wp:term":[{"taxonomy":"product_brand","embeddable":true,"href":"https:\/\/roveyayinevi.com.tr\/index.php\/wp-json\/wp\/v2\/product_brand?post=713322"},{"taxonomy":"product_cat","embeddable":true,"href":"https:\/\/roveyayinevi.com.tr\/index.php\/wp-json\/wp\/v2\/product_cat?post=713322"},{"taxonomy":"product_tag","embeddable":true,"href":"https:\/\/roveyayinevi.com.tr\/index.php\/wp-json\/wp\/v2\/product_tag?post=713322"}],"curies":[{"name":"wp","href":"https:\/\/api.w.org\/{rel}","templated":true}]}}