{"id":713321,"date":"2025-08-27T17:06:20","date_gmt":"2025-08-27T14:06:20","guid":{"rendered":"https:\/\/roveyayinevi.com.tr\/index.php\/urun\/eylul-12\/"},"modified":"2026-04-16T02:21:47","modified_gmt":"2026-04-15T23:21:47","slug":"eylul-12","status":"publish","type":"product","link":"https:\/\/roveyayinevi.com.tr\/index.php\/urun\/eylul-12\/","title":{"rendered":"Eyl\u00fcl"},"content":{"rendered":"<p>Edebiyat\u0131m\u0131zda ilk \u201cpsikolojik roman\u201d olarak an\u0131lan Eyl\u00fcl, kitap olarak ilk defa 1901 y\u0131l\u0131nda yay\u0131nlanm\u0131\u015ft\u0131r. S\u00fcreyya, Suat ve Necip Bey aras\u0131ndaki a\u015fk \u00fc\u00e7geni \u00e7er\u00e7evesinde, kahramanlar\u0131n ruhsal \u00e7\u00f6z\u00fcmlemeleri ve betimlemelerin anlat\u0131ld\u0131\u011f\u0131 bu kitap, yay\u0131nland\u0131\u011f\u0131 d\u00f6nemin \u00f6zelliklerini bar\u0131nd\u0131rmas\u0131 a\u00e7\u0131s\u0131ndan da son derece \u00f6nemlidir. Hatta son derece cesur bir \u00e7\u0131k\u0131\u015ft\u0131r. <\/p>\n","protected":false},"excerpt":{"rendered":"<p>Edebiyat\u0131m\u0131zda ilk \u201cpsikolojik roman\u201d olarak an\u0131lan Eyl\u00fcl, kitap olarak ilk defa 1901 y\u0131l\u0131nda yay\u0131nlanm\u0131\u015ft\u0131r. S\u00fcreyya, Suat ve Necip Bey aras\u0131ndaki a\u015fk \u00fc\u00e7geni \u00e7er\u00e7evesinde, kahramanlar\u0131n ruhsal \u00e7\u00f6z\u00fcmlemeleri<span class=\"excerpt-hellip\"> [\u2026]<\/span><\/p>\n","protected":false},"featured_media":0,"template":"","meta":{"_monsterinsights_skip_tracking":false,"_monsterinsights_sitenote_active":false,"_monsterinsights_sitenote_note":"","_monsterinsights_sitenote_category":0},"product_brand":[],"product_cat":[12274,20117],"product_tag":[],"class_list":{"0":"post-713321","1":"product","2":"type-product","3":"status-publish","5":"product_cat-cocuk-ve-genclik-kitaplari","6":"product_cat-turk-klasikleri","7":"pa_cilt-ciltsiz","8":"pa_tur-kitap","9":"pa_yayinevi-fark-yayinlari","10":"pa_yazar-mehmet-rauf","12":"first","13":"instock","14":"sale","15":"shipping-taxable","16":"purchasable","17":"product-type-simple"},"_links":{"self":[{"href":"https:\/\/roveyayinevi.com.tr\/index.php\/wp-json\/wp\/v2\/product\/713321","targetHints":{"allow":["GET"]}}],"collection":[{"href":"https:\/\/roveyayinevi.com.tr\/index.php\/wp-json\/wp\/v2\/product"}],"about":[{"href":"https:\/\/roveyayinevi.com.tr\/index.php\/wp-json\/wp\/v2\/types\/product"}],"wp:attachment":[{"href":"https:\/\/roveyayinevi.com.tr\/index.php\/wp-json\/wp\/v2\/media?parent=713321"}],"wp:term":[{"taxonomy":"product_brand","embeddable":true,"href":"https:\/\/roveyayinevi.com.tr\/index.php\/wp-json\/wp\/v2\/product_brand?post=713321"},{"taxonomy":"product_cat","embeddable":true,"href":"https:\/\/roveyayinevi.com.tr\/index.php\/wp-json\/wp\/v2\/product_cat?post=713321"},{"taxonomy":"product_tag","embeddable":true,"href":"https:\/\/roveyayinevi.com.tr\/index.php\/wp-json\/wp\/v2\/product_tag?post=713321"}],"curies":[{"name":"wp","href":"https:\/\/api.w.org\/{rel}","templated":true}]}}