{"id":713319,"date":"2025-08-27T17:06:18","date_gmt":"2025-08-27T14:06:18","guid":{"rendered":"https:\/\/roveyayinevi.com.tr\/index.php\/urun\/taassuk-i-talat-ve-fitnat-3\/"},"modified":"2026-04-16T02:21:47","modified_gmt":"2026-04-15T23:21:47","slug":"taassuk-i-talat-ve-fitnat-3","status":"publish","type":"product","link":"https:\/\/roveyayinevi.com.tr\/index.php\/urun\/taassuk-i-talat-ve-fitnat-3\/","title":{"rendered":"Taa\u015f\u015fuk-\u0131 Talat Ve Fitnat"},"content":{"rendered":"<p>Talat ad\u0131nda gen\u00e7 bir adam ve F\u0131tnat ad\u0131nda gen\u00e7 bir kad\u0131n\u0131n a\u015fk\u0131n\u0131 anlatan roman, 1872 ve 1873 y\u0131llar\u0131 aras\u0131nda Hadika gazetesinde tefrika edilmi\u015f ve 1875 y\u0131l\u0131nda kitapla\u015ft\u0131r\u0131lm\u0131\u015ft\u0131r. Osmanl\u0131 alfabesiyle bas\u0131lm\u0131\u015f ilk roman olan eser, Tanzimat d\u00f6nemindeki kad\u0131n erkek ili\u015fkilerini anlatmas\u0131 ve yine kad\u0131n\u0131n ve erke\u011fin toplum i\u00e7indeki yerini g\u00f6stermesi bak\u0131m\u0131ndan \u00f6nemli ve okunmaya de\u011ferdir. Yazar\u0131 \u015eemseddin Sami ise Tanzimat edebiyat\u0131nda birden \u00e7ok t\u00fcrde eserler vermi\u015f ve d\u00f6nemin edebiyat\u0131na damgas\u0131n\u0131 vuran isimlerden olmu\u015ftur. <\/p>\n","protected":false},"excerpt":{"rendered":"<p>Talat ad\u0131nda gen\u00e7 bir adam ve F\u0131tnat ad\u0131nda gen\u00e7 bir kad\u0131n\u0131n a\u015fk\u0131n\u0131 anlatan roman, 1872 ve 1873 y\u0131llar\u0131 aras\u0131nda Hadika gazetesinde tefrika edilmi\u015f ve 1875 y\u0131l\u0131nda<span class=\"excerpt-hellip\"> [\u2026]<\/span><\/p>\n","protected":false},"featured_media":0,"template":"","meta":{"_monsterinsights_skip_tracking":false,"_monsterinsights_sitenote_active":false,"_monsterinsights_sitenote_note":"","_monsterinsights_sitenote_category":0},"product_brand":[],"product_cat":[12274,20117],"product_tag":[],"class_list":{"0":"post-713319","1":"product","2":"type-product","3":"status-publish","5":"product_cat-cocuk-ve-genclik-kitaplari","6":"product_cat-turk-klasikleri","7":"pa_cilt-ciltsiz","8":"pa_tur-kitap","9":"pa_yayinevi-fark-yayinlari","10":"pa_yazar-semseddin-sami","12":"first","13":"instock","14":"sale","15":"shipping-taxable","16":"purchasable","17":"product-type-simple"},"_links":{"self":[{"href":"https:\/\/roveyayinevi.com.tr\/index.php\/wp-json\/wp\/v2\/product\/713319","targetHints":{"allow":["GET"]}}],"collection":[{"href":"https:\/\/roveyayinevi.com.tr\/index.php\/wp-json\/wp\/v2\/product"}],"about":[{"href":"https:\/\/roveyayinevi.com.tr\/index.php\/wp-json\/wp\/v2\/types\/product"}],"wp:attachment":[{"href":"https:\/\/roveyayinevi.com.tr\/index.php\/wp-json\/wp\/v2\/media?parent=713319"}],"wp:term":[{"taxonomy":"product_brand","embeddable":true,"href":"https:\/\/roveyayinevi.com.tr\/index.php\/wp-json\/wp\/v2\/product_brand?post=713319"},{"taxonomy":"product_cat","embeddable":true,"href":"https:\/\/roveyayinevi.com.tr\/index.php\/wp-json\/wp\/v2\/product_cat?post=713319"},{"taxonomy":"product_tag","embeddable":true,"href":"https:\/\/roveyayinevi.com.tr\/index.php\/wp-json\/wp\/v2\/product_tag?post=713319"}],"curies":[{"name":"wp","href":"https:\/\/api.w.org\/{rel}","templated":true}]}}