{"id":713318,"date":"2025-08-27T17:06:18","date_gmt":"2025-08-27T14:06:18","guid":{"rendered":"https:\/\/roveyayinevi.com.tr\/index.php\/urun\/o-agustos-gunu\/"},"modified":"2026-04-16T02:21:47","modified_gmt":"2026-04-15T23:21:47","slug":"o-agustos-gunu","status":"publish","type":"product","link":"https:\/\/roveyayinevi.com.tr\/index.php\/urun\/o-agustos-gunu\/","title":{"rendered":"O A\u011fustos G\u00fcn\u00fc"},"content":{"rendered":"<p>On d\u00f6rt ya\u015f\u0131ndaki Enrico, yaz tatili boyunca her sabah vadide ya\u015fayan b\u00fcy\u00fckbabas\u0131 Luigi\u2019nin ziyaretine gider. Art\u0131k iyice ya\u015flanan b\u00fcy\u00fckbabas\u0131na koyunlar\u0131 otlat\u0131rken yard\u0131mc\u0131 olur ve bir yandan da eskiz defterine \u00e7izimler yapar. Enrico k\u00fc\u00e7\u00fckl\u00fc\u011f\u00fcnden beri \u00e7izer olman\u0131n, G\u00fczel Sanatlar Akademisi\u2019ne giderek d\u00fcnyay\u0131 ke\u015ffetmenin hayalini kurmaktad\u0131r. Zeytin a\u011fa\u00e7lar\u0131yla \u00e7evrili, ayd\u0131nl\u0131k ve ne\u015feli k\u00f6ylerinde, her \u015fey her zaman nas\u0131lsa \u00f6yledir. O a\u011fustos g\u00fcn\u00fcne dek her g\u00fcn&#8230; Yazar Rindert Kromhout ve \u00e7izer Annemarie van Haeringen, k\u00fc\u00e7\u00fck bir \u0130talyan k\u00f6y\u00fcnde ya\u015fanan y\u0131k\u0131c\u0131 depremi anlat\u0131rken, hayat\u0131n ne kadar \u00f6ng\u00f6r\u00fclmez ve \u00fcz\u00fcc\u00fc olabilece\u011fine odaklanmak yerine, hayatta kalmak ve ya\u015famak i\u00e7in sevgiye ve hik\u00e2yelere duydu\u011fumuz ihtiyac\u0131n alt\u0131n\u0131 \u00e7iziyor. O A\u011fustos G\u00fcn\u00fc, k\u0131sa ama \u00e7ok katmanl\u0131, y\u00fcrekleri \u0131s\u0131tan bir \u00f6yk\u00fc. <\/p>\n","protected":false},"excerpt":{"rendered":"<p>On d\u00f6rt ya\u015f\u0131ndaki Enrico, yaz tatili boyunca her sabah vadide ya\u015fayan b\u00fcy\u00fckbabas\u0131 Luigi\u2019nin ziyaretine gider. Art\u0131k iyice ya\u015flanan b\u00fcy\u00fckbabas\u0131na koyunlar\u0131 otlat\u0131rken yard\u0131mc\u0131 olur ve bir yandan<span class=\"excerpt-hellip\"> [\u2026]<\/span><\/p>\n","protected":false},"featured_media":0,"template":"","meta":{"_monsterinsights_skip_tracking":false,"_monsterinsights_sitenote_active":false,"_monsterinsights_sitenote_note":"","_monsterinsights_sitenote_category":0},"product_brand":[],"product_cat":[12275,12274],"product_tag":[],"class_list":{"0":"post-713318","1":"product","2":"type-product","3":"status-publish","5":"product_cat-6-12-yas-kitaplari","6":"product_cat-cocuk-ve-genclik-kitaplari","7":"pa_cilt-ciltsiz","8":"pa_tur-kitap","9":"pa_yayinevi-can-cocuk-yayinlari","10":"pa_yazar-rindert-kormhout","12":"first","13":"instock","14":"sale","15":"shipping-taxable","16":"purchasable","17":"product-type-simple"},"_links":{"self":[{"href":"https:\/\/roveyayinevi.com.tr\/index.php\/wp-json\/wp\/v2\/product\/713318","targetHints":{"allow":["GET"]}}],"collection":[{"href":"https:\/\/roveyayinevi.com.tr\/index.php\/wp-json\/wp\/v2\/product"}],"about":[{"href":"https:\/\/roveyayinevi.com.tr\/index.php\/wp-json\/wp\/v2\/types\/product"}],"wp:attachment":[{"href":"https:\/\/roveyayinevi.com.tr\/index.php\/wp-json\/wp\/v2\/media?parent=713318"}],"wp:term":[{"taxonomy":"product_brand","embeddable":true,"href":"https:\/\/roveyayinevi.com.tr\/index.php\/wp-json\/wp\/v2\/product_brand?post=713318"},{"taxonomy":"product_cat","embeddable":true,"href":"https:\/\/roveyayinevi.com.tr\/index.php\/wp-json\/wp\/v2\/product_cat?post=713318"},{"taxonomy":"product_tag","embeddable":true,"href":"https:\/\/roveyayinevi.com.tr\/index.php\/wp-json\/wp\/v2\/product_tag?post=713318"}],"curies":[{"name":"wp","href":"https:\/\/api.w.org\/{rel}","templated":true}]}}