{"id":713316,"date":"2025-08-27T17:06:17","date_gmt":"2025-08-27T14:06:17","guid":{"rendered":"https:\/\/roveyayinevi.com.tr\/index.php\/urun\/cemil-mericin-dunyasi-secme-metinler\/"},"modified":"2026-04-16T02:21:47","modified_gmt":"2026-04-15T23:21:47","slug":"cemil-mericin-dunyasi-secme-metinler","status":"publish","type":"product","link":"https:\/\/roveyayinevi.com.tr\/index.php\/urun\/cemil-mericin-dunyasi-secme-metinler\/","title":{"rendered":"Cemil Meri\u00e7&#8217;in D\u00fcnyas\u0131 Se\u00e7me Metinler"},"content":{"rendered":"<p>&#8220;Biz hakikatlar\u0131n sadece bir taraf\u0131n\u0131 g\u00f6rmeye mahk\u00fcm edilmi\u015fizdir. Oysa yaln\u0131z bir taraf\u0131n\u0131 g\u00f6rmek, hi\u00e7bir \u015feyi g\u00f6rmemektir.&#8221; &#8211; Cemil Meri\u00e7Cemil Meri\u00e7&#8217;in D\u00fcnyas\u0131, onun d\u00fcnyas\u0131na girmek isteyenlere bir davetiye ve onu b\u00fct\u00fcn\u00fcyle tan\u0131mak isteyenlere bir anahtar kitap niteli\u011finde.  Cemil Meri\u00e7 hakikatleri pe\u015fin olarak verilmi\u015f kabul etmeyen, bir ba\u015fka deyi\u015fle onlar\u0131 &#8216;\u00e7antada keklik&#8217; olarak, yani bir kere sahip olundu mu, \u00f6m\u00fcr boyu elimizde kalacak bir meta olarak g\u00f6rmeyen; ancak uzun ve sab\u0131rl\u0131 aray\u0131\u015flar sonucunda kendisine ad\u0131m ad\u0131m yakla\u015fabilece\u011fimiz k\u0131smi ve ge\u00e7ici do\u011frular olarak g\u00f6ren bir yazar.Mustafa Arma\u011fan, Cemil Meri\u00e7&#8217;in eserlerinden yapt\u0131\u011f\u0131 bu se\u00e7kide, daima &#8216;arayan&#8217; cins bir kafan\u0131n, ayn\u0131 zamanda nas\u0131l &#8216;susam\u0131\u015f&#8217; bir g\u00f6n\u00fcle d\u00f6n\u00fc\u015ft\u00fc\u011f\u00fcn\u00fc, malumatla dolu bilgi \u00fclkesinden bilgelik bah\u00e7elerinin co\u015ftu\u011fu irfan diyar\u0131na do\u011fru nas\u0131l yo\u011fun bir emekle kula\u00e7 att\u0131\u011f\u0131n\u0131 g\u00f6zler \u00f6n\u00fcne seriyor.Geni\u015f bir bah\u00e7e, yasaklarla \u00e7evrili bir d\u00fcnya. A\u011fa\u00e7lar, su ve h\u00fcrriyet i\u00e7inde dola\u015fan hayvanc\u0131klar. Trenler u\u011framaz o \u00fccra yere. Petrol lambas\u0131n\u0131n bir taraf\u0131nda babam otururdu, bir taraf\u0131nda ben. Konu\u015fmazd\u0131k. Bazan ikimiz de okurduk. Bazan yaln\u0131z ben okurdum. <\/p>\n","protected":false},"excerpt":{"rendered":"<p>&#8220;Biz hakikatlar\u0131n sadece bir taraf\u0131n\u0131 g\u00f6rmeye mahk\u00fcm edilmi\u015fizdir. Oysa yaln\u0131z bir taraf\u0131n\u0131 g\u00f6rmek, hi\u00e7bir \u015feyi g\u00f6rmemektir.&#8221; &#8211; Cemil Meri\u00e7Cemil Meri\u00e7&#8217;in D\u00fcnyas\u0131, onun d\u00fcnyas\u0131na girmek isteyenlere bir<span class=\"excerpt-hellip\"> [\u2026]<\/span><\/p>\n","protected":false},"featured_media":0,"template":"","meta":{"_monsterinsights_skip_tracking":false,"_monsterinsights_sitenote_active":false,"_monsterinsights_sitenote_note":"","_monsterinsights_sitenote_category":0},"product_brand":[],"product_cat":[20351,12388],"product_tag":[],"class_list":{"0":"post-713316","1":"product","2":"type-product","3":"status-publish","5":"product_cat-dusunce","6":"product_cat-felsefe","7":"pa_cilt-ciltsiz","8":"pa_tur-kitap","9":"pa_yayinevi-ketebe-yayinlari","10":"pa_yazar-mustafa-armagan","12":"first","13":"instock","14":"sale","15":"shipping-taxable","16":"purchasable","17":"product-type-simple"},"_links":{"self":[{"href":"https:\/\/roveyayinevi.com.tr\/index.php\/wp-json\/wp\/v2\/product\/713316","targetHints":{"allow":["GET"]}}],"collection":[{"href":"https:\/\/roveyayinevi.com.tr\/index.php\/wp-json\/wp\/v2\/product"}],"about":[{"href":"https:\/\/roveyayinevi.com.tr\/index.php\/wp-json\/wp\/v2\/types\/product"}],"wp:attachment":[{"href":"https:\/\/roveyayinevi.com.tr\/index.php\/wp-json\/wp\/v2\/media?parent=713316"}],"wp:term":[{"taxonomy":"product_brand","embeddable":true,"href":"https:\/\/roveyayinevi.com.tr\/index.php\/wp-json\/wp\/v2\/product_brand?post=713316"},{"taxonomy":"product_cat","embeddable":true,"href":"https:\/\/roveyayinevi.com.tr\/index.php\/wp-json\/wp\/v2\/product_cat?post=713316"},{"taxonomy":"product_tag","embeddable":true,"href":"https:\/\/roveyayinevi.com.tr\/index.php\/wp-json\/wp\/v2\/product_tag?post=713316"}],"curies":[{"name":"wp","href":"https:\/\/api.w.org\/{rel}","templated":true}]}}