{"id":713315,"date":"2025-08-27T17:06:16","date_gmt":"2025-08-27T14:06:16","guid":{"rendered":"https:\/\/roveyayinevi.com.tr\/index.php\/urun\/narmanli-asik-summani\/"},"modified":"2026-04-16T02:21:47","modified_gmt":"2026-04-15T23:21:47","slug":"narmanli-asik-summani","status":"publish","type":"product","link":"https:\/\/roveyayinevi.com.tr\/index.php\/urun\/narmanli-asik-summani\/","title":{"rendered":"Narmanl\u0131 A\u015f\u0131k S\u00fcmmani"},"content":{"rendered":"<p>Orta Asya&#8217;daki Ozanl\u0131k gelene\u011finin Anadolu&#8217;daki A\u015f\u0131kl\u0131k gelene\u011fine d\u00f6n\u00fc\u015fmesinde en etkili \u015fehirlerden biri olan Erzurum, k\u00fclt\u00fcr sahas\u0131nda pek \u00e7ok \u00e2\u015f\u0131\u011f\u0131 yeti\u015ftirmi\u015ftir. Bu a\u015f\u0131klardan birisi de A\u015f\u0131kl\u0131k gelene\u011finin Anadolu co\u011frafyas\u0131nda yava\u015f yava\u015f irtifa kaybetti\u011fi bir d\u00f6nemde d\u00fcnyaya gelmi\u015f ve \u015fiirlerindeki farkl\u0131 \u00fcslupla gelene\u011fe yeni bir renk ve heyecan getirmi\u015f Narmanl\u0131 -A\u015f\u0131k S\u00fcmmani&#8217;dir. S\u00fcmmani \u015fiirlerini kendine has bir \u00fcslup ve hava ile yorumlayarak T\u00fcrk A\u015f\u0131kl\u0131k gelene\u011fine ve musikisine &#8216;S\u00fcmmani A\u011fz\u0131&#8217; olarak bilinen yeni bir makam\u0131 da kazand\u0131rm\u0131\u015ft\u0131r. \u0130lham\u0131n\u0131 ger\u00e7ek hayattan ve hayal d\u00fcnyas\u0131ndan alan A\u015f\u0131k S\u00fcmmani, bu sentezi \u015fiirlerine yans\u0131tmay\u0131 \u00e7ok iyi ba\u015farm\u0131\u015ft\u0131r. O, g\u00f6zlemlediklerini ve g\u00f6r\u00fcnenin arkas\u0131na gizlenenleri kendi \u00fcslubu ile anlatarak \u015fiirini \u00f6zg\u00fcn k\u0131lm\u0131\u015f ve \u00f6lmez eserler b\u0131rakm\u0131\u015f bir Anadolu a\u015f\u0131\u011f\u0131d\u0131r. <\/p>\n","protected":false},"excerpt":{"rendered":"<p>Orta Asya&#8217;daki Ozanl\u0131k gelene\u011finin Anadolu&#8217;daki A\u015f\u0131kl\u0131k gelene\u011fine d\u00f6n\u00fc\u015fmesinde en etkili \u015fehirlerden biri olan Erzurum, k\u00fclt\u00fcr sahas\u0131nda pek \u00e7ok \u00e2\u015f\u0131\u011f\u0131 yeti\u015ftirmi\u015ftir. Bu a\u015f\u0131klardan birisi de A\u015f\u0131kl\u0131k gelene\u011finin<span class=\"excerpt-hellip\"> [\u2026]<\/span><\/p>\n","protected":false},"featured_media":0,"template":"","meta":{"_monsterinsights_skip_tracking":false,"_monsterinsights_sitenote_active":false,"_monsterinsights_sitenote_note":"","_monsterinsights_sitenote_category":0},"product_brand":[],"product_cat":[13072,12291],"product_tag":[],"class_list":{"0":"post-713315","1":"product","2":"type-product","3":"status-publish","5":"product_cat-arastirma-inceleme-referans","6":"product_cat-edebiyat","7":"pa_cilt-ciltsiz","8":"pa_tur-kitap","9":"pa_yayinevi-ketebe-yayinlari","10":"pa_yazar-abdulkadir-erkal","12":"first","13":"instock","14":"sale","15":"shipping-taxable","16":"purchasable","17":"product-type-simple"},"_links":{"self":[{"href":"https:\/\/roveyayinevi.com.tr\/index.php\/wp-json\/wp\/v2\/product\/713315","targetHints":{"allow":["GET"]}}],"collection":[{"href":"https:\/\/roveyayinevi.com.tr\/index.php\/wp-json\/wp\/v2\/product"}],"about":[{"href":"https:\/\/roveyayinevi.com.tr\/index.php\/wp-json\/wp\/v2\/types\/product"}],"wp:attachment":[{"href":"https:\/\/roveyayinevi.com.tr\/index.php\/wp-json\/wp\/v2\/media?parent=713315"}],"wp:term":[{"taxonomy":"product_brand","embeddable":true,"href":"https:\/\/roveyayinevi.com.tr\/index.php\/wp-json\/wp\/v2\/product_brand?post=713315"},{"taxonomy":"product_cat","embeddable":true,"href":"https:\/\/roveyayinevi.com.tr\/index.php\/wp-json\/wp\/v2\/product_cat?post=713315"},{"taxonomy":"product_tag","embeddable":true,"href":"https:\/\/roveyayinevi.com.tr\/index.php\/wp-json\/wp\/v2\/product_tag?post=713315"}],"curies":[{"name":"wp","href":"https:\/\/api.w.org\/{rel}","templated":true}]}}