{"id":713314,"date":"2025-08-27T17:06:16","date_gmt":"2025-08-27T14:06:16","guid":{"rendered":"https:\/\/roveyayinevi.com.tr\/index.php\/urun\/kendi-icine-dusmek\/"},"modified":"2026-04-16T02:21:47","modified_gmt":"2026-04-15T23:21:47","slug":"kendi-icine-dusmek","status":"publish","type":"product","link":"https:\/\/roveyayinevi.com.tr\/index.php\/urun\/kendi-icine-dusmek\/","title":{"rendered":"Kendi \u0130\u00e7ine D\u00fc\u015fmek"},"content":{"rendered":"<p>Mevcut Durum&#8217;dan memnuniyete gark olmad\u0131ysak, ondan \u00e7\u0131kman\u0131n yollar\u0131n\u0131 ar\u0131yor olmal\u0131y\u0131z. \u00c7\u0131k\u0131\u015f i\u00e7in kalk\u0131\u015f noktas\u0131 ba\u015fka yerde de\u011fil, kendimizdedir: Mevcut Durum&#8217;da bize dayat\u0131lan y\u00fczeysel d\u00fcnya g\u00f6r\u00fc\u015f\u00fc ile tekd\u00fcze hayat tarz\u0131n\u0131 kendimizden ve\/veya d\u00fcnya ile ili\u015fkimizden hareketle sorgulamal\u0131y\u0131z. Mesela i\u00e7sel\/d\u00fc\u015f\u00fcnsel bir yolculu\u011fu g\u00f6ze almal\u0131y\u0131z bu u\u011furda. Ama biliyoruz ki d\u00fc\u015f\u00fcnce daha ziyade hayat olaylar\u0131 m\u00fcnasebetiyle harekete ge\u00e7er. \u0130\u015f ba\u015fa d\u00fc\u015fmelidir ki ba\u015f d\u00fc\u015f\u00fcnebilsin!Bu bak\u0131mdan hayat\u0131m\u0131zdaki k\u0131r\u0131lma ya da b\u00fck\u00fclme anlar\u0131 muharrik unsuru olu\u015fturabilir, bir yolculu\u011fu ba\u015flatabilir. A\u015fk\u0131n olanla temas\u0131 beraberinde getirebilen ve bizi &#8220;ba\u015fka t\u00fcrl\u00fc olan&#8221;a uyand\u0131rabilen bu tip fevkaladeliklerin ya da istisnailiklerin k\u0131ymetini bilmeliyiz \u00f6yleyse. <\/p>\n","protected":false},"excerpt":{"rendered":"<p>Mevcut Durum&#8217;dan memnuniyete gark olmad\u0131ysak, ondan \u00e7\u0131kman\u0131n yollar\u0131n\u0131 ar\u0131yor olmal\u0131y\u0131z. \u00c7\u0131k\u0131\u015f i\u00e7in kalk\u0131\u015f noktas\u0131 ba\u015fka yerde de\u011fil, kendimizdedir: Mevcut Durum&#8217;da bize dayat\u0131lan y\u00fczeysel d\u00fcnya g\u00f6r\u00fc\u015f\u00fc ile<span class=\"excerpt-hellip\"> [\u2026]<\/span><\/p>\n","protected":false},"featured_media":0,"template":"","meta":{"_monsterinsights_skip_tracking":false,"_monsterinsights_sitenote_active":false,"_monsterinsights_sitenote_note":"","_monsterinsights_sitenote_category":0},"product_brand":[],"product_cat":[20351,12388],"product_tag":[],"class_list":{"0":"post-713314","1":"product","2":"type-product","3":"status-publish","5":"product_cat-dusunce","6":"product_cat-felsefe","7":"pa_cilt-ciltsiz","8":"pa_tur-kitap","9":"pa_yayinevi-ketebe-yayinlari","10":"pa_yazar-ozkan-gozel","12":"first","13":"instock","14":"sale","15":"shipping-taxable","16":"purchasable","17":"product-type-simple"},"_links":{"self":[{"href":"https:\/\/roveyayinevi.com.tr\/index.php\/wp-json\/wp\/v2\/product\/713314","targetHints":{"allow":["GET"]}}],"collection":[{"href":"https:\/\/roveyayinevi.com.tr\/index.php\/wp-json\/wp\/v2\/product"}],"about":[{"href":"https:\/\/roveyayinevi.com.tr\/index.php\/wp-json\/wp\/v2\/types\/product"}],"wp:attachment":[{"href":"https:\/\/roveyayinevi.com.tr\/index.php\/wp-json\/wp\/v2\/media?parent=713314"}],"wp:term":[{"taxonomy":"product_brand","embeddable":true,"href":"https:\/\/roveyayinevi.com.tr\/index.php\/wp-json\/wp\/v2\/product_brand?post=713314"},{"taxonomy":"product_cat","embeddable":true,"href":"https:\/\/roveyayinevi.com.tr\/index.php\/wp-json\/wp\/v2\/product_cat?post=713314"},{"taxonomy":"product_tag","embeddable":true,"href":"https:\/\/roveyayinevi.com.tr\/index.php\/wp-json\/wp\/v2\/product_tag?post=713314"}],"curies":[{"name":"wp","href":"https:\/\/api.w.org\/{rel}","templated":true}]}}