{"id":713313,"date":"2025-08-27T17:06:15","date_gmt":"2025-08-27T14:06:15","guid":{"rendered":"https:\/\/roveyayinevi.com.tr\/index.php\/urun\/imparatorluk-oyunlari-avrupa-ve-ortadoguyu-sekillendiren-yillar\/"},"modified":"2026-04-16T02:21:47","modified_gmt":"2026-04-15T23:21:47","slug":"imparatorluk-oyunlari-avrupa-ve-ortadoguyu-sekillendiren-yillar","status":"publish","type":"product","link":"https:\/\/roveyayinevi.com.tr\/index.php\/urun\/imparatorluk-oyunlari-avrupa-ve-ortadoguyu-sekillendiren-yillar\/","title":{"rendered":"\u0130mparatorluk Oyunlar\u0131 Avrupa ve Ortado\u011fu&#8217;yu \u015eekillendiren Y\u0131llar"},"content":{"rendered":"<p>D\u00fcnyaca \u00fcnl\u00fc tarih\u00e7i Norman Stone&#8217;un kaleminden imparatorluklar d\u00f6neminin son b\u00fcy\u00fck oyunu. Bu \u00f6yle bir oyundu ki dahil olan herkes ve her \u015fey de\u011fi\u015fti.  Daha 100 y\u0131l \u00f6ncesine kadar g\u00fc\u00e7lerinin zirvesinde olan, g\u00f6zlerini Osmanl\u0131 co\u011frafyas\u0131na dikmi\u015f Avrupa imparatorluklar\u0131 nas\u0131l oldu da bug\u00fcnk\u00fc ulus devletlere d\u00f6n\u00fc\u015ft\u00fc?Oxford \u00dcniversitesi&#8217;nde akademisyenlik yapm\u0131\u015f, Cambridge ve Bilkent&#8217;te dersler vermi\u015f ve d\u00f6nemin Ba\u015fbakan\u0131 Margaret Thatcher&#8217;\u0131n dan\u0131\u015fmanl\u0131\u011f\u0131n\u0131 y\u00fcr\u00fctm\u00fc\u015f g\u00fcn\u00fcm\u00fcz\u00fcn ya\u015fayan en b\u00fcy\u00fck tarih\u00e7ilerinden Norman Stone Avrupa ve Osmanl\u0131 co\u011frafyas\u0131nda ya\u015fanan ba\u015f d\u00f6nd\u00fcr\u00fcc\u00fc de\u011fi\u015fimin izlerini s\u00fcr\u00fcyor.&#8221;1914 y\u0131l\u0131nda t\u00fcm devletlerin en b\u00fcy\u00fck hal\u00fcsinasyonu ortak sava\u015f hedefleriydi: imparatorluk. 1919 y\u0131l\u0131 itibariyle \u0130ngilizler ve Frans\u0131zlar bu hedefin \u00f6neminden pek emindiler. Halihaz\u0131rdaki b\u00fcy\u00fck topraklar\u0131na b\u00fcy\u00fck topraklar ilave ettiler (t\u0131pk\u0131 Almanlar\u0131n f\u0131rsat bulsa Rusya&#8217;ya, \u0130talyanlar\u0131n da izin verilse herhangi bir devlete yapacaklar\u0131 gibi). imparatorluklar\u0131n sizi zenginle\u015ftirece\u011fi farz edilir, fazla n\u00fcfusunuzu bu topraklara yolla ya bilirsiniz, buradaki yerli halk\u0131 s\u00f6m\u00fcr\u00fcrken metropol\u00fcn\u00fcz i\u00e7in ucuz hammadde tedarik edebilirsiniz, ayn\u0131 zamanda esaret alt\u0131ndaki piyasay\u0131 da bi\u00e7imlendirebilirsiniz.1914 y\u0131l\u0131nda emperyal operasyonlar tiyatrosunun son b\u00fcy\u00fck oyunu Ortado\u011fu&#8217;da sahnelendi. Haliyle, y\u0131k\u0131lmaya y\u00fcz tutmu\u015f Osmanl\u0131 \u0130mparatorlu\u011fu&#8217;nun da pek \u00e7ok talibi vard\u0131.&#8221; <\/p>\n","protected":false},"excerpt":{"rendered":"<p>D\u00fcnyaca \u00fcnl\u00fc tarih\u00e7i Norman Stone&#8217;un kaleminden imparatorluklar d\u00f6neminin son b\u00fcy\u00fck oyunu. Bu \u00f6yle bir oyundu ki dahil olan herkes ve her \u015fey de\u011fi\u015fti. Daha 100 y\u0131l<span class=\"excerpt-hellip\"> [\u2026]<\/span><\/p>\n","protected":false},"featured_media":0,"template":"","meta":{"_monsterinsights_skip_tracking":false,"_monsterinsights_sitenote_active":false,"_monsterinsights_sitenote_note":"","_monsterinsights_sitenote_category":0},"product_brand":[],"product_cat":[12305,12304],"product_tag":[],"class_list":{"0":"post-713313","1":"product","2":"type-product","3":"status-publish","5":"product_cat-dunya-tarihi","6":"product_cat-tarih","7":"pa_cilt-ciltsiz","8":"pa_tur-kitap","9":"pa_yayinevi-ketebe-yayinlari","10":"pa_yazar-norman-stone","12":"first","13":"instock","14":"sale","15":"shipping-taxable","16":"purchasable","17":"product-type-simple"},"_links":{"self":[{"href":"https:\/\/roveyayinevi.com.tr\/index.php\/wp-json\/wp\/v2\/product\/713313","targetHints":{"allow":["GET"]}}],"collection":[{"href":"https:\/\/roveyayinevi.com.tr\/index.php\/wp-json\/wp\/v2\/product"}],"about":[{"href":"https:\/\/roveyayinevi.com.tr\/index.php\/wp-json\/wp\/v2\/types\/product"}],"wp:attachment":[{"href":"https:\/\/roveyayinevi.com.tr\/index.php\/wp-json\/wp\/v2\/media?parent=713313"}],"wp:term":[{"taxonomy":"product_brand","embeddable":true,"href":"https:\/\/roveyayinevi.com.tr\/index.php\/wp-json\/wp\/v2\/product_brand?post=713313"},{"taxonomy":"product_cat","embeddable":true,"href":"https:\/\/roveyayinevi.com.tr\/index.php\/wp-json\/wp\/v2\/product_cat?post=713313"},{"taxonomy":"product_tag","embeddable":true,"href":"https:\/\/roveyayinevi.com.tr\/index.php\/wp-json\/wp\/v2\/product_tag?post=713313"}],"curies":[{"name":"wp","href":"https:\/\/api.w.org\/{rel}","templated":true}]}}