{"id":713310,"date":"2025-08-27T17:06:13","date_gmt":"2025-08-27T14:06:13","guid":{"rendered":"https:\/\/roveyayinevi.com.tr\/index.php\/urun\/sermayem-yok-derdimden-baska\/"},"modified":"2026-04-16T02:21:46","modified_gmt":"2026-04-15T23:21:46","slug":"sermayem-yok-derdimden-baska","status":"publish","type":"product","link":"https:\/\/roveyayinevi.com.tr\/index.php\/urun\/sermayem-yok-derdimden-baska\/","title":{"rendered":"Sermayem Yok Derdimden Ba\u015fka"},"content":{"rendered":"<p>Olman\u0131n bilgisi kitaplarda vard\u0131r ama kendisi olanla hemhal olmadan ele ge\u00e7mez. Hal sirayet eder demi\u015fler. Derdin ne ise,ona sahip olanlarla beraber ol ki derman bulas\u0131n. E\u015fk\u0131ya olmak istiyorsan evliya e\u015fi\u011finde t\u00fcketme \u00f6mr\u00fcn\u00fc, velayet derdine d\u00fc\u015fm\u00fc\u015fsen kendi kalbine e\u015fk\u0131yal\u0131k eyleme ! Ki\u015fi sevdi\u011finin kederinden pay al\u0131rm\u0131\u015f, hemderdini \u00f6yle bir sev ki derman senin olmamaya utans\u0131n! <\/p>\n","protected":false},"excerpt":{"rendered":"<p>Olman\u0131n bilgisi kitaplarda vard\u0131r ama kendisi olanla hemhal olmadan ele ge\u00e7mez. Hal sirayet eder demi\u015fler. Derdin ne ise,ona sahip olanlarla beraber ol ki derman bulas\u0131n. E\u015fk\u0131ya<span class=\"excerpt-hellip\"> [\u2026]<\/span><\/p>\n","protected":false},"featured_media":0,"template":"","meta":{"_monsterinsights_skip_tracking":false,"_monsterinsights_sitenote_active":false,"_monsterinsights_sitenote_note":"","_monsterinsights_sitenote_category":0},"product_brand":[],"product_cat":[12777,12291],"product_tag":[],"class_list":{"0":"post-713310","1":"product","2":"type-product","3":"status-publish","5":"product_cat-deneme","6":"product_cat-edebiyat","7":"pa_cilt-ciltsiz","8":"pa_tur-kitap","9":"pa_yayinevi-ketebe-yayinlari","10":"pa_yazar-serdar-tuncer","12":"first","13":"instock","14":"sale","15":"shipping-taxable","16":"purchasable","17":"product-type-simple"},"_links":{"self":[{"href":"https:\/\/roveyayinevi.com.tr\/index.php\/wp-json\/wp\/v2\/product\/713310","targetHints":{"allow":["GET"]}}],"collection":[{"href":"https:\/\/roveyayinevi.com.tr\/index.php\/wp-json\/wp\/v2\/product"}],"about":[{"href":"https:\/\/roveyayinevi.com.tr\/index.php\/wp-json\/wp\/v2\/types\/product"}],"wp:attachment":[{"href":"https:\/\/roveyayinevi.com.tr\/index.php\/wp-json\/wp\/v2\/media?parent=713310"}],"wp:term":[{"taxonomy":"product_brand","embeddable":true,"href":"https:\/\/roveyayinevi.com.tr\/index.php\/wp-json\/wp\/v2\/product_brand?post=713310"},{"taxonomy":"product_cat","embeddable":true,"href":"https:\/\/roveyayinevi.com.tr\/index.php\/wp-json\/wp\/v2\/product_cat?post=713310"},{"taxonomy":"product_tag","embeddable":true,"href":"https:\/\/roveyayinevi.com.tr\/index.php\/wp-json\/wp\/v2\/product_tag?post=713310"}],"curies":[{"name":"wp","href":"https:\/\/api.w.org\/{rel}","templated":true}]}}