{"id":713309,"date":"2025-08-27T17:06:13","date_gmt":"2025-08-27T14:06:13","guid":{"rendered":"https:\/\/roveyayinevi.com.tr\/index.php\/urun\/osmanlidan-cumhuriyete-iktidar-oyunu\/"},"modified":"2026-04-16T02:21:46","modified_gmt":"2026-04-15T23:21:46","slug":"osmanlidan-cumhuriyete-iktidar-oyunu","status":"publish","type":"product","link":"https:\/\/roveyayinevi.com.tr\/index.php\/urun\/osmanlidan-cumhuriyete-iktidar-oyunu\/","title":{"rendered":"Osmanl\u0131&#8217;dan Cumhuriyet&#8217;e \u0130ktidar Oyunu"},"content":{"rendered":"<p>Osmanl\u0131&#8217;dan ba\u015flay\u0131p g\u00fcn\u00fcm\u00fcze kadar devam eden iktidar oyununda rol oynayanlar de\u011fi\u015fse de m\u00fccadele hep devam etti. 20. y\u00fczy\u0131l\u0131n hemen ba\u015f\u0131nda Il. Abd\u00fclhamid&#8217;in halinden 27 May\u0131s \u0130htilali&#8217;ne, 12 Mart&#8217;tan 12 Eyl\u00fcl, 28 \u015eubat ve 27 Nisan e-muht\u0131ras\u0131na&#8230; Yak\u0131n ve uzak tarihimizde s\u00fcrekli sahne alan &#8216;iktidar Oyunu&#8217;ndaki yeni akt\u00f6rlere ve a\u00e7\u0131lan perdelere her ge\u00e7en g\u00fcn yenileri ekleniyor. Millet olarak iktidar\u0131 ve muktedir olmay\u0131 ama\u00e7 edinen ki\u015fi ve kesimlerin sergiledi\u011fi yeni oyunlar\u0131 iyi ve do\u011fru okumak elimizde.  Osmanl\u0131&#8217;dan Cumhuriyet&#8217;e \u0130ktidar Oyunu tarihimizde ya\u015fanan darbeleri enine boyuna ortaya koyan bir rehber kitap. <\/p>\n","protected":false},"excerpt":{"rendered":"<p>Osmanl\u0131&#8217;dan ba\u015flay\u0131p g\u00fcn\u00fcm\u00fcze kadar devam eden iktidar oyununda rol oynayanlar de\u011fi\u015fse de m\u00fccadele hep devam etti. 20. y\u00fczy\u0131l\u0131n hemen ba\u015f\u0131nda Il. Abd\u00fclhamid&#8217;in halinden 27 May\u0131s \u0130htilali&#8217;ne,<span class=\"excerpt-hellip\"> [\u2026]<\/span><\/p>\n","protected":false},"featured_media":0,"template":"","meta":{"_monsterinsights_skip_tracking":false,"_monsterinsights_sitenote_active":false,"_monsterinsights_sitenote_note":"","_monsterinsights_sitenote_category":0},"product_brand":[],"product_cat":[13517,12304],"product_tag":[],"class_list":{"0":"post-713309","1":"product","2":"type-product","3":"status-publish","5":"product_cat-osmanli-tarihi","6":"product_cat-tarih","7":"pa_cilt-ciltsiz","8":"pa_tur-kitap","9":"pa_yayinevi-ketebe-yayinlari","10":"pa_yazar-avni-ozgurel","12":"first","13":"instock","14":"sale","15":"shipping-taxable","16":"purchasable","17":"product-type-simple"},"_links":{"self":[{"href":"https:\/\/roveyayinevi.com.tr\/index.php\/wp-json\/wp\/v2\/product\/713309","targetHints":{"allow":["GET"]}}],"collection":[{"href":"https:\/\/roveyayinevi.com.tr\/index.php\/wp-json\/wp\/v2\/product"}],"about":[{"href":"https:\/\/roveyayinevi.com.tr\/index.php\/wp-json\/wp\/v2\/types\/product"}],"wp:attachment":[{"href":"https:\/\/roveyayinevi.com.tr\/index.php\/wp-json\/wp\/v2\/media?parent=713309"}],"wp:term":[{"taxonomy":"product_brand","embeddable":true,"href":"https:\/\/roveyayinevi.com.tr\/index.php\/wp-json\/wp\/v2\/product_brand?post=713309"},{"taxonomy":"product_cat","embeddable":true,"href":"https:\/\/roveyayinevi.com.tr\/index.php\/wp-json\/wp\/v2\/product_cat?post=713309"},{"taxonomy":"product_tag","embeddable":true,"href":"https:\/\/roveyayinevi.com.tr\/index.php\/wp-json\/wp\/v2\/product_tag?post=713309"}],"curies":[{"name":"wp","href":"https:\/\/api.w.org\/{rel}","templated":true}]}}