{"id":713308,"date":"2025-08-27T17:06:12","date_gmt":"2025-08-27T14:06:12","guid":{"rendered":"https:\/\/roveyayinevi.com.tr\/index.php\/urun\/bozma-kizin-moralini\/"},"modified":"2026-04-16T02:21:46","modified_gmt":"2026-04-15T23:21:46","slug":"bozma-kizin-moralini","status":"publish","type":"product","link":"https:\/\/roveyayinevi.com.tr\/index.php\/urun\/bozma-kizin-moralini\/","title":{"rendered":"Bozma K\u0131z\u0131n Moralini"},"content":{"rendered":"<p>Muzaffer \u0130zg\u00fc G\u00fclmece \u00d6yk\u00fc Yar\u0131\u015fmas\u0131 Birincisi   \u201cG\u00fclmece\u201d malzemesi bol bir \u00fclkede ya\u015f\u0131yoruz. Muzaffer \u0130zg\u00fc, bu malzemeyi, bize ra\u011fmen bizim i\u00e7in kullanmay\u0131 ba\u015faran yazarlar\u0131m\u0131zdan biri. On milyonu bulan okuru i\u00e7in t\u00fckenmek bilmeyen enerjisiyle y\u00fczlerce kitap \u00fcreten \u0130zg\u00fc ad\u0131na, Bilgi Yay\u0131nevi\u2019nin d\u00fczenledi\u011fi g\u00fclmece \u00f6yk\u00fc yar\u0131\u015fmas\u0131n\u0131n ilk \u00f6d\u00fcl\u00fcn\u00fc Semra B\u00fclgin kazand\u0131. Edebiyat\u0131m\u0131z da bir \u201csivri u\u00e7lu kalem\u201d daha kazand\u0131. <\/p>\n","protected":false},"excerpt":{"rendered":"<p>Muzaffer \u0130zg\u00fc G\u00fclmece \u00d6yk\u00fc Yar\u0131\u015fmas\u0131 Birincisi \u201cG\u00fclmece\u201d malzemesi bol bir \u00fclkede ya\u015f\u0131yoruz. Muzaffer \u0130zg\u00fc, bu malzemeyi, bize ra\u011fmen bizim i\u00e7in kullanmay\u0131 ba\u015faran yazarlar\u0131m\u0131zdan biri. On milyonu<span class=\"excerpt-hellip\"> [\u2026]<\/span><\/p>\n","protected":false},"featured_media":0,"template":"","meta":{"_monsterinsights_skip_tracking":false,"_monsterinsights_sitenote_active":false,"_monsterinsights_sitenote_note":"","_monsterinsights_sitenote_category":0},"product_brand":[],"product_cat":[12291,14825],"product_tag":[],"class_list":{"0":"post-713308","1":"product","2":"type-product","3":"status-publish","5":"product_cat-edebiyat","6":"product_cat-mizah","7":"pa_cilt-ciltsiz","8":"pa_tur-kitap","9":"pa_yayinevi-bilgi-yayinevi","10":"pa_yazar-semra-bulgin","12":"first","13":"instock","14":"sale","15":"shipping-taxable","16":"purchasable","17":"product-type-simple"},"_links":{"self":[{"href":"https:\/\/roveyayinevi.com.tr\/index.php\/wp-json\/wp\/v2\/product\/713308","targetHints":{"allow":["GET"]}}],"collection":[{"href":"https:\/\/roveyayinevi.com.tr\/index.php\/wp-json\/wp\/v2\/product"}],"about":[{"href":"https:\/\/roveyayinevi.com.tr\/index.php\/wp-json\/wp\/v2\/types\/product"}],"wp:attachment":[{"href":"https:\/\/roveyayinevi.com.tr\/index.php\/wp-json\/wp\/v2\/media?parent=713308"}],"wp:term":[{"taxonomy":"product_brand","embeddable":true,"href":"https:\/\/roveyayinevi.com.tr\/index.php\/wp-json\/wp\/v2\/product_brand?post=713308"},{"taxonomy":"product_cat","embeddable":true,"href":"https:\/\/roveyayinevi.com.tr\/index.php\/wp-json\/wp\/v2\/product_cat?post=713308"},{"taxonomy":"product_tag","embeddable":true,"href":"https:\/\/roveyayinevi.com.tr\/index.php\/wp-json\/wp\/v2\/product_tag?post=713308"}],"curies":[{"name":"wp","href":"https:\/\/api.w.org\/{rel}","templated":true}]}}