{"id":713307,"date":"2025-08-27T17:06:12","date_gmt":"2025-08-27T14:06:12","guid":{"rendered":"https:\/\/roveyayinevi.com.tr\/index.php\/urun\/atlantis-tua-tasi-koruyuculari\/"},"modified":"2026-04-16T02:21:46","modified_gmt":"2026-04-15T23:21:46","slug":"atlantis-tua-tasi-koruyuculari","status":"publish","type":"product","link":"https:\/\/roveyayinevi.com.tr\/index.php\/urun\/atlantis-tua-tasi-koruyuculari\/","title":{"rendered":"Atlantis\/Tua Ta\u015f\u0131 Koruyucular\u0131"},"content":{"rendered":"<p>Efsaneye g\u00f6re Atlantis\u2019in \u00e7\u00f6k\u00fc\u015f\u00fcnde \u00f6nemli rol oynayan ve d\u00fcnyan\u0131n kalbi say\u0131lan Tua Ta\u015f\u0131 k\u00f6t\u00fc g\u00fc\u00e7lerin eline ge\u00e7mek \u00fczere. Kahramanlar\u0131m\u0131z TuaTa\u015f\u0131\u2019n\u0131 ve d\u00fcnyam\u0131z\u0131 yok olu\u015f ve felaketlerden kurtarabilecekler mi? Tesad\u00fcf gibi g\u00f6r\u00fcnen, asl\u0131nda hi\u00e7 de tesad\u00fcf olmayan geli\u015fmeler, ilahi bir d\u00fczenin par\u00e7as\u0131d\u0131r. Hayat; ya\u015fanan, ya\u015fanmayan bir\u00e7ok farkl\u0131 olas\u0131l\u0131klarla var olmu\u015ftur. Hayat\u0131m\u0131zdaki tercih ve tesad\u00fcfler, asl\u0131nda bu ilahi d\u00fczendeki farkl\u0131 olas\u0131l\u0131klardan bir tanesidir. Asl\u0131nda en zor ve umutsuz gibi g\u00f6r\u00fcnen durumlarda y\u0131lmadan daha geli\u015ftirici ve yap\u0131c\u0131 olan kendimizi a\u00e7mak ve di\u011fer olas\u0131l\u0131\u011fa ge\u00e7i\u015f yapmaktad\u0131r. Atlantis\u2019e ge\u00e7i\u015f \u015fehri Aztlan\u2019da ve Atlantis\u2019te ya\u015fanan heyecan dolu bir macera. <\/p>\n","protected":false},"excerpt":{"rendered":"<p>Efsaneye g\u00f6re Atlantis\u2019in \u00e7\u00f6k\u00fc\u015f\u00fcnde \u00f6nemli rol oynayan ve d\u00fcnyan\u0131n kalbi say\u0131lan Tua Ta\u015f\u0131 k\u00f6t\u00fc g\u00fc\u00e7lerin eline ge\u00e7mek \u00fczere. Kahramanlar\u0131m\u0131z TuaTa\u015f\u0131\u2019n\u0131 ve d\u00fcnyam\u0131z\u0131 yok olu\u015f ve felaketlerden<span class=\"excerpt-hellip\"> [\u2026]<\/span><\/p>\n","protected":false},"featured_media":0,"template":"","meta":{"_monsterinsights_skip_tracking":false,"_monsterinsights_sitenote_active":false,"_monsterinsights_sitenote_note":"","_monsterinsights_sitenote_category":0},"product_brand":[],"product_cat":[12364,16154],"product_tag":[],"class_list":{"0":"post-713307","1":"product","2":"type-product","3":"status-publish","5":"product_cat-genel-konular","6":"product_cat-parapsikoloji","7":"pa_cilt-ciltsiz","8":"pa_tur-kitap","9":"pa_yayinevi-new-age-yayinlari","10":"pa_yazar-akasa-deniz-tarhan","12":"first","13":"instock","14":"sale","15":"shipping-taxable","16":"purchasable","17":"product-type-simple"},"_links":{"self":[{"href":"https:\/\/roveyayinevi.com.tr\/index.php\/wp-json\/wp\/v2\/product\/713307","targetHints":{"allow":["GET"]}}],"collection":[{"href":"https:\/\/roveyayinevi.com.tr\/index.php\/wp-json\/wp\/v2\/product"}],"about":[{"href":"https:\/\/roveyayinevi.com.tr\/index.php\/wp-json\/wp\/v2\/types\/product"}],"wp:attachment":[{"href":"https:\/\/roveyayinevi.com.tr\/index.php\/wp-json\/wp\/v2\/media?parent=713307"}],"wp:term":[{"taxonomy":"product_brand","embeddable":true,"href":"https:\/\/roveyayinevi.com.tr\/index.php\/wp-json\/wp\/v2\/product_brand?post=713307"},{"taxonomy":"product_cat","embeddable":true,"href":"https:\/\/roveyayinevi.com.tr\/index.php\/wp-json\/wp\/v2\/product_cat?post=713307"},{"taxonomy":"product_tag","embeddable":true,"href":"https:\/\/roveyayinevi.com.tr\/index.php\/wp-json\/wp\/v2\/product_tag?post=713307"}],"curies":[{"name":"wp","href":"https:\/\/api.w.org\/{rel}","templated":true}]}}