{"id":713306,"date":"2025-08-27T17:06:11","date_gmt":"2025-08-27T14:06:11","guid":{"rendered":"https:\/\/roveyayinevi.com.tr\/index.php\/urun\/sermaye-dini\/"},"modified":"2026-04-16T02:21:46","modified_gmt":"2026-04-15T23:21:46","slug":"sermaye-dini","status":"publish","type":"product","link":"https:\/\/roveyayinevi.com.tr\/index.php\/urun\/sermaye-dini\/","title":{"rendered":"Sermaye Dini"},"content":{"rendered":"<p>Yakla\u015f\u0131k 130 y\u0131l \u00f6nce, Paul Lafargue&#8217;in \u00f6nderlerinden biri oldu\u011fu Frans\u0131z \u0130\u015f\u00e7i Partisi&#8217;nin yay\u0131n organ\u0131 Le Socialiste&#8217;te yay\u0131nlanan bu k\u00fc\u00e7\u00fck g\u00fcld\u00fcr\u00fc hem tarihsel bak\u0131mdan hem de arg\u00fcman\u0131n yal\u0131nl\u0131\u011f\u0131 ve g\u00fcc\u00fc bak\u0131m\u0131ndan Marksist literat\u00fcr\u00fcn ger\u00e7ek bir klasi\u011fi say\u0131lmaktad\u0131r. <\/p>\n","protected":false},"excerpt":{"rendered":"<p>Yakla\u015f\u0131k 130 y\u0131l \u00f6nce, Paul Lafargue&#8217;in \u00f6nderlerinden biri oldu\u011fu Frans\u0131z \u0130\u015f\u00e7i Partisi&#8217;nin yay\u0131n organ\u0131 Le Socialiste&#8217;te yay\u0131nlanan bu k\u00fc\u00e7\u00fck g\u00fcld\u00fcr\u00fc hem tarihsel bak\u0131mdan hem de arg\u00fcman\u0131n<span class=\"excerpt-hellip\"> [\u2026]<\/span><\/p>\n","protected":false},"featured_media":0,"template":"","meta":{"_monsterinsights_skip_tracking":false,"_monsterinsights_sitenote_active":false,"_monsterinsights_sitenote_note":"","_monsterinsights_sitenote_category":0},"product_brand":[],"product_cat":[13590,12337],"product_tag":[],"class_list":{"0":"post-713306","1":"product","2":"type-product","3":"status-publish","5":"product_cat-arastirma-inceleme-politika-siyaset","6":"product_cat-politika-siyaset","7":"pa_cilt-ciltsiz","8":"pa_tur-kitap","9":"pa_yayinevi-sel-yayincilik","10":"pa_yazar-paul-lafargue","12":"first","13":"instock","14":"sale","15":"shipping-taxable","16":"purchasable","17":"product-type-simple"},"_links":{"self":[{"href":"https:\/\/roveyayinevi.com.tr\/index.php\/wp-json\/wp\/v2\/product\/713306","targetHints":{"allow":["GET"]}}],"collection":[{"href":"https:\/\/roveyayinevi.com.tr\/index.php\/wp-json\/wp\/v2\/product"}],"about":[{"href":"https:\/\/roveyayinevi.com.tr\/index.php\/wp-json\/wp\/v2\/types\/product"}],"wp:attachment":[{"href":"https:\/\/roveyayinevi.com.tr\/index.php\/wp-json\/wp\/v2\/media?parent=713306"}],"wp:term":[{"taxonomy":"product_brand","embeddable":true,"href":"https:\/\/roveyayinevi.com.tr\/index.php\/wp-json\/wp\/v2\/product_brand?post=713306"},{"taxonomy":"product_cat","embeddable":true,"href":"https:\/\/roveyayinevi.com.tr\/index.php\/wp-json\/wp\/v2\/product_cat?post=713306"},{"taxonomy":"product_tag","embeddable":true,"href":"https:\/\/roveyayinevi.com.tr\/index.php\/wp-json\/wp\/v2\/product_tag?post=713306"}],"curies":[{"name":"wp","href":"https:\/\/api.w.org\/{rel}","templated":true}]}}