{"id":713304,"date":"2025-08-27T17:06:10","date_gmt":"2025-08-27T14:06:10","guid":{"rendered":"https:\/\/roveyayinevi.com.tr\/index.php\/urun\/gozun-oykusu\/"},"modified":"2026-04-16T02:21:46","modified_gmt":"2026-04-15T23:21:46","slug":"gozun-oykusu","status":"publish","type":"product","link":"https:\/\/roveyayinevi.com.tr\/index.php\/urun\/gozun-oykusu\/","title":{"rendered":"G\u00f6z\u00fcn \u00d6yk\u00fcs\u00fc"},"content":{"rendered":"<p>Georges Bataille\u2019\u0131n Lord Auch m\u00fcstear ad\u0131yla 1928 y\u0131l\u0131nda el alt\u0131ndan yay\u0131nlad\u0131\u011f\u0131 G\u00f6z\u00fcn \u00d6yk\u00fcs\u00fc, 20. y\u00fczy\u0131l edebiyat tarihinin en ayk\u0131r\u0131 metinlerinden biridir. Say\u0131s\u0131z de\u011ferlendirmeye konu olmu\u015f, edebiyat ele\u015ftirisinden felsefeye, psikanalizden sinemaya farkl\u0131 disiplinlerce ele al\u0131nm\u0131\u015f bu metin, Battaile\u2019\u0131n estetik anlay\u0131\u015f\u0131n\u0131n d\u0131\u015favurumudur: Romaneskten ve psikolojik yorumlamadan ar\u0131nm\u0131\u015f k\u0131sa roman.\u00c7a\u011fr\u0131\u015f\u0131mlar\u0131n b\u00fcy\u00fcleyicili\u011fiyle ivme kazanan, provokatif hamleleriyle g\u00fc\u00e7lenen ve sinemaya da uyarlanan bu erotika ac\u0131n\u0131n, \u015fiddetin, \u00f6l\u00fcm\u00fcn ve cinselli\u011fin kutsall\u0131\u011f\u0131n\u0131n i\u00e7 i\u00e7e ge\u00e7ti\u011fi estetik, esrik ve \u201cuygunsuz\u201d bir ba\u015fyap\u0131t. <\/p>\n","protected":false},"excerpt":{"rendered":"<p>Georges Bataille\u2019\u0131n Lord Auch m\u00fcstear ad\u0131yla 1928 y\u0131l\u0131nda el alt\u0131ndan yay\u0131nlad\u0131\u011f\u0131 G\u00f6z\u00fcn \u00d6yk\u00fcs\u00fc, 20. y\u00fczy\u0131l edebiyat tarihinin en ayk\u0131r\u0131 metinlerinden biridir. Say\u0131s\u0131z de\u011ferlendirmeye konu olmu\u015f, edebiyat<span class=\"excerpt-hellip\"> [\u2026]<\/span><\/p>\n","protected":false},"featured_media":0,"template":"","meta":{"_monsterinsights_skip_tracking":false,"_monsterinsights_sitenote_active":false,"_monsterinsights_sitenote_note":"","_monsterinsights_sitenote_category":0},"product_brand":[],"product_cat":[12291,12711],"product_tag":[],"class_list":{"0":"post-713304","1":"product","2":"type-product","3":"status-publish","5":"product_cat-edebiyat","6":"product_cat-roman-oyku","7":"pa_cilt-ciltsiz","8":"pa_tur-kitap","9":"pa_yayinevi-sel-yayincilik","10":"pa_yazar-georges-bataille","12":"first","13":"instock","14":"sale","15":"shipping-taxable","16":"purchasable","17":"product-type-simple"},"_links":{"self":[{"href":"https:\/\/roveyayinevi.com.tr\/index.php\/wp-json\/wp\/v2\/product\/713304","targetHints":{"allow":["GET"]}}],"collection":[{"href":"https:\/\/roveyayinevi.com.tr\/index.php\/wp-json\/wp\/v2\/product"}],"about":[{"href":"https:\/\/roveyayinevi.com.tr\/index.php\/wp-json\/wp\/v2\/types\/product"}],"wp:attachment":[{"href":"https:\/\/roveyayinevi.com.tr\/index.php\/wp-json\/wp\/v2\/media?parent=713304"}],"wp:term":[{"taxonomy":"product_brand","embeddable":true,"href":"https:\/\/roveyayinevi.com.tr\/index.php\/wp-json\/wp\/v2\/product_brand?post=713304"},{"taxonomy":"product_cat","embeddable":true,"href":"https:\/\/roveyayinevi.com.tr\/index.php\/wp-json\/wp\/v2\/product_cat?post=713304"},{"taxonomy":"product_tag","embeddable":true,"href":"https:\/\/roveyayinevi.com.tr\/index.php\/wp-json\/wp\/v2\/product_tag?post=713304"}],"curies":[{"name":"wp","href":"https:\/\/api.w.org\/{rel}","templated":true}]}}