{"id":713301,"date":"2025-08-27T17:06:08","date_gmt":"2025-08-27T14:06:08","guid":{"rendered":"https:\/\/roveyayinevi.com.tr\/index.php\/urun\/bize-bir-kopru-lazim-bebo-ve-bicenin-kesifleri-4\/"},"modified":"2026-04-16T02:21:46","modified_gmt":"2026-04-15T23:21:46","slug":"bize-bir-kopru-lazim-bebo-ve-bicenin-kesifleri-4","status":"publish","type":"product","link":"https:\/\/roveyayinevi.com.tr\/index.php\/urun\/bize-bir-kopru-lazim-bebo-ve-bicenin-kesifleri-4\/","title":{"rendered":"Bize Bir K\u00f6pr\u00fc Laz\u0131m! Bebo ve Bice&#8217;nin Ke\u015fifleri 4"},"content":{"rendered":"<p>Yo, olamaz! K\u00f6pr\u00fc y\u0131k\u0131ld\u0131\u2026 \u00c7ekirge Zigi i\u00e7in kolay, \u015f\u00f6yle bir z\u0131plasa yeter. Ama Bebo ve Bice u\u00e7urumu nas\u0131l a\u015facaklar?Bebo pembe bir solucan, Bice ise mavi bir pire; birbirinden hi\u00e7 ayr\u0131lmayan iki arkada\u015f. Bebo biraz \u015fakac\u0131, Bice ise ser\u00fcven pe\u015finde ko\u015fan bir oyunbaz. Merakl\u0131 Bebo ve Bice\u2019nin kar\u015f\u0131s\u0131na her zaman tuhaf ve s\u0131ra d\u0131\u015f\u0131 \u015feyler \u00e7\u0131k\u0131yor. Onlar da basit deneyler yaparak olaylar\u0131 a\u00e7\u0131kl\u0131\u011fa kavu\u015fturuyorlar.Bebo ve Bice\u2019nin Ke\u015fifleri, okul \u00f6ncesi d\u00f6nemden ba\u015flayarak \u00e7ocuklar\u0131 d\u00fcnyay\u0131 g\u00f6zlemlemeye ve problemler kar\u015f\u0131s\u0131nda \u00e7\u00f6z\u00fcm \u00fcretmeye te\u015fvik ediyor. Hik\u00e2yeye yerle\u015ftirilmi\u015f basit deneyler arac\u0131l\u0131\u011f\u0131yla \u00e7ocuklar erken ya\u015fta bilimle tan\u0131\u015f\u0131yor. <\/p>\n","protected":false},"excerpt":{"rendered":"<p>Yo, olamaz! K\u00f6pr\u00fc y\u0131k\u0131ld\u0131\u2026 \u00c7ekirge Zigi i\u00e7in kolay, \u015f\u00f6yle bir z\u0131plasa yeter. Ama Bebo ve Bice u\u00e7urumu nas\u0131l a\u015facaklar?Bebo pembe bir solucan, Bice ise mavi bir<span class=\"excerpt-hellip\"> [\u2026]<\/span><\/p>\n","protected":false},"featured_media":0,"template":"","meta":{"_monsterinsights_skip_tracking":false,"_monsterinsights_sitenote_active":false,"_monsterinsights_sitenote_note":"","_monsterinsights_sitenote_category":0},"product_brand":[],"product_cat":[12274,12518],"product_tag":[],"class_list":{"0":"post-713301","1":"product","2":"type-product","3":"status-publish","5":"product_cat-cocuk-ve-genclik-kitaplari","6":"product_cat-okul-oncesi-kitaplar","7":"pa_cilt-ciltsiz","8":"pa_tur-kitap","9":"pa_yayinevi-domingo-yayinevi","10":"pa_yazar-tecnoscienza","12":"first","13":"instock","14":"sale","15":"shipping-taxable","16":"purchasable","17":"product-type-simple"},"_links":{"self":[{"href":"https:\/\/roveyayinevi.com.tr\/index.php\/wp-json\/wp\/v2\/product\/713301","targetHints":{"allow":["GET"]}}],"collection":[{"href":"https:\/\/roveyayinevi.com.tr\/index.php\/wp-json\/wp\/v2\/product"}],"about":[{"href":"https:\/\/roveyayinevi.com.tr\/index.php\/wp-json\/wp\/v2\/types\/product"}],"wp:attachment":[{"href":"https:\/\/roveyayinevi.com.tr\/index.php\/wp-json\/wp\/v2\/media?parent=713301"}],"wp:term":[{"taxonomy":"product_brand","embeddable":true,"href":"https:\/\/roveyayinevi.com.tr\/index.php\/wp-json\/wp\/v2\/product_brand?post=713301"},{"taxonomy":"product_cat","embeddable":true,"href":"https:\/\/roveyayinevi.com.tr\/index.php\/wp-json\/wp\/v2\/product_cat?post=713301"},{"taxonomy":"product_tag","embeddable":true,"href":"https:\/\/roveyayinevi.com.tr\/index.php\/wp-json\/wp\/v2\/product_tag?post=713301"}],"curies":[{"name":"wp","href":"https:\/\/api.w.org\/{rel}","templated":true}]}}