{"id":713300,"date":"2025-08-27T17:06:08","date_gmt":"2025-08-27T14:06:08","guid":{"rendered":"https:\/\/roveyayinevi.com.tr\/index.php\/urun\/kasigimin-ustunde-baloncuk-var-bebo-ve-bicenin-kesifleri-3\/"},"modified":"2026-04-16T02:21:46","modified_gmt":"2026-04-15T23:21:46","slug":"kasigimin-ustunde-baloncuk-var-bebo-ve-bicenin-kesifleri-3","status":"publish","type":"product","link":"https:\/\/roveyayinevi.com.tr\/index.php\/urun\/kasigimin-ustunde-baloncuk-var-bebo-ve-bicenin-kesifleri-3\/","title":{"rendered":"Ka\u015f\u0131\u011f\u0131m\u0131n \u00dcst\u00fcnde Baloncuk Var! Bebo ve Bice&#8217;nin Ke\u015fifleri 3"},"content":{"rendered":"<p>Bebo ve Bice, arkada\u015flar\u0131 Rino\u2019nun hasta oldu\u011funu \u00f6\u011frenince onu yata\u011f\u0131nda e\u011flendirmeye karar veriyorlar. Biraz deterjan biraz su, i\u015fte havada u\u00e7u\u015fan onlarca baloncuk. \u015eimdi s\u0131ra bu baloncuklar\u0131 patlatmadan Rino\u2019ya g\u00f6t\u00fcrmeye geldi. Sizce ba\u015farabilecekler mi?Bebo pembe bir solucan, Bice ise mavi bir pire; birbirinden hi\u00e7 ayr\u0131lmayan iki arkada\u015f. Bebo biraz \u015fakac\u0131, Bice ise ser\u00fcven pe\u015finde ko\u015fan bir oyunbaz. Merakl\u0131 Bebo ve Bice\u2019nin kar\u015f\u0131s\u0131na her zaman tuhaf ve s\u0131ra d\u0131\u015f\u0131 \u015feyler \u00e7\u0131k\u0131yor. Onlar da basit deneyler yaparak olaylar\u0131 a\u00e7\u0131kl\u0131\u011fa kavu\u015fturuyorlar.Bebo ve Bice\u2019nin Ke\u015fifleri, okul \u00f6ncesi d\u00f6nemden ba\u015flayarak \u00e7ocuklar\u0131 d\u00fcnyay\u0131 g\u00f6zlemlemeye ve problemler kar\u015f\u0131s\u0131nda \u00e7\u00f6z\u00fcm \u00fcretmeye te\u015fvik ediyor. Hik\u00e2yeye yerle\u015ftirilmi\u015f basit deneyler arac\u0131l\u0131\u011f\u0131yla \u00e7ocuklar erken ya\u015fta bilimle tan\u0131\u015f\u0131yor. <\/p>\n","protected":false},"excerpt":{"rendered":"<p>Bebo ve Bice, arkada\u015flar\u0131 Rino\u2019nun hasta oldu\u011funu \u00f6\u011frenince onu yata\u011f\u0131nda e\u011flendirmeye karar veriyorlar. Biraz deterjan biraz su, i\u015fte havada u\u00e7u\u015fan onlarca baloncuk. \u015eimdi s\u0131ra bu baloncuklar\u0131<span class=\"excerpt-hellip\"> [\u2026]<\/span><\/p>\n","protected":false},"featured_media":0,"template":"","meta":{"_monsterinsights_skip_tracking":false,"_monsterinsights_sitenote_active":false,"_monsterinsights_sitenote_note":"","_monsterinsights_sitenote_category":0},"product_brand":[],"product_cat":[12274,12518],"product_tag":[],"class_list":{"0":"post-713300","1":"product","2":"type-product","3":"status-publish","5":"product_cat-cocuk-ve-genclik-kitaplari","6":"product_cat-okul-oncesi-kitaplar","7":"pa_cilt-ciltsiz","8":"pa_tur-kitap","9":"pa_yayinevi-domingo-yayinevi","10":"pa_yazar-tecnoscienza","12":"first","13":"instock","14":"sale","15":"shipping-taxable","16":"purchasable","17":"product-type-simple"},"_links":{"self":[{"href":"https:\/\/roveyayinevi.com.tr\/index.php\/wp-json\/wp\/v2\/product\/713300","targetHints":{"allow":["GET"]}}],"collection":[{"href":"https:\/\/roveyayinevi.com.tr\/index.php\/wp-json\/wp\/v2\/product"}],"about":[{"href":"https:\/\/roveyayinevi.com.tr\/index.php\/wp-json\/wp\/v2\/types\/product"}],"wp:attachment":[{"href":"https:\/\/roveyayinevi.com.tr\/index.php\/wp-json\/wp\/v2\/media?parent=713300"}],"wp:term":[{"taxonomy":"product_brand","embeddable":true,"href":"https:\/\/roveyayinevi.com.tr\/index.php\/wp-json\/wp\/v2\/product_brand?post=713300"},{"taxonomy":"product_cat","embeddable":true,"href":"https:\/\/roveyayinevi.com.tr\/index.php\/wp-json\/wp\/v2\/product_cat?post=713300"},{"taxonomy":"product_tag","embeddable":true,"href":"https:\/\/roveyayinevi.com.tr\/index.php\/wp-json\/wp\/v2\/product_tag?post=713300"}],"curies":[{"name":"wp","href":"https:\/\/api.w.org\/{rel}","templated":true}]}}