{"id":713299,"date":"2025-08-27T17:06:07","date_gmt":"2025-08-27T14:06:07","guid":{"rendered":"https:\/\/roveyayinevi.com.tr\/index.php\/urun\/bize-bir-mancinik-lazim-bebo-ve-bicenin-kesifleri-2\/"},"modified":"2026-04-03T02:27:28","modified_gmt":"2026-04-02T23:27:28","slug":"bize-bir-mancinik-lazim-bebo-ve-bicenin-kesifleri-2","status":"publish","type":"product","link":"https:\/\/roveyayinevi.com.tr\/index.php\/urun\/bize-bir-mancinik-lazim-bebo-ve-bicenin-kesifleri-2\/","title":{"rendered":"Bize Bir Manc\u0131n\u0131k Laz\u0131m! Bebo ve Bicenin Ke\u015fifleri 2"},"content":{"rendered":"<p>Yo, olamaz! Bice, g\u00f6lette korsanc\u0131l\u0131k oynarken k\u00fcre\u011fini suya d\u00fc\u015f\u00fcrd\u00fc ve k\u0131y\u0131ya nas\u0131l d\u00f6nece\u011fini bilmiyor\u2026 Bebo, onu kurtarman\u0131n yolunu bulabilecek mi?Bebo pembe bir solucan, Bice ise mavi bir pire; birbirinden hi\u00e7 ayr\u0131lmayan iki arkada\u015f. Bebo biraz \u015fakac\u0131, Bice ise ser\u00fcven pe\u015finde ko\u015fan bir oyunbaz. Merakl\u0131 Bebo ve Bice\u2019nin kar\u015f\u0131s\u0131na her zaman tuhaf ve s\u0131ra d\u0131\u015f\u0131 \u015feyler \u00e7\u0131k\u0131yor. Onlar da basit deneyler yaparak olaylar\u0131 a\u00e7\u0131kl\u0131\u011fa kavu\u015fturuyorlar.Bebo ve Bice\u2019nin Ke\u015fifleri, okul \u00f6ncesi d\u00f6nemden ba\u015flayarak \u00e7ocuklar\u0131 d\u00fcnyay\u0131 g\u00f6zlemlemeye ve problemler kar\u015f\u0131s\u0131nda \u00e7\u00f6z\u00fcm \u00fcretmeye te\u015fvik ediyor. Hik\u00e2yeye yerle\u015ftirilmi\u015f basit deneyler arac\u0131l\u0131\u011f\u0131yla \u00e7ocuklar erken ya\u015fta bilimle tan\u0131\u015f\u0131yor. <\/p>\n","protected":false},"excerpt":{"rendered":"<p>Yo, olamaz! Bice, g\u00f6lette korsanc\u0131l\u0131k oynarken k\u00fcre\u011fini suya d\u00fc\u015f\u00fcrd\u00fc ve k\u0131y\u0131ya nas\u0131l d\u00f6nece\u011fini bilmiyor\u2026 Bebo, onu kurtarman\u0131n yolunu bulabilecek mi?Bebo pembe bir solucan, Bice ise mavi<span class=\"excerpt-hellip\"> [\u2026]<\/span><\/p>\n","protected":false},"featured_media":0,"template":"","meta":{"_monsterinsights_skip_tracking":false,"_monsterinsights_sitenote_active":false,"_monsterinsights_sitenote_note":"","_monsterinsights_sitenote_category":0},"product_brand":[],"product_cat":[12274,12284],"product_tag":[],"class_list":{"0":"post-713299","1":"product","2":"type-product","3":"status-publish","5":"product_cat-cocuk-ve-genclik-kitaplari","6":"product_cat-hikayeler","7":"pa_cilt-ciltsiz","8":"pa_tur-kitap","9":"pa_yayinevi-domingo-yayinevi","10":"pa_yazar-tecnoscienza","12":"first","13":"instock","14":"sale","15":"shipping-taxable","16":"purchasable","17":"product-type-simple"},"_links":{"self":[{"href":"https:\/\/roveyayinevi.com.tr\/index.php\/wp-json\/wp\/v2\/product\/713299","targetHints":{"allow":["GET"]}}],"collection":[{"href":"https:\/\/roveyayinevi.com.tr\/index.php\/wp-json\/wp\/v2\/product"}],"about":[{"href":"https:\/\/roveyayinevi.com.tr\/index.php\/wp-json\/wp\/v2\/types\/product"}],"wp:attachment":[{"href":"https:\/\/roveyayinevi.com.tr\/index.php\/wp-json\/wp\/v2\/media?parent=713299"}],"wp:term":[{"taxonomy":"product_brand","embeddable":true,"href":"https:\/\/roveyayinevi.com.tr\/index.php\/wp-json\/wp\/v2\/product_brand?post=713299"},{"taxonomy":"product_cat","embeddable":true,"href":"https:\/\/roveyayinevi.com.tr\/index.php\/wp-json\/wp\/v2\/product_cat?post=713299"},{"taxonomy":"product_tag","embeddable":true,"href":"https:\/\/roveyayinevi.com.tr\/index.php\/wp-json\/wp\/v2\/product_tag?post=713299"}],"curies":[{"name":"wp","href":"https:\/\/api.w.org\/{rel}","templated":true}]}}