{"id":713296,"date":"2025-08-27T17:06:05","date_gmt":"2025-08-27T14:06:05","guid":{"rendered":"https:\/\/roveyayinevi.com.tr\/index.php\/urun\/makroekonomi\/"},"modified":"2026-04-16T02:21:46","modified_gmt":"2026-04-15T23:21:46","slug":"makroekonomi","status":"publish","type":"product","link":"https:\/\/roveyayinevi.com.tr\/index.php\/urun\/makroekonomi\/","title":{"rendered":"Makroekonomi"},"content":{"rendered":"<p>Makroekonomi, ya\u015fanan son kriz ile birlikte herkesin konu\u015ftu\u011fu bir konu haline geldi. Bu, bir taraftan olumlu, di\u011fer taraftan ise olumsuz bir geli\u015fme oldu. Olumlu oldu, \u00e7\u00fcnk\u00fc art\u0131k ekonomik sorunlar geni\u015f kitlelerce tart\u0131\u015f\u0131l\u0131r ve anla\u015f\u0131lmaya \u00e7al\u0131\u015f\u0131lan konular\u0131n ba\u015f\u0131nda gelmeye ba\u015flad\u0131; olumsuz oldu, \u00e7\u00fcnk\u00fc herkes kendini ekonomist zannetmeye ba\u015flad\u0131.Bu durum ekonomi e\u011fitimini daha \u00f6nemli k\u0131lar iken, akademisyenlere de b\u00fcy\u00fck sorumluluk y\u00fckledi, \u00e7\u00fcnk\u00fc art\u0131k kuru iktisat kuram\u0131n\u0131 anlatarak dersi tamamlamak m\u00fcmk\u00fcn olmaktan \u00e7\u0131kt\u0131. \u00d6\u011frenciler art\u0131k makroekonomik sorunlar\u0131n \u00e7\u00f6z\u00fcmlerini ve buna y\u00f6nelik alternatif iktisat politikalar\u0131n\u0131 da merak eder hale geldi.Abel, Bernanke ve Croushore\u2019un birlikte yazd\u0131klar\u0131 bu kitap, makroekonomiye bu \u00e7er\u00e7evede yakla\u015f\u0131yor. Yazarlardan Ben S. Bernanke, kriz d\u00f6neminde ABD Merkez Bankas\u0131\u2019n\u0131n (FED) ba\u015fkan\u0131yd\u0131. Dolas\u0131yla, b\u00fcy\u00fck bir krizi idare eden ki\u015fi olarak, krize y\u00f6nelik al\u0131nan makroekonomi politikalar\u0131n\u0131 k\u00fcresel ekonomi \u00f6l\u00e7e\u011finde y\u00f6netti. Kitapta bu deneyimi de bulacaks\u0131n\u0131z.Elinizde tuttu\u011funuz makroekonomi kitab\u0131 size sadece kuramsal bilgiler aktarmakla kalm\u0131yor, makroekonomik politikalar\u0131n uygulanmas\u0131n\u0131 anlat\u0131yor, verilerle ekonomiyi nas\u0131l yorumlayaca\u011f\u0131n\u0131z\u0131n da yolunu a\u00e7\u0131yor.Kitap, izlenen bu y\u00f6ntem sayesinde sizi daha \u00fcst ekonomi derslerine haz\u0131rlad\u0131\u011f\u0131 gibi, ald\u0131\u011f\u0131n\u0131z e\u011fitim sonras\u0131 girece\u011finiz yar\u0131\u015fma s\u0131navlar\u0131na da haz\u0131rlamaktad\u0131r.Efil Yay\u0131nevi, ekonomi kitaplar\u0131n\u0131n aras\u0131na Abel, Bernanke ve Croushore\u2019un Makroekonomi kitab\u0131n\u0131 da katarak T\u00fcrkiye\u2019de iktisat yaz\u0131n\u0131na katk\u0131 vermeye devam etmektedir. <\/p>\n","protected":false},"excerpt":{"rendered":"<p>Makroekonomi, ya\u015fanan son kriz ile birlikte herkesin konu\u015ftu\u011fu bir konu haline geldi. Bu, bir taraftan olumlu, di\u011fer taraftan ise olumsuz bir geli\u015fme oldu. Olumlu oldu, \u00e7\u00fcnk\u00fc<span class=\"excerpt-hellip\"> [\u2026]<\/span><\/p>\n","protected":false},"featured_media":0,"template":"","meta":{"_monsterinsights_skip_tracking":false,"_monsterinsights_sitenote_active":false,"_monsterinsights_sitenote_note":"","_monsterinsights_sitenote_category":0},"product_brand":[],"product_cat":[12573,12566],"product_tag":[],"class_list":{"0":"post-713296","1":"product","2":"type-product","3":"status-publish","5":"product_cat-akademik-kitaplar","6":"product_cat-egitim","7":"pa_cilt-ciltsiz","8":"pa_tur-kitap","9":"pa_yayinevi-efil-yayinevi","10":"pa_yazar-andrew-b-abel-ben-s-bernanke-dean-croushore","12":"first","13":"instock","14":"sale","15":"shipping-taxable","16":"purchasable","17":"product-type-simple"},"_links":{"self":[{"href":"https:\/\/roveyayinevi.com.tr\/index.php\/wp-json\/wp\/v2\/product\/713296","targetHints":{"allow":["GET"]}}],"collection":[{"href":"https:\/\/roveyayinevi.com.tr\/index.php\/wp-json\/wp\/v2\/product"}],"about":[{"href":"https:\/\/roveyayinevi.com.tr\/index.php\/wp-json\/wp\/v2\/types\/product"}],"wp:attachment":[{"href":"https:\/\/roveyayinevi.com.tr\/index.php\/wp-json\/wp\/v2\/media?parent=713296"}],"wp:term":[{"taxonomy":"product_brand","embeddable":true,"href":"https:\/\/roveyayinevi.com.tr\/index.php\/wp-json\/wp\/v2\/product_brand?post=713296"},{"taxonomy":"product_cat","embeddable":true,"href":"https:\/\/roveyayinevi.com.tr\/index.php\/wp-json\/wp\/v2\/product_cat?post=713296"},{"taxonomy":"product_tag","embeddable":true,"href":"https:\/\/roveyayinevi.com.tr\/index.php\/wp-json\/wp\/v2\/product_tag?post=713296"}],"curies":[{"name":"wp","href":"https:\/\/api.w.org\/{rel}","templated":true}]}}