{"id":713291,"date":"2025-08-27T17:06:03","date_gmt":"2025-08-27T14:06:03","guid":{"rendered":"https:\/\/roveyayinevi.com.tr\/index.php\/urun\/bana-yalan-soylediler-internet-ve-gercek-yuzumuz\/"},"modified":"2026-04-16T02:21:46","modified_gmt":"2026-04-15T23:21:46","slug":"bana-yalan-soylediler-internet-ve-gercek-yuzumuz","status":"publish","type":"product","link":"https:\/\/roveyayinevi.com.tr\/index.php\/urun\/bana-yalan-soylediler-internet-ve-gercek-yuzumuz\/","title":{"rendered":"Bana Yalan S\u00f6ylediler: \u0130nternet ve Ger\u00e7ek Y\u00fcz\u00fcm\u00fcz"},"content":{"rendered":"<p>\u0130nsanlar ne s\u0131kl\u0131kta seks yap\u0131yorlar? Reklam vermek i\u015fe yar\u0131yor mu? Kimler vergi ka\u00e7\u0131r\u0131yor? Geylerin say\u0131s\u0131 belli mi? Hangi \u00fcniversiteye gitti\u011fimin bir \u00f6nemi var m\u0131? Borsay\u0131 kand\u0131rabilir miyiz? Medya tarafl\u0131 haber yap\u0131yor mu? \u00c7ocuk b\u00fcy\u00fctmek i\u00e7in en iyi yerler nereleri? \u0130lk randevuda nelerden bahsetmeliyim ki ikincisi olsun? Veri bilimcisi Seth Stephens-Davidowitz, \u00e7\u0131\u011f\u0131r a\u00e7\u0131c\u0131 \u00e7al\u0131\u015fmas\u0131nda, insanlara dair kal\u0131pla\u015fm\u0131\u015f d\u00fc\u015f\u00fcncelerimizin ne \u00f6l\u00e7\u00fcde hatal\u0131 oldu\u011funu ortaya koyuyor. Peki, bunun nedeni ne? \u00c7\u00fcnk\u00fc insanlar dostlar\u0131na, sevdiklerine, doktorlar\u0131na ve anketlere, hatta kendilerine bile yalan s\u00f6yler. Bug\u00fcn art\u0131k insanlar\u0131n s\u00f6yledikleriyle yetinmek zorunda de\u011filiz. \u0130nternetin sa\u011flad\u0131\u011f\u0131 yeni bilgi t\u00fcr\u00fc hakikati ortaya koyuyor. Google\u2019da, sosyal medyada, fl\u00f6rt sitelerinde, hatta porno i\u00e7erikli sitelerde b\u0131rakt\u0131\u011f\u0131m\u0131z her iz, hakk\u0131m\u0131zda bir \u015feyler s\u00f6yl\u00fcyor. Bu dijital alt\u0131n madenini ara\u015ft\u0131ran uzmanlar insanlar\u0131n ger\u00e7ekte ne d\u00fc\u015f\u00fcnd\u00fcklerini, istediklerini ve yapt\u0131klar\u0131n\u0131 ke\u015ffediyorlar. Do\u011fru sorular\u0131 sordu\u011fumuz takdirde, B\u00fcy\u00fck Veri\u2019den insan do\u011fas\u0131na ili\u015fkin \u00f6\u011frenebileceklerimizin s\u0131n\u0131r\u0131 yok. Bu alan\u0131n \u00f6nc\u00fcleri aras\u0131nda yer alan Seth Stephens- Davidowitz\u2019in sundu\u011fu yeni veriler sizi zaman zaman kahkahaya bo\u011farken, kimi yerde dumura u\u011fratacak ya da rahats\u0131z edecek. Bana Yalan S\u00f6ylediler\u2019de kar\u015f\u0131n\u0131za \u00e7\u0131kacak verilerin tamam\u0131 sizi hem insanl\u0131\u011fa hem de d\u00fcnyan\u0131n g\u00fcn\u00fcm\u00fczdeki haline dair d\u00fc\u015f\u00fcnd\u00fcrecek. <\/p>\n","protected":false},"excerpt":{"rendered":"<p>\u0130nsanlar ne s\u0131kl\u0131kta seks yap\u0131yorlar? Reklam vermek i\u015fe yar\u0131yor mu? Kimler vergi ka\u00e7\u0131r\u0131yor? Geylerin say\u0131s\u0131 belli mi? Hangi \u00fcniversiteye gitti\u011fimin bir \u00f6nemi var m\u0131? Borsay\u0131 kand\u0131rabilir<span class=\"excerpt-hellip\"> [\u2026]<\/span><\/p>\n","protected":false},"featured_media":0,"template":"","meta":{"_monsterinsights_skip_tracking":false,"_monsterinsights_sitenote_active":false,"_monsterinsights_sitenote_note":"","_monsterinsights_sitenote_category":0},"product_brand":[],"product_cat":[12567,12566],"product_tag":[],"class_list":{"0":"post-713291","1":"product","2":"type-product","3":"status-publish","5":"product_cat-diger-egitim","6":"product_cat-egitim","7":"pa_cilt-ciltsiz","8":"pa_tur-kitap","9":"pa_yayinevi-koc-universitesi-yayinlari","10":"pa_yazar-seth-stephens-davidowitz","12":"first","13":"instock","14":"sale","15":"shipping-taxable","16":"purchasable","17":"product-type-simple"},"_links":{"self":[{"href":"https:\/\/roveyayinevi.com.tr\/index.php\/wp-json\/wp\/v2\/product\/713291","targetHints":{"allow":["GET"]}}],"collection":[{"href":"https:\/\/roveyayinevi.com.tr\/index.php\/wp-json\/wp\/v2\/product"}],"about":[{"href":"https:\/\/roveyayinevi.com.tr\/index.php\/wp-json\/wp\/v2\/types\/product"}],"wp:attachment":[{"href":"https:\/\/roveyayinevi.com.tr\/index.php\/wp-json\/wp\/v2\/media?parent=713291"}],"wp:term":[{"taxonomy":"product_brand","embeddable":true,"href":"https:\/\/roveyayinevi.com.tr\/index.php\/wp-json\/wp\/v2\/product_brand?post=713291"},{"taxonomy":"product_cat","embeddable":true,"href":"https:\/\/roveyayinevi.com.tr\/index.php\/wp-json\/wp\/v2\/product_cat?post=713291"},{"taxonomy":"product_tag","embeddable":true,"href":"https:\/\/roveyayinevi.com.tr\/index.php\/wp-json\/wp\/v2\/product_tag?post=713291"}],"curies":[{"name":"wp","href":"https:\/\/api.w.org\/{rel}","templated":true}]}}