{"id":713286,"date":"2025-08-27T17:06:00","date_gmt":"2025-08-27T14:06:00","guid":{"rendered":"https:\/\/roveyayinevi.com.tr\/index.php\/urun\/sut-kutusundaki-inek\/"},"modified":"2026-04-16T02:21:46","modified_gmt":"2026-04-15T23:21:46","slug":"sut-kutusundaki-inek","status":"publish","type":"product","link":"https:\/\/roveyayinevi.com.tr\/index.php\/urun\/sut-kutusundaki-inek\/","title":{"rendered":"S\u00fct Kutusundaki \u0130nek"},"content":{"rendered":"<p>Bilmedi\u011fi cevab\u0131 hayal g\u00fcc\u00fcyle dolduran \u00e7ocuklara\u2026 Frans\u0131z yazar Sophie Adriansen ve \u00e7izer Mayana Ito\u00efz imzal\u0131 S\u00fct Kutusundaki \u0130nek, h\u0131zl\u0131 t\u00fcketim g\u0131dalar\u0131yla b\u00fcy\u00fcyen kentli \u00e7ocuklar\u0131n do\u011fay\u0131 ve do\u011fal g\u0131da \u00fcr\u00fcnlerini alg\u0131lay\u0131\u015f bi\u00e7imlerine ele\u015ftirel bir yakla\u015f\u0131m getiriyor.5 ya\u015f ve \u00fcst\u00fcndeki okurlar\u0131 kendi \u00f6yk\u00fclerini yaratmaya te\u015fvik eden S\u00fct Kutusundaki \u0130nek, merakl\u0131 miniklerin ak\u0131l y\u00fcr\u00fctme becerilerini artt\u0131r\u0131yor. S\u00fct Kutusundaki \u0130nek, mizahi \u00f6yk\u00fcs\u00fc ve capcanl\u0131 resimleriyle \u00e7ocuklar\u0131n hayal g\u00fcc\u00fcn\u00fc tetikleyen sevimli bir kitap. S\u00fct kutusunun \u00fczerinde inek resmi oldu\u011fu i\u00e7in i\u00e7erisinde bir ine\u011fin ya\u015fad\u0131\u011f\u0131n\u0131 d\u00fc\u015f\u00fcnen bir \u00e7ocu\u011fun hayal d\u00fcnyas\u0131ndan renkli bir kesit sunan S\u00fct Kutusundaki \u0130nek, okurlar\u0131na y\u00f6neltti\u011fi s\u00fcrpriz sorularla bolca d\u00fc\u015f\u00fcnd\u00fcr\u00fcyor. \u00c7ocuklar\u0131n bilinmeyene kar\u015f\u0131 zihinlerinde kurgulad\u0131klar\u0131 d\u00fc\u015f\u00fcnceleri matrak bir hik\u00e2yeyle bulu\u015fturan bu kitap, ailece okumak ve yeni \u00f6yk\u00fcler yaratmak i\u00e7in birebir. Bu ne\u015feli kitap, s\u00fct kutusunu and\u0131ran \u00f6zg\u00fcn tasar\u0131m\u0131yla \u00e7ocuklar\u0131n favorisi olacak. <\/p>\n","protected":false},"excerpt":{"rendered":"<p>Bilmedi\u011fi cevab\u0131 hayal g\u00fcc\u00fcyle dolduran \u00e7ocuklara\u2026 Frans\u0131z yazar Sophie Adriansen ve \u00e7izer Mayana Ito\u00efz imzal\u0131 S\u00fct Kutusundaki \u0130nek, h\u0131zl\u0131 t\u00fcketim g\u0131dalar\u0131yla b\u00fcy\u00fcyen kentli \u00e7ocuklar\u0131n do\u011fay\u0131 ve<span class=\"excerpt-hellip\"> [\u2026]<\/span><\/p>\n","protected":false},"featured_media":0,"template":"","meta":{"_monsterinsights_skip_tracking":false,"_monsterinsights_sitenote_active":false,"_monsterinsights_sitenote_note":"","_monsterinsights_sitenote_category":0},"product_brand":[],"product_cat":[12913,12274],"product_tag":[],"class_list":{"0":"post-713286","1":"product","2":"type-product","3":"status-publish","5":"product_cat-3-6-yas-kitaplari","6":"product_cat-cocuk-ve-genclik-kitaplari","7":"pa_cilt-ciltli","8":"pa_tur-kitap","9":"pa_yayinevi-ucanbalik-yayincilik","10":"pa_yazar-sophie-adriansen","12":"first","13":"instock","14":"sale","15":"shipping-taxable","16":"purchasable","17":"product-type-simple"},"_links":{"self":[{"href":"https:\/\/roveyayinevi.com.tr\/index.php\/wp-json\/wp\/v2\/product\/713286","targetHints":{"allow":["GET"]}}],"collection":[{"href":"https:\/\/roveyayinevi.com.tr\/index.php\/wp-json\/wp\/v2\/product"}],"about":[{"href":"https:\/\/roveyayinevi.com.tr\/index.php\/wp-json\/wp\/v2\/types\/product"}],"wp:attachment":[{"href":"https:\/\/roveyayinevi.com.tr\/index.php\/wp-json\/wp\/v2\/media?parent=713286"}],"wp:term":[{"taxonomy":"product_brand","embeddable":true,"href":"https:\/\/roveyayinevi.com.tr\/index.php\/wp-json\/wp\/v2\/product_brand?post=713286"},{"taxonomy":"product_cat","embeddable":true,"href":"https:\/\/roveyayinevi.com.tr\/index.php\/wp-json\/wp\/v2\/product_cat?post=713286"},{"taxonomy":"product_tag","embeddable":true,"href":"https:\/\/roveyayinevi.com.tr\/index.php\/wp-json\/wp\/v2\/product_tag?post=713286"}],"curies":[{"name":"wp","href":"https:\/\/api.w.org\/{rel}","templated":true}]}}