{"id":713285,"date":"2025-08-27T17:05:59","date_gmt":"2025-08-27T14:05:59","guid":{"rendered":"https:\/\/roveyayinevi.com.tr\/index.php\/urun\/kalbindeki-cevap\/"},"modified":"2026-04-16T02:21:46","modified_gmt":"2026-04-15T23:21:46","slug":"kalbindeki-cevap","status":"publish","type":"product","link":"https:\/\/roveyayinevi.com.tr\/index.php\/urun\/kalbindeki-cevap\/","title":{"rendered":"Kalbindeki Cevap"},"content":{"rendered":"<p>Bir \u00e7ocu\u011fun kendini ve d\u00fcnyay\u0131 ke\u015ffetme \u00f6yk\u00fcs\u00fc. S\u0131cak, samimi, ve cesur&#8230;\u201cKalbinin pe\u015finden giden ne ke\u015ffeder?\u201ddiye sordu Aden. \u201cKendini\u201d dedi Edi. Bu kitap bir bilge ile bir \u00e7ocu\u011fun aras\u0131nda ge\u00e7en sevgi ve mesaj dolu bir sohbetten olu\u015fuyor.Kendini ke\u015fif yolunda insan\u0131 y\u00fcreklendiren ve kalbe dokunan s\u0131cac\u0131k bir \u00f6yk\u00fc&#8230;<\/p>\n","protected":false},"excerpt":{"rendered":"<p>Bir \u00e7ocu\u011fun kendini ve d\u00fcnyay\u0131 ke\u015ffetme \u00f6yk\u00fcs\u00fc. S\u0131cak, samimi, ve cesur&#8230;\u201cKalbinin pe\u015finden giden ne ke\u015ffeder?\u201ddiye sordu Aden. \u201cKendini\u201d dedi Edi. Bu kitap bir bilge ile bir<span class=\"excerpt-hellip\"> [\u2026]<\/span><\/p>\n","protected":false},"featured_media":0,"template":"","meta":{"_monsterinsights_skip_tracking":false,"_monsterinsights_sitenote_active":false,"_monsterinsights_sitenote_note":"","_monsterinsights_sitenote_category":0},"product_brand":[],"product_cat":[12913,12274],"product_tag":[],"class_list":{"0":"post-713285","1":"product","2":"type-product","3":"status-publish","5":"product_cat-3-6-yas-kitaplari","6":"product_cat-cocuk-ve-genclik-kitaplari","7":"pa_cilt-ciltsiz","8":"pa_tur-kitap","9":"pa_yayinevi-altin-kitaplar-cocuk-kitaplari","10":"pa_yazar-canev-tatar","12":"first","13":"instock","14":"sale","15":"shipping-taxable","16":"purchasable","17":"product-type-simple"},"_links":{"self":[{"href":"https:\/\/roveyayinevi.com.tr\/index.php\/wp-json\/wp\/v2\/product\/713285","targetHints":{"allow":["GET"]}}],"collection":[{"href":"https:\/\/roveyayinevi.com.tr\/index.php\/wp-json\/wp\/v2\/product"}],"about":[{"href":"https:\/\/roveyayinevi.com.tr\/index.php\/wp-json\/wp\/v2\/types\/product"}],"wp:attachment":[{"href":"https:\/\/roveyayinevi.com.tr\/index.php\/wp-json\/wp\/v2\/media?parent=713285"}],"wp:term":[{"taxonomy":"product_brand","embeddable":true,"href":"https:\/\/roveyayinevi.com.tr\/index.php\/wp-json\/wp\/v2\/product_brand?post=713285"},{"taxonomy":"product_cat","embeddable":true,"href":"https:\/\/roveyayinevi.com.tr\/index.php\/wp-json\/wp\/v2\/product_cat?post=713285"},{"taxonomy":"product_tag","embeddable":true,"href":"https:\/\/roveyayinevi.com.tr\/index.php\/wp-json\/wp\/v2\/product_tag?post=713285"}],"curies":[{"name":"wp","href":"https:\/\/api.w.org\/{rel}","templated":true}]}}