{"id":713284,"date":"2025-08-27T17:05:58","date_gmt":"2025-08-27T14:05:58","guid":{"rendered":"https:\/\/roveyayinevi.com.tr\/index.php\/urun\/ataturk-ve-cumhuriyet-tiyatrosu\/"},"modified":"2026-04-16T02:21:46","modified_gmt":"2026-04-15T23:21:46","slug":"ataturk-ve-cumhuriyet-tiyatrosu","status":"publish","type":"product","link":"https:\/\/roveyayinevi.com.tr\/index.php\/urun\/ataturk-ve-cumhuriyet-tiyatrosu\/","title":{"rendered":"Atat\u00fcrk ve Cumhuriyet Tiyatrosu"},"content":{"rendered":"<p>Mustafa Kemal Atat\u00fcrk\u2019\u00fcn sanat ve \u00f6zellikle de tiyatro alan\u0131nda ger\u00e7ekle\u015ftirdi\u011fi devrimleri a\u00e7\u0131klayan bu kitap, onun derin \u00f6ng\u00f6r\u00fcs\u00fcyle k\u00fclt\u00fcr hayat\u0131m\u0131za kazand\u0131rd\u0131klar\u0131 hakk\u0131nda bir an\u0131msatma niteli\u011fi de ta\u015f\u0131yor. Atat\u00fcrk, sanat\u0131 seven ve sanat\u0131n yenileyici g\u00fcc\u00fcne inanan, sanat\u00e7\u0131ya sayg\u0131 duyan ve onurland\u0131ran bir liderdi. Montesquie&#8217;n\u00fcn \u00fcnl\u00fc t\u00fcmcesini rehber edinmi\u015f, &#8220;Sanatta devrim yap\u0131lmad\u0131k\u00e7a, devrimler yerine oturmaz&#8221; demi\u015fti.   K\u00fclt\u00fcr toplumun, sanat ise k\u00fclt\u00fcr\u00fcn temelidir. Atat\u00fcrk, k\u00fclt\u00fcrel devrim ba\u015far\u0131ya ula\u015fmad\u0131k\u00e7a, toplumsal devrimin yar\u0131da kalaca\u011f\u0131n\u0131 \u00e7ok iyi biliyordu. Elinizdeki kitap, b\u00fcy\u00fck bir al\u00e7akg\u00f6n\u00fcll\u00fckle, Mustafa Kemal Atat\u00fcrk&#8217;\u00fcn yaratt\u0131\u011f\u0131 Cumhuriyet&#8217;e adanm\u0131\u015ft\u0131r. <\/p>\n","protected":false},"excerpt":{"rendered":"<p>Mustafa Kemal Atat\u00fcrk\u2019\u00fcn sanat ve \u00f6zellikle de tiyatro alan\u0131nda ger\u00e7ekle\u015ftirdi\u011fi devrimleri a\u00e7\u0131klayan bu kitap, onun derin \u00f6ng\u00f6r\u00fcs\u00fcyle k\u00fclt\u00fcr hayat\u0131m\u0131za kazand\u0131rd\u0131klar\u0131 hakk\u0131nda bir an\u0131msatma niteli\u011fi de ta\u015f\u0131yor.<span class=\"excerpt-hellip\"> [\u2026]<\/span><\/p>\n","protected":false},"featured_media":0,"template":"","meta":{"_monsterinsights_skip_tracking":false,"_monsterinsights_sitenote_active":false,"_monsterinsights_sitenote_note":"","_monsterinsights_sitenote_category":0},"product_brand":[],"product_cat":[12567,12566],"product_tag":[],"class_list":{"0":"post-713284","1":"product","2":"type-product","3":"status-publish","5":"product_cat-diger-egitim","6":"product_cat-egitim","7":"pa_cilt-ciltsiz","8":"pa_tur-kitap","9":"pa_yayinevi-kaynak-yayinlari","10":"pa_yazar-ozdemir-nutku","12":"first","13":"instock","14":"sale","15":"shipping-taxable","16":"purchasable","17":"product-type-simple"},"_links":{"self":[{"href":"https:\/\/roveyayinevi.com.tr\/index.php\/wp-json\/wp\/v2\/product\/713284","targetHints":{"allow":["GET"]}}],"collection":[{"href":"https:\/\/roveyayinevi.com.tr\/index.php\/wp-json\/wp\/v2\/product"}],"about":[{"href":"https:\/\/roveyayinevi.com.tr\/index.php\/wp-json\/wp\/v2\/types\/product"}],"wp:attachment":[{"href":"https:\/\/roveyayinevi.com.tr\/index.php\/wp-json\/wp\/v2\/media?parent=713284"}],"wp:term":[{"taxonomy":"product_brand","embeddable":true,"href":"https:\/\/roveyayinevi.com.tr\/index.php\/wp-json\/wp\/v2\/product_brand?post=713284"},{"taxonomy":"product_cat","embeddable":true,"href":"https:\/\/roveyayinevi.com.tr\/index.php\/wp-json\/wp\/v2\/product_cat?post=713284"},{"taxonomy":"product_tag","embeddable":true,"href":"https:\/\/roveyayinevi.com.tr\/index.php\/wp-json\/wp\/v2\/product_tag?post=713284"}],"curies":[{"name":"wp","href":"https:\/\/api.w.org\/{rel}","templated":true}]}}