{"id":713282,"date":"2025-08-27T17:05:57","date_gmt":"2025-08-27T14:05:57","guid":{"rendered":"https:\/\/roveyayinevi.com.tr\/index.php\/urun\/elif-futbol-oynuyor-ilk-okuma-kitabim\/"},"modified":"2026-04-16T02:21:46","modified_gmt":"2026-04-15T23:21:46","slug":"elif-futbol-oynuyor-ilk-okuma-kitabim","status":"publish","type":"product","link":"https:\/\/roveyayinevi.com.tr\/index.php\/urun\/elif-futbol-oynuyor-ilk-okuma-kitabim\/","title":{"rendered":"Elif Futbol Oynuyor &#8211; \u0130lk Okuma Kitab\u0131m"},"content":{"rendered":"<p>Elif futbol tak\u0131m\u0131na girdi\u011finden beri tek bir antrenman\u0131 bile ka\u00e7\u0131rmad\u0131. Tak\u0131mda futbolla ilgili her \u015feyi \u00f6\u011frendi. Yak\u0131nda oynanacak ma\u00e7ta yer alaca\u011f\u0131n\u0131 \u00f6\u011frendi\u011finde havalara u\u00e7tu. Ne var ki bir sabah hastalan\u0131verdi. Elif zaman\u0131nda iyile\u015ferek, sahada f\u0131rt\u0131na gibi esebilecek miydi? \ufffcTan\u0131t\u0131m Metni<\/p>\n","protected":false},"excerpt":{"rendered":"<p>Elif futbol tak\u0131m\u0131na girdi\u011finden beri tek bir antrenman\u0131 bile ka\u00e7\u0131rmad\u0131. Tak\u0131mda futbolla ilgili her \u015feyi \u00f6\u011frendi. Yak\u0131nda oynanacak ma\u00e7ta yer alaca\u011f\u0131n\u0131 \u00f6\u011frendi\u011finde havalara u\u00e7tu. Ne var<span class=\"excerpt-hellip\"> [\u2026]<\/span><\/p>\n","protected":false},"featured_media":0,"template":"","meta":{"_monsterinsights_skip_tracking":false,"_monsterinsights_sitenote_active":false,"_monsterinsights_sitenote_note":"","_monsterinsights_sitenote_category":0},"product_brand":[],"product_cat":[12274,12518],"product_tag":[],"class_list":{"0":"post-713282","1":"product","2":"type-product","3":"status-publish","5":"product_cat-cocuk-ve-genclik-kitaplari","6":"product_cat-okul-oncesi-kitaplar","7":"pa_cilt-ciltsiz","8":"pa_tur-kitap","9":"pa_yayinevi-is-bankasi-kultur-yayinlari","10":"pa_yazar-liane-schneider","12":"first","13":"instock","14":"sale","15":"shipping-taxable","16":"purchasable","17":"product-type-simple"},"_links":{"self":[{"href":"https:\/\/roveyayinevi.com.tr\/index.php\/wp-json\/wp\/v2\/product\/713282","targetHints":{"allow":["GET"]}}],"collection":[{"href":"https:\/\/roveyayinevi.com.tr\/index.php\/wp-json\/wp\/v2\/product"}],"about":[{"href":"https:\/\/roveyayinevi.com.tr\/index.php\/wp-json\/wp\/v2\/types\/product"}],"wp:attachment":[{"href":"https:\/\/roveyayinevi.com.tr\/index.php\/wp-json\/wp\/v2\/media?parent=713282"}],"wp:term":[{"taxonomy":"product_brand","embeddable":true,"href":"https:\/\/roveyayinevi.com.tr\/index.php\/wp-json\/wp\/v2\/product_brand?post=713282"},{"taxonomy":"product_cat","embeddable":true,"href":"https:\/\/roveyayinevi.com.tr\/index.php\/wp-json\/wp\/v2\/product_cat?post=713282"},{"taxonomy":"product_tag","embeddable":true,"href":"https:\/\/roveyayinevi.com.tr\/index.php\/wp-json\/wp\/v2\/product_tag?post=713282"}],"curies":[{"name":"wp","href":"https:\/\/api.w.org\/{rel}","templated":true}]}}