{"id":713281,"date":"2025-08-27T17:05:57","date_gmt":"2025-08-27T14:05:57","guid":{"rendered":"https:\/\/roveyayinevi.com.tr\/index.php\/urun\/minik-elif-anaokuluna-basliyor-ilk-okuma-kitabim\/"},"modified":"2026-04-16T02:21:46","modified_gmt":"2026-04-15T23:21:46","slug":"minik-elif-anaokuluna-basliyor-ilk-okuma-kitabim","status":"publish","type":"product","link":"https:\/\/roveyayinevi.com.tr\/index.php\/urun\/minik-elif-anaokuluna-basliyor-ilk-okuma-kitabim\/","title":{"rendered":"Minik Elif Anaokuluna Ba\u015fl\u0131yor &#8211; \u0130lk Okuma Kitab\u0131m"},"content":{"rendered":"<p>O g\u00fcn do\u011fum g\u00fcn\u00fc olan Elif, en g\u00fczel elbisesini giydi. Yeni ya\u015f\u0131na bast\u0131\u011f\u0131nda anaokuluna da ba\u015flayacakt\u0131. Elif, anaokulunun ilk g\u00fcn\u00fcnde neler ya\u015fad\u0131\u011f\u0131n\u0131 heyecanla annesine ve babas\u0131na anlatt\u0131. \ufffc<\/p>\n","protected":false},"excerpt":{"rendered":"<p>O g\u00fcn do\u011fum g\u00fcn\u00fc olan Elif, en g\u00fczel elbisesini giydi. Yeni ya\u015f\u0131na bast\u0131\u011f\u0131nda anaokuluna da ba\u015flayacakt\u0131. Elif, anaokulunun ilk g\u00fcn\u00fcnde neler ya\u015fad\u0131\u011f\u0131n\u0131 heyecanla annesine ve babas\u0131na<span class=\"excerpt-hellip\"> [\u2026]<\/span><\/p>\n","protected":false},"featured_media":0,"template":"","meta":{"_monsterinsights_skip_tracking":false,"_monsterinsights_sitenote_active":false,"_monsterinsights_sitenote_note":"","_monsterinsights_sitenote_category":0},"product_brand":[],"product_cat":[12274,12518],"product_tag":[],"class_list":{"0":"post-713281","1":"product","2":"type-product","3":"status-publish","5":"product_cat-cocuk-ve-genclik-kitaplari","6":"product_cat-okul-oncesi-kitaplar","7":"pa_cilt-ciltsiz","8":"pa_tur-kitap","9":"pa_yayinevi-is-bankasi-kultur-yayinlari","10":"pa_yazar-liane-schneider","12":"first","13":"instock","14":"sale","15":"shipping-taxable","16":"purchasable","17":"product-type-simple"},"_links":{"self":[{"href":"https:\/\/roveyayinevi.com.tr\/index.php\/wp-json\/wp\/v2\/product\/713281","targetHints":{"allow":["GET"]}}],"collection":[{"href":"https:\/\/roveyayinevi.com.tr\/index.php\/wp-json\/wp\/v2\/product"}],"about":[{"href":"https:\/\/roveyayinevi.com.tr\/index.php\/wp-json\/wp\/v2\/types\/product"}],"wp:attachment":[{"href":"https:\/\/roveyayinevi.com.tr\/index.php\/wp-json\/wp\/v2\/media?parent=713281"}],"wp:term":[{"taxonomy":"product_brand","embeddable":true,"href":"https:\/\/roveyayinevi.com.tr\/index.php\/wp-json\/wp\/v2\/product_brand?post=713281"},{"taxonomy":"product_cat","embeddable":true,"href":"https:\/\/roveyayinevi.com.tr\/index.php\/wp-json\/wp\/v2\/product_cat?post=713281"},{"taxonomy":"product_tag","embeddable":true,"href":"https:\/\/roveyayinevi.com.tr\/index.php\/wp-json\/wp\/v2\/product_tag?post=713281"}],"curies":[{"name":"wp","href":"https:\/\/api.w.org\/{rel}","templated":true}]}}