{"id":713280,"date":"2025-08-27T17:05:56","date_gmt":"2025-08-27T14:05:56","guid":{"rendered":"https:\/\/roveyayinevi.com.tr\/index.php\/urun\/harper-gece-ormani-macerasi-eser-alt-basligi\/"},"modified":"2026-04-16T02:21:46","modified_gmt":"2026-04-15T23:21:46","slug":"harper-gece-ormani-macerasi-eser-alt-basligi","status":"publish","type":"product","link":"https:\/\/roveyayinevi.com.tr\/index.php\/urun\/harper-gece-ormani-macerasi-eser-alt-basligi\/","title":{"rendered":"Harper Gece Orman\u0131 Maceras\u0131 Eser Alt Ba\u015fl\u0131\u011f\u0131"},"content":{"rendered":"<p>Harper ile arkada\u015flar\u0131 gizemli Gece Orman\u0131\u2019na geldiklerinde, planlar\u0131 b\u00fcy\u00fcl\u00fc Buz Kargas\u0131\u2019n\u0131 ele ge\u00e7irmektir. Ne var ki orman\u0131n peri masal\u0131 s\u0131rlar\u0131 yava\u015f yava\u015f g\u00fcn \u0131\u015f\u0131\u011f\u0131na \u00e7\u0131kar. \u00c7ocuklar \u00e7ok ge\u00e7meden Buz Kargas\u0131\u2019n\u0131n sihirli orman\u0131 sonsuza dek terk etmesinin ne anlama geldi\u011finin fark\u0131na var\u0131rlar.\u0130ngiltere\u2019de \u00e7ocuk kanallar\u0131n\u0131n \u00e7ok sevilen sunucusu Cerrie Burnell taraf\u0131ndan yaz\u0131lan dostlu\u011fa, peri masallar\u0131na ve maceraya dair bir \u00f6yk\u00fc. <\/p>\n","protected":false},"excerpt":{"rendered":"<p>Harper ile arkada\u015flar\u0131 gizemli Gece Orman\u0131\u2019na geldiklerinde, planlar\u0131 b\u00fcy\u00fcl\u00fc Buz Kargas\u0131\u2019n\u0131 ele ge\u00e7irmektir. Ne var ki orman\u0131n peri masal\u0131 s\u0131rlar\u0131 yava\u015f yava\u015f g\u00fcn \u0131\u015f\u0131\u011f\u0131na \u00e7\u0131kar. \u00c7ocuklar<span class=\"excerpt-hellip\"> [\u2026]<\/span><\/p>\n","protected":false},"featured_media":0,"template":"","meta":{"_monsterinsights_skip_tracking":false,"_monsterinsights_sitenote_active":false,"_monsterinsights_sitenote_note":"","_monsterinsights_sitenote_category":0},"product_brand":[],"product_cat":[12275,12274],"product_tag":[],"class_list":{"0":"post-713280","1":"product","2":"type-product","3":"status-publish","5":"product_cat-6-12-yas-kitaplari","6":"product_cat-cocuk-ve-genclik-kitaplari","7":"pa_cilt-ciltsiz","8":"pa_tur-kitap","9":"pa_yayinevi-is-bankasi-kultur-yayinlari","10":"pa_yazar-cerrie-burnell","12":"first","13":"instock","14":"sale","15":"shipping-taxable","16":"purchasable","17":"product-type-simple"},"_links":{"self":[{"href":"https:\/\/roveyayinevi.com.tr\/index.php\/wp-json\/wp\/v2\/product\/713280","targetHints":{"allow":["GET"]}}],"collection":[{"href":"https:\/\/roveyayinevi.com.tr\/index.php\/wp-json\/wp\/v2\/product"}],"about":[{"href":"https:\/\/roveyayinevi.com.tr\/index.php\/wp-json\/wp\/v2\/types\/product"}],"wp:attachment":[{"href":"https:\/\/roveyayinevi.com.tr\/index.php\/wp-json\/wp\/v2\/media?parent=713280"}],"wp:term":[{"taxonomy":"product_brand","embeddable":true,"href":"https:\/\/roveyayinevi.com.tr\/index.php\/wp-json\/wp\/v2\/product_brand?post=713280"},{"taxonomy":"product_cat","embeddable":true,"href":"https:\/\/roveyayinevi.com.tr\/index.php\/wp-json\/wp\/v2\/product_cat?post=713280"},{"taxonomy":"product_tag","embeddable":true,"href":"https:\/\/roveyayinevi.com.tr\/index.php\/wp-json\/wp\/v2\/product_tag?post=713280"}],"curies":[{"name":"wp","href":"https:\/\/api.w.org\/{rel}","templated":true}]}}